{"id":9885,"date":"2022-07-22T12:12:16","date_gmt":"2022-07-22T10:12:16","guid":{"rendered":"https:\/\/pbd.pl\/offer\/new-brand\/"},"modified":"2023-02-01T13:20:44","modified_gmt":"2023-02-01T12:20:44","slug":"new-brand","status":"publish","type":"page","link":"https:\/\/pbd.pl\/en\/offer\/new-brand\/","title":{"rendered":"New brand"},"content":{"rendered":"\n<div class=\"wp-block-group extra-margin-bottom is-style-intro is-layout-flow wp-block-group extra-margin-bottom-is-layout-flow\">\n<p>Nowa marka<\/p>\n<\/div>\n\n\n\n<div class=\"wp-block-group figure-is-first extra-margin-bottom is-style-side-abs-right is-layout-flow wp-block-group figure-is-first extra-margin-bottom-is-layout-flow\">\n<figure class=\"wp-block-image size-full\"><img decoding=\"async\" width=\"815\" height=\"564\" data-src=\"https:\/\/pbd.pl\/wp-content\/uploads\/2023\/02\/nowa-marka_icon.jpg\" alt=\"\" class=\"wp-image-11223 lazyload\" data-srcset=\"https:\/\/pbd.pl\/wp-content\/uploads\/2023\/02\/nowa-marka_icon.jpg 815w, https:\/\/pbd.pl\/wp-content\/uploads\/2023\/02\/nowa-marka_icon-800x554.jpg 800w, https:\/\/pbd.pl\/wp-content\/uploads\/2023\/02\/nowa-marka_icon-500x346.jpg 500w, https:\/\/pbd.pl\/wp-content\/uploads\/2023\/02\/nowa-marka_icon-768x531.jpg 768w\" data-sizes=\"(max-width: 815px) 100vw, 815px\" src=\"data:image\/svg+xml;base64,PHN2ZyB3aWR0aD0iMSIgaGVpZ2h0PSIxIiB4bWxucz0iaHR0cDovL3d3dy53My5vcmcvMjAwMC9zdmciPjwvc3ZnPg==\" style=\"--smush-placeholder-width: 815px; --smush-placeholder-aspect-ratio: 815\/564;\" \/><\/figure>\n\n\n\n<p>In the initial phase of development, rapid growth requires buyer attention, which branding helps to attract and retain. The new brand package focuses on getting attention quickly and positioning itself in the hearts and minds of customers.<\/p>\n\n\n\n<p class=\"has-small-font-size\">At Perform, we build brands so that customers, employees and investors feel that they are still in the same ecosystem.&nbsp;If we want to increase the likelihood that customers will choose a brand in the here and now, we need to focus on differentiation while maintaining consistency. Doing so improves marketing effectiveness over time and helps you grow.&nbsp;<\/p>\n\n\n\n<p>Our offer for debut brands includes:<\/p>\n\n\n\n<div id=\"acf-acc-block_5395242cc8a23e509e1255b8bcb27176\" class=\"acf-acc typo--small\">\n\n  \n  <div data-accordion class=\"acf-acc__row\">\n\n    <button class=\"acf-acc__trigger\" type=\"button\">\n\n      Brand strategy\n    <\/button>\n\n    <div class=\"acf-acc__content\">\n\n      <div class=\"acf-acc__content-inner\">\n\n        <div>An effective brand strategy translates directly into faster achievement of a company&#8217;s business goals. It is the foundation that determines how a brand is built and communicated. During the workshop, we will define what makes your brand perceived as authentic and, based on data, define how it differs from the competition.<\/div>\n<div>The strategic process includes analysis of competition, trends, current, future consumer needs, defining the brand vision, architecture, core, personality. We also help define a favourable positioning and associated communication strategy.<\/div>\n\n      <\/div>\n\n    <\/div>\n\n  <\/div>\n\n  \n  <div data-accordion class=\"acf-acc__row\">\n\n    <button class=\"acf-acc__trigger\" type=\"button\">\n\n      Brand name and slogan\n    <\/button>\n\n    <div class=\"acf-acc__content\">\n\n      <div class=\"acf-acc__content-inner\">\n\n        <p>A good name is an undeniable asset. Finding that one word that is light and easy to remember carries great potential. It supports the brand image and sets it apart from the competition. A good name with the right slogan makes a promise while allowing you to expand your brand.<br \/>\nWe create names for products, services, businesses or programmes, taking into account legal restrictions and the availability of internet domains. We extend each developed name with a semantic analysis and an analysis of typographic potential. We consider names in a broad context, taking into account the linguistic associations the brand may enter in the future, analysing historical, social and cultural connotations.<\/p>\n\n      <\/div>\n\n    <\/div>\n\n  <\/div>\n\n  \n  <div data-accordion class=\"acf-acc__row\">\n\n    <button class=\"acf-acc__trigger\" type=\"button\">\n\n      Logo and basic environment\n    <\/button>\n\n    <div class=\"acf-acc__content\">\n\n      <div class=\"acf-acc__content-inner\">\n\n        <p>The mark is the visual essence of the brand identity. Its character is encompassed by its colour, form and appropriately selected typeface. We guarantee that the elements, often invisible at first glance, create a harmonious whole.<\/p>\n\n      <\/div>\n\n    <\/div>\n\n  <\/div>\n\n  \n  <div data-accordion class=\"acf-acc__row\">\n\n    <button class=\"acf-acc__trigger\" type=\"button\">\n\n      Verbal identity\n    <\/button>\n\n    <div class=\"acf-acc__content\">\n\n      <div class=\"acf-acc__content-inner\">\n\n        <p>Brands speak, communicate and live through words. We create a unique brand language. We ensure that the words and language used by the brand connote positive associations, differentiate the brand from the competition and are tailored to the current needs and situations of the brand&#8217;s audience.<\/p>\n\n      <\/div>\n\n    <\/div>\n\n  <\/div>\n\n  \n  <div data-accordion class=\"acf-acc__row\">\n\n    <button class=\"acf-acc__trigger\" type=\"button\">\n\n      Visual identity\n    <\/button>\n\n    <div class=\"acf-acc__content\">\n\n      <div class=\"acf-acc__content-inner\">\n\n        <p>A corporate identity system is a practical tool for building a coherent image. A good SIW is characterised by flexibility, adapted to the needs of the company.<\/p>\n<p>The result of our work is a simple guide that can be used by any employee of the company. The system developed includes a detailed description of the key marketing materials and how to develop the system so that subsequent materials remain consistent with what we have developed.<\/p>\n\n      <\/div>\n\n    <\/div>\n\n  <\/div>\n\n  \n  <div data-accordion class=\"acf-acc__row\">\n\n    <button class=\"acf-acc__trigger\" type=\"button\">\n\n      Website and digital branding\n    <\/button>\n\n    <div class=\"acf-acc__content\">\n\n      <div class=\"acf-acc__content-inner\">\n\n        <p>In the world of the Internet, the user decides. That is why we design websites that understand the visitor. We implement the graphic design on a test server.<\/p>\n<p>We create graphics for social networks and advertising, advise where the new brand should be present, which actions to take and which to avoid. The designed message is understandable, the information is quickly accessible and the user experience is in line with what the brand wants to say about itself.<\/p>\n\n      <\/div>\n\n    <\/div>\n\n  <\/div>\n\n  \n  <div data-accordion class=\"acf-acc__row\">\n\n    <button class=\"acf-acc__trigger\" type=\"button\">\n\n      Print and digital materials\n    <\/button>\n\n    <div class=\"acf-acc__content\">\n\n      <div class=\"acf-acc__content-inner\">\n\n        <p>Depending on the sector and needs, the brand communicates with the public in a traditional way (catalogues, price lists, annual reports) or bases communication on a presence in the virtual world &#8211; new technologies, in forms of interactive presentation, animation or film. We design templates for printed and digital materials with a visual brand language that makes the brand instantly recognisable.<\/p>\n\n      <\/div>\n\n    <\/div>\n\n  <\/div>\n\n  \n  <div data-accordion class=\"acf-acc__row\">\n\n    <button class=\"acf-acc__trigger\" type=\"button\">\n\n      Packaging design\n    <\/button>\n\n    <div class=\"acf-acc__content\">\n\n      <div class=\"acf-acc__content-inner\">\n\n        <p>Good packaging protects, promotes, builds brand awareness and supports product sales. The shelf is the most competitive marketing environment &#8211; so it is crucial that the packaging leads the customers&#8217; gaze, stands out, but remains consistent within the product line.<\/p>\n<p>We take care of the visual side of the packaging, and we also do structural design, as shapes are the strongest brand assets. We oversee the entire process, from concept to mock-ups to the preparation of proofs, ensuring a confident, realistic result.<\/p>\n\n      <\/div>\n\n    <\/div>\n\n  <\/div>\n\n  \n  <div data-accordion class=\"acf-acc__row\">\n\n    <button class=\"acf-acc__trigger\" type=\"button\">\n\n      Cooperation with a patent attorney\n    <\/button>\n\n    <div class=\"acf-acc__content\">\n\n      <div class=\"acf-acc__content-inner\">\n\n        <p>The brand security guaranteed by trademark protection is fundamental in building competitive barriers. This is why we cooperate with an experienced firm of patent attorneys. The names and marks that we design are each time subjected to a preliminary analysis in terms of industry conflict in Poland and the EU. This ensures that the presented names and marks can be registered, even before the client starts the registration process.<\/p>\n\n      <\/div>\n\n    <\/div>\n\n  <\/div>\n\n  \n  <div data-accordion class=\"acf-acc__row\">\n\n    <button class=\"acf-acc__trigger\" type=\"button\">\n\n      Brand care\n    <\/button>\n\n    <div class=\"acf-acc__content\">\n\n      <div class=\"acf-acc__content-inner\">\n\n        <p>We accompany the brands we design at every stage of project implementation. We cooperate with manufacturers and printers with different profiles and specialisations. We advise on the choice of subcontractors and technical solutions. We make sure that the client knows what effect to expect when working independently with contractors in the future. We support the company in creating a consistent brand image.<\/p>\n\n      <\/div>\n\n    <\/div>\n\n  <\/div>\n\n  \n<\/div>\n\n<\/div>\n\n\n\n<p>See also<\/p>\n\n\n\n<div style=\"height:100px\" aria-hidden=\"true\" class=\"wp-block-spacer\"><\/div>\n\n\n\n<nav id=\"acf-pt-block_c587bee9a338f4be87f889366fe96cb7\" class=\"acf-pt typo--small\">\n\n  <ul class=\"acf-pt__grid acf-pt__grid--wide\">\n\n    \n    <li class=\"acf-pt__item\">\n\n      <h3>Brand in crisis<\/h3>\n\n      <a class=\"acf-pt__figure \" href=\"https:\/\/pbd.pl\/en\/offer\/marka-w-kryzysie\/\">\n\n        <img decoding=\"async\" width=\"500\" height=\"346\" data-src=\"https:\/\/pbd.pl\/wp-content\/uploads\/2023\/02\/marka_w_kryzysie_icon-500x346.jpg\" class=\"attachment-thumbnail size-thumbnail wp-post-image lazyload\" alt=\"\" data-srcset=\"https:\/\/pbd.pl\/wp-content\/uploads\/2023\/02\/marka_w_kryzysie_icon-500x346.jpg 500w, https:\/\/pbd.pl\/wp-content\/uploads\/2023\/02\/marka_w_kryzysie_icon.jpg 740w\" data-sizes=\"(max-width: 500px) 100vw, 500px\" src=\"data:image\/svg+xml;base64,PHN2ZyB3aWR0aD0iMSIgaGVpZ2h0PSIxIiB4bWxucz0iaHR0cDovL3d3dy53My5vcmcvMjAwMC9zdmciPjwvc3ZnPg==\" style=\"--smush-placeholder-width: 500px; --smush-placeholder-aspect-ratio: 500\/346;\" \/>\n      <\/a>\n\n      <p>Rebranding. The process can provide an opportunity to re-shape the brand image in the eyes of buyers. Standardisation will significantly reduce the cost of a company&#8217;s marketing service, facilitate expansion and introduce new offers more quickly.<\/p>\n\n      <a class=\"acf-pt__link typo__button\" href=\"https:\/\/pbd.pl\/en\/offer\/marka-w-kryzysie\/\">Read more<\/a>\n\n    <\/li>\n\n    \n    <li class=\"acf-pt__item\">\n\n      <h3>Branding in development<\/h3>\n\n      <a class=\"acf-pt__figure \" href=\"https:\/\/pbd.pl\/en\/offer\/branding-in-development\/\">\n\n        <img decoding=\"async\" width=\"500\" height=\"346\" data-src=\"https:\/\/pbd.pl\/wp-content\/uploads\/2023\/02\/marka_w_rozwoju_icon-500x346.jpg\" class=\"attachment-thumbnail size-thumbnail wp-post-image lazyload\" alt=\"\" data-srcset=\"https:\/\/pbd.pl\/wp-content\/uploads\/2023\/02\/marka_w_rozwoju_icon-500x346.jpg 500w, https:\/\/pbd.pl\/wp-content\/uploads\/2023\/02\/marka_w_rozwoju_icon-800x554.jpg 800w, https:\/\/pbd.pl\/wp-content\/uploads\/2023\/02\/marka_w_rozwoju_icon-768x531.jpg 768w, https:\/\/pbd.pl\/wp-content\/uploads\/2023\/02\/marka_w_rozwoju_icon.jpg 815w\" data-sizes=\"(max-width: 500px) 100vw, 500px\" src=\"data:image\/svg+xml;base64,PHN2ZyB3aWR0aD0iMSIgaGVpZ2h0PSIxIiB4bWxucz0iaHR0cDovL3d3dy53My5vcmcvMjAwMC9zdmciPjwvc3ZnPg==\" style=\"--smush-placeholder-width: 500px; --smush-placeholder-aspect-ratio: 500\/346;\" \/>\n      <\/a>\n\n      <p>Refreshing. There comes a point in every brand&#8217;s life when the image no longer keeps up with the company. Together, we will identify the capital that the brand has built and develop ways to continuously strengthen its position in the market.<\/p>\n\n      <a class=\"acf-pt__link typo__button\" href=\"https:\/\/pbd.pl\/en\/offer\/branding-in-development\/\">Read more<\/a>\n\n    <\/li>\n\n    \n  <\/ul>\n\n<\/nav>\n\n","protected":false},"excerpt":{"rendered":"<p>Branding. The task of a brand that is new, just launched on the market or in the initial growth phase is to win the acceptance of buyers. We will help you define its original positioning and create a unique image for your company, product or service.<\/p>\n","protected":false},"author":1,"featured_media":11223,"parent":9377,"menu_order":10,"comment_status":"closed","ping_status":"closed","template":"","meta":{"_acf_changed":false,"inline_featured_image":false,"footnotes":""},"class_list":["post-9885","page","type-page","status-publish","has-post-thumbnail","hentry"],"acf":[],"yoast_head":"<!-- This site is optimized with the Yoast SEO plugin v26.8 - https:\/\/yoast.com\/product\/yoast-seo-wordpress\/ -->\n<title>New brand - Perform Brand Design<\/title>\n<meta name=\"robots\" content=\"index, follow, max-snippet:-1, max-image-preview:large, max-video-preview:-1\" \/>\n<link rel=\"canonical\" href=\"https:\/\/pbd.pl\/en\/offer\/new-brand\/\" \/>\n<meta property=\"og:locale\" content=\"en_US\" \/>\n<meta property=\"og:type\" content=\"article\" \/>\n<meta property=\"og:title\" content=\"New brand - Perform Brand Design\" \/>\n<meta property=\"og:description\" content=\"Branding. The task of a brand that is new, just launched on the market or in the initial growth phase is to win the acceptance of buyers. We will help you define its original positioning and create a unique image for your company, product or service.\" \/>\n<meta property=\"og:url\" content=\"https:\/\/pbd.pl\/en\/offer\/new-brand\/\" \/>\n<meta property=\"og:site_name\" content=\"Perform Brand Design\" \/>\n<meta property=\"article:publisher\" content=\"https:\/\/facebook.com\/PerformBrandDesign\/\" \/>\n<meta property=\"article:modified_time\" content=\"2023-02-01T12:20:44+00:00\" \/>\n<meta property=\"og:image\" content=\"https:\/\/pbd.pl\/wp-content\/uploads\/2023\/02\/nowa-marka_icon.jpg\" \/>\n\t<meta property=\"og:image:width\" content=\"815\" \/>\n\t<meta property=\"og:image:height\" content=\"564\" \/>\n\t<meta property=\"og:image:type\" content=\"image\/jpeg\" \/>\n<meta name=\"twitter:card\" content=\"summary_large_image\" \/>\n<meta name=\"twitter:label1\" content=\"Est. reading time\" \/>\n\t<meta name=\"twitter:data1\" content=\"1 minute\" \/>\n<script type=\"application\/ld+json\" class=\"yoast-schema-graph\">{\"@context\":\"https:\/\/schema.org\",\"@graph\":[{\"@type\":\"WebPage\",\"@id\":\"https:\/\/pbd.pl\/en\/offer\/new-brand\/\",\"url\":\"https:\/\/pbd.pl\/en\/offer\/new-brand\/\",\"name\":\"New brand - Perform Brand Design\",\"isPartOf\":{\"@id\":\"https:\/\/pbd.pl\/#website\"},\"primaryImageOfPage\":{\"@id\":\"https:\/\/pbd.pl\/en\/offer\/new-brand\/#primaryimage\"},\"image\":{\"@id\":\"https:\/\/pbd.pl\/en\/offer\/new-brand\/#primaryimage\"},\"thumbnailUrl\":\"https:\/\/pbd.pl\/wp-content\/uploads\/2023\/02\/nowa-marka_icon.jpg\",\"datePublished\":\"2022-07-22T10:12:16+00:00\",\"dateModified\":\"2023-02-01T12:20:44+00:00\",\"breadcrumb\":{\"@id\":\"https:\/\/pbd.pl\/en\/offer\/new-brand\/#breadcrumb\"},\"inLanguage\":\"en-US\",\"potentialAction\":[{\"@type\":\"ReadAction\",\"target\":[\"https:\/\/pbd.pl\/en\/offer\/new-brand\/\"]}]},{\"@type\":\"ImageObject\",\"inLanguage\":\"en-US\",\"@id\":\"https:\/\/pbd.pl\/en\/offer\/new-brand\/#primaryimage\",\"url\":\"https:\/\/pbd.pl\/wp-content\/uploads\/2023\/02\/nowa-marka_icon.jpg\",\"contentUrl\":\"https:\/\/pbd.pl\/wp-content\/uploads\/2023\/02\/nowa-marka_icon.jpg\",\"width\":815,\"height\":564},{\"@type\":\"BreadcrumbList\",\"@id\":\"https:\/\/pbd.pl\/en\/offer\/new-brand\/#breadcrumb\",\"itemListElement\":[{\"@type\":\"ListItem\",\"position\":1,\"name\":\"Strona g\u0142\u00f3wna\",\"item\":\"https:\/\/pbd.pl\/en\/\"},{\"@type\":\"ListItem\",\"position\":2,\"name\":\"Offer\",\"item\":\"https:\/\/pbd.pl\/en\/offer\/\"},{\"@type\":\"ListItem\",\"position\":3,\"name\":\"New brand\"}]},{\"@type\":\"WebSite\",\"@id\":\"https:\/\/pbd.pl\/#website\",\"url\":\"https:\/\/pbd.pl\/\",\"name\":\"Perform Brand Design\",\"description\":\"Zajmujemy zajmuje si\u0119 tworzeniem i budow\u0105 marek pod k\u0105tem strategicznym i kreatywnym.\",\"publisher\":{\"@id\":\"https:\/\/pbd.pl\/#organization\"},\"potentialAction\":[{\"@type\":\"SearchAction\",\"target\":{\"@type\":\"EntryPoint\",\"urlTemplate\":\"https:\/\/pbd.pl\/?s={search_term_string}\"},\"query-input\":{\"@type\":\"PropertyValueSpecification\",\"valueRequired\":true,\"valueName\":\"search_term_string\"}}],\"inLanguage\":\"en-US\"},{\"@type\":\"Organization\",\"@id\":\"https:\/\/pbd.pl\/#organization\",\"name\":\"Perform Brand Design\",\"url\":\"https:\/\/pbd.pl\/\",\"logo\":{\"@type\":\"ImageObject\",\"inLanguage\":\"en-US\",\"@id\":\"https:\/\/pbd.pl\/#\/schema\/logo\/image\/\",\"url\":\"https:\/\/pbd.pl\/wp-content\/uploads\/2022\/08\/PBDsquare.jpg\",\"contentUrl\":\"https:\/\/pbd.pl\/wp-content\/uploads\/2022\/08\/PBDsquare.jpg\",\"width\":1200,\"height\":1200,\"caption\":\"Perform Brand Design\"},\"image\":{\"@id\":\"https:\/\/pbd.pl\/#\/schema\/logo\/image\/\"},\"sameAs\":[\"https:\/\/facebook.com\/PerformBrandDesign\/\",\"https:\/\/linkedin.com\/company\/performbranddesign\/\",\"https:\/\/www.instagram.com\/pbd.pl\/\"]}]}<\/script>\n<!-- \/ Yoast SEO plugin. -->","yoast_head_json":{"title":"New brand - Perform Brand Design","robots":{"index":"index","follow":"follow","max-snippet":"max-snippet:-1","max-image-preview":"max-image-preview:large","max-video-preview":"max-video-preview:-1"},"canonical":"https:\/\/pbd.pl\/en\/offer\/new-brand\/","og_locale":"en_US","og_type":"article","og_title":"New brand - Perform Brand Design","og_description":"Branding. The task of a brand that is new, just launched on the market or in the initial growth phase is to win the acceptance of buyers. We will help you define its original positioning and create a unique image for your company, product or service.","og_url":"https:\/\/pbd.pl\/en\/offer\/new-brand\/","og_site_name":"Perform Brand Design","article_publisher":"https:\/\/facebook.com\/PerformBrandDesign\/","article_modified_time":"2023-02-01T12:20:44+00:00","og_image":[{"width":815,"height":564,"url":"https:\/\/pbd.pl\/wp-content\/uploads\/2023\/02\/nowa-marka_icon.jpg","type":"image\/jpeg"}],"twitter_card":"summary_large_image","twitter_misc":{"Est. reading time":"1 minute"},"schema":{"@context":"https:\/\/schema.org","@graph":[{"@type":"WebPage","@id":"https:\/\/pbd.pl\/en\/offer\/new-brand\/","url":"https:\/\/pbd.pl\/en\/offer\/new-brand\/","name":"New brand - Perform Brand Design","isPartOf":{"@id":"https:\/\/pbd.pl\/#website"},"primaryImageOfPage":{"@id":"https:\/\/pbd.pl\/en\/offer\/new-brand\/#primaryimage"},"image":{"@id":"https:\/\/pbd.pl\/en\/offer\/new-brand\/#primaryimage"},"thumbnailUrl":"https:\/\/pbd.pl\/wp-content\/uploads\/2023\/02\/nowa-marka_icon.jpg","datePublished":"2022-07-22T10:12:16+00:00","dateModified":"2023-02-01T12:20:44+00:00","breadcrumb":{"@id":"https:\/\/pbd.pl\/en\/offer\/new-brand\/#breadcrumb"},"inLanguage":"en-US","potentialAction":[{"@type":"ReadAction","target":["https:\/\/pbd.pl\/en\/offer\/new-brand\/"]}]},{"@type":"ImageObject","inLanguage":"en-US","@id":"https:\/\/pbd.pl\/en\/offer\/new-brand\/#primaryimage","url":"https:\/\/pbd.pl\/wp-content\/uploads\/2023\/02\/nowa-marka_icon.jpg","contentUrl":"https:\/\/pbd.pl\/wp-content\/uploads\/2023\/02\/nowa-marka_icon.jpg","width":815,"height":564},{"@type":"BreadcrumbList","@id":"https:\/\/pbd.pl\/en\/offer\/new-brand\/#breadcrumb","itemListElement":[{"@type":"ListItem","position":1,"name":"Strona g\u0142\u00f3wna","item":"https:\/\/pbd.pl\/en\/"},{"@type":"ListItem","position":2,"name":"Offer","item":"https:\/\/pbd.pl\/en\/offer\/"},{"@type":"ListItem","position":3,"name":"New brand"}]},{"@type":"WebSite","@id":"https:\/\/pbd.pl\/#website","url":"https:\/\/pbd.pl\/","name":"Perform Brand Design","description":"Zajmujemy zajmuje si\u0119 tworzeniem i budow\u0105 marek pod k\u0105tem strategicznym i kreatywnym.","publisher":{"@id":"https:\/\/pbd.pl\/#organization"},"potentialAction":[{"@type":"SearchAction","target":{"@type":"EntryPoint","urlTemplate":"https:\/\/pbd.pl\/?s={search_term_string}"},"query-input":{"@type":"PropertyValueSpecification","valueRequired":true,"valueName":"search_term_string"}}],"inLanguage":"en-US"},{"@type":"Organization","@id":"https:\/\/pbd.pl\/#organization","name":"Perform Brand Design","url":"https:\/\/pbd.pl\/","logo":{"@type":"ImageObject","inLanguage":"en-US","@id":"https:\/\/pbd.pl\/#\/schema\/logo\/image\/","url":"https:\/\/pbd.pl\/wp-content\/uploads\/2022\/08\/PBDsquare.jpg","contentUrl":"https:\/\/pbd.pl\/wp-content\/uploads\/2022\/08\/PBDsquare.jpg","width":1200,"height":1200,"caption":"Perform Brand Design"},"image":{"@id":"https:\/\/pbd.pl\/#\/schema\/logo\/image\/"},"sameAs":["https:\/\/facebook.com\/PerformBrandDesign\/","https:\/\/linkedin.com\/company\/performbranddesign\/","https:\/\/www.instagram.com\/pbd.pl\/"]}]}},"_links":{"self":[{"href":"https:\/\/pbd.pl\/en\/wp-json\/wp\/v2\/pages\/9885","targetHints":{"allow":["GET"]}}],"collection":[{"href":"https:\/\/pbd.pl\/en\/wp-json\/wp\/v2\/pages"}],"about":[{"href":"https:\/\/pbd.pl\/en\/wp-json\/wp\/v2\/types\/page"}],"author":[{"embeddable":true,"href":"https:\/\/pbd.pl\/en\/wp-json\/wp\/v2\/users\/1"}],"replies":[{"embeddable":true,"href":"https:\/\/pbd.pl\/en\/wp-json\/wp\/v2\/comments?post=9885"}],"version-history":[{"count":11,"href":"https:\/\/pbd.pl\/en\/wp-json\/wp\/v2\/pages\/9885\/revisions"}],"predecessor-version":[{"id":11226,"href":"https:\/\/pbd.pl\/en\/wp-json\/wp\/v2\/pages\/9885\/revisions\/11226"}],"up":[{"embeddable":true,"href":"https:\/\/pbd.pl\/en\/wp-json\/wp\/v2\/pages\/9377"}],"wp:featuredmedia":[{"embeddable":true,"href":"https:\/\/pbd.pl\/en\/wp-json\/wp\/v2\/media\/11223"}],"wp:attachment":[{"href":"https:\/\/pbd.pl\/en\/wp-json\/wp\/v2\/media?parent=9885"}],"curies":[{"name":"wp","href":"https:\/\/api.w.org\/{rel}","templated":true}]}}