{"id":9880,"date":"2022-07-22T12:12:39","date_gmt":"2022-07-22T10:12:39","guid":{"rendered":"https:\/\/pbd.pl\/offer\/marka-w-kryzysie\/"},"modified":"2023-02-01T13:22:39","modified_gmt":"2023-02-01T12:22:39","slug":"marka-w-kryzysie","status":"publish","type":"page","link":"https:\/\/pbd.pl\/en\/offer\/marka-w-kryzysie\/","title":{"rendered":"Brand in crisis"},"content":{"rendered":"\n<div class=\"wp-block-group extra-margin-bottom is-style-intro is-layout-flow wp-block-group extra-margin-bottom-is-layout-flow\">\n<h1 class=\"wp-block-heading\">Brand in crisis<\/h1>\n<\/div>\n\n\n\n<div class=\"wp-block-group figure-is-first extra-margin-bottom is-style-side-abs-right is-layout-flow wp-block-group figure-is-first extra-margin-bottom-is-layout-flow\">\n<figure class=\"wp-block-image size-full\"><img decoding=\"async\" width=\"740\" height=\"512\" data-src=\"https:\/\/pbd.pl\/wp-content\/uploads\/2023\/02\/marka_w_kryzysie_icon.jpg\" alt=\"\" class=\"wp-image-11227 lazyload\" data-srcset=\"https:\/\/pbd.pl\/wp-content\/uploads\/2023\/02\/marka_w_kryzysie_icon.jpg 740w, https:\/\/pbd.pl\/wp-content\/uploads\/2023\/02\/marka_w_kryzysie_icon-500x346.jpg 500w\" data-sizes=\"(max-width: 740px) 100vw, 740px\" src=\"data:image\/svg+xml;base64,PHN2ZyB3aWR0aD0iMSIgaGVpZ2h0PSIxIiB4bWxucz0iaHR0cDovL3d3dy53My5vcmcvMjAwMC9zdmciPjwvc3ZnPg==\" style=\"--smush-placeholder-width: 740px; --smush-placeholder-aspect-ratio: 740\/512;\" \/><\/figure>\n\n\n\n<p>In competitive markets, a good product is definitely not enough. In a crisis, customers choose brands with a credible image, so when business growth slows down, it is worth asking yourself a few questions.<\/p>\n\n\n\n<p class=\"has-small-font-size\">How to grow despite adverse external conditions? What will make a brand resist a crisis? Can we keep up with the dynamically evolving environment? Does our strategy require adaptation to changing times?<\/p>\n\n\n\n<p class=\"has-small-font-size\">Are we appropriately highlighting brand values? We also talk about a crisis in the life of a brand when problems arise within the organisation &#8211; marketing requires large investments, despite which the brand fails to meet its image goals.<\/p>\n<\/div>\n\n\n\n<div class=\"wp-block-group extra-margin-bottom is-style-side-right is-layout-flow wp-block-group extra-margin-bottom-is-layout-flow\">\n<p>Our offer to brands in crisis is:<\/p>\n\n\n\n<div id=\"acf-acc-block_7903a5d0424ffb092e3ad79ce743b313\" class=\"acf-acc typo--small\">\n\n  \n  <div data-accordion class=\"acf-acc__row\">\n\n    <button class=\"acf-acc__trigger\" type=\"button\">\n\n      Diagnosis of the sources of the crisis\n    <\/button>\n\n    <div class=\"acf-acc__content\">\n\n      <div class=\"acf-acc__content-inner\">\n\n        <p>Brands that have been present in the minds of consumers for years, sometimes it is enough just to adapt the brand to the current needs of buyers, but when the causes of the crisis lie deeper &#8211; the situation requires a comprehensive approach.<\/p>\n<p>During a crisis, research, a marketing audit and a visual audit are the cornerstones of action, in order to find the points where the brand is losing.<\/p>\n\n      <\/div>\n\n    <\/div>\n\n  <\/div>\n\n  \n  <div data-accordion class=\"acf-acc__row\">\n\n    <button class=\"acf-acc__trigger\" type=\"button\">\n\n      Redefining the strategy\n    <\/button>\n\n    <div class=\"acf-acc__content\">\n\n      <div class=\"acf-acc__content-inner\">\n\n        <p>The crisis is dictating new rules of the game. And the great art is to define well what, in the current conditions, our brand can offer to the general public and what the competitive, legal or cultural environment allows it to do at the moment. For a brand in crisis, we help it to find and redefine everything that makes it unique, above all in the context of evolving market preferences and the environment in which it has come to compete for a stronger position. The brand planning process makes it possible to concretise its strengths and unique character, which, when translated into a specific creative solution, will give the brand a whole new expressiveness once again.<\/p>\n\n      <\/div>\n\n    <\/div>\n\n  <\/div>\n\n  \n  <div data-accordion class=\"acf-acc__row\">\n\n    <button class=\"acf-acc__trigger\" type=\"button\">\n\n      Lifting \/ new logo\n    <\/button>\n\n    <div class=\"acf-acc__content\">\n\n      <div class=\"acf-acc__content-inner\">\n\n        <p>Although humans communicate primarily verbally, they interpret reality through what they see. As a result of evolution, we rely primarily on sight, recognising shapes and gestures &#8211; which is why it is so important to manifest change primarily in visual terms.<\/p>\n<p>New branding will evoke a new brand message and instil information in the observer&#8217;s mind about how the brand is changing, and that it is changing for the better. A good sign is not enough to make the change effective. However, it should be one of the audience&#8217;s first new visual experiences.<\/p>\n\n      <\/div>\n\n    <\/div>\n\n  <\/div>\n\n  \n  <div data-accordion class=\"acf-acc__row\">\n\n    <button class=\"acf-acc__trigger\" type=\"button\">\n\n      New visual and verbal identity\n    <\/button>\n\n    <div class=\"acf-acc__content\">\n\n      <div class=\"acf-acc__content-inner\">\n\n        <p>The name, logo, colour scheme, company slogan may change. It may also happen that a well-designed, previously used logo will remain untouched, and what will be reordered is the brand image. In an era of dynamic transformation, where marketing can no longer be planned for years, it is the brand that is the universal guarantee of the unchanging quality of the products or services offered. For this reason, we rely on standardisation in the rebranding process. Logical and flexible principles of consistency, through day-to-day application, will build the core around which all the organisation&#8217;s marketing activities will be planned.<\/p>\n\n      <\/div>\n\n    <\/div>\n\n  <\/div>\n\n  \n  <div data-accordion class=\"acf-acc__row\">\n\n    <button class=\"acf-acc__trigger\" type=\"button\">\n\n      Execution and management of change\n    <\/button>\n\n    <div class=\"acf-acc__content\">\n\n      <div class=\"acf-acc__content-inner\">\n\n        <p>New visual identity system principles are usually introduced evolutionarily. Key areas of brand presence and points of contact are redesigned one by one: digital area, printed materials, packaging lines and small architecture. Informing other employees of the upcoming change is preceded by a survey, testing both the knowledge and mood of the teams regarding the new challenges. We give presentations familiarising them with the change and teach them how to use the new rules. The presence of an outsider is particularly important when the first doubts arise on people&#8217;s part. We are of the opinion that it is the strategists and designers who will most accurately answer all the questions of the team working on the brand in person.<\/p>\n\n      <\/div>\n\n    <\/div>\n\n  <\/div>\n\n  \n  <div data-accordion class=\"acf-acc__row\">\n\n    <button class=\"acf-acc__trigger\" type=\"button\">\n\n      Standardisation manual (brand manual)\n    <\/button>\n\n    <div class=\"acf-acc__content\">\n\n      <div class=\"acf-acc__content-inner\">\n\n        <p>A brand in times of crisis needs to be distinctive. At Perform, we place particular emphasis on the visual aspect of the brand and its consistency. We make the brand communicate the content we have chosen. Every detail has to be perfect and the rules for designing individual materials and developing the identity system collected and described in a manual. Correct is no longer enough. Our manuals provide a practical tool that can be used by anyone, so that building visual consistency is no longer a challenge for marketers, graphic design departments or external agencies alike.<\/p>\n\n      <\/div>\n\n    <\/div>\n\n  <\/div>\n\n  \n  <div data-accordion class=\"acf-acc__row\">\n\n    <button class=\"acf-acc__trigger\" type=\"button\">\n\n      Brand care\n    <\/button>\n\n    <div class=\"acf-acc__content\">\n\n      <div class=\"acf-acc__content-inner\">\n\n        <p>In a crisis, excellent quality and the absolute consistency of each project become strong differentiators. This is why we stay with brands in crisis. We make sure that the look and feel we have developed together is not lost over time or distorted. We support companies in brand management so that the brand actually builds a new, strong and positive relationship with its audience.<\/p>\n\n      <\/div>\n\n    <\/div>\n\n  <\/div>\n\n  \n<\/div>\n\n<\/div>\n\n\n\n<p>See also<\/p>\n\n\n\n<nav id=\"acf-pt-block_f4a1e201fbd0650ca21b9ea772076adb\" class=\"acf-pt typo--small\">\n\n  <ul class=\"acf-pt__grid acf-pt__grid--wide\">\n\n    \n    <li class=\"acf-pt__item\">\n\n      <h3>Branding in development<\/h3>\n\n      <a class=\"acf-pt__figure \" href=\"https:\/\/pbd.pl\/en\/offer\/branding-in-development\/\">\n\n        <img decoding=\"async\" width=\"500\" height=\"346\" data-src=\"https:\/\/pbd.pl\/wp-content\/uploads\/2023\/02\/marka_w_rozwoju_icon-500x346.jpg\" class=\"attachment-thumbnail size-thumbnail wp-post-image lazyload\" alt=\"\" data-srcset=\"https:\/\/pbd.pl\/wp-content\/uploads\/2023\/02\/marka_w_rozwoju_icon-500x346.jpg 500w, https:\/\/pbd.pl\/wp-content\/uploads\/2023\/02\/marka_w_rozwoju_icon-800x554.jpg 800w, https:\/\/pbd.pl\/wp-content\/uploads\/2023\/02\/marka_w_rozwoju_icon-768x531.jpg 768w, https:\/\/pbd.pl\/wp-content\/uploads\/2023\/02\/marka_w_rozwoju_icon.jpg 815w\" data-sizes=\"(max-width: 500px) 100vw, 500px\" src=\"data:image\/svg+xml;base64,PHN2ZyB3aWR0aD0iMSIgaGVpZ2h0PSIxIiB4bWxucz0iaHR0cDovL3d3dy53My5vcmcvMjAwMC9zdmciPjwvc3ZnPg==\" style=\"--smush-placeholder-width: 500px; --smush-placeholder-aspect-ratio: 500\/346;\" \/>\n      <\/a>\n\n      <p>Refreshing. There comes a point in every brand&#8217;s life when the image no longer keeps up with the company. Together, we will identify the capital that the brand has built and develop ways to continuously strengthen its position in the market.<\/p>\n\n      <a class=\"acf-pt__link typo__button\" href=\"https:\/\/pbd.pl\/en\/offer\/branding-in-development\/\">Read more<\/a>\n\n    <\/li>\n\n    \n    <li class=\"acf-pt__item\">\n\n      <h3>New brand<\/h3>\n\n      <a class=\"acf-pt__figure \" href=\"https:\/\/pbd.pl\/en\/offer\/new-brand\/\">\n\n        <img decoding=\"async\" width=\"500\" height=\"346\" data-src=\"https:\/\/pbd.pl\/wp-content\/uploads\/2023\/02\/nowa-marka_icon-500x346.jpg\" class=\"attachment-thumbnail size-thumbnail wp-post-image lazyload\" alt=\"\" data-srcset=\"https:\/\/pbd.pl\/wp-content\/uploads\/2023\/02\/nowa-marka_icon-500x346.jpg 500w, https:\/\/pbd.pl\/wp-content\/uploads\/2023\/02\/nowa-marka_icon-800x554.jpg 800w, https:\/\/pbd.pl\/wp-content\/uploads\/2023\/02\/nowa-marka_icon-768x531.jpg 768w, https:\/\/pbd.pl\/wp-content\/uploads\/2023\/02\/nowa-marka_icon.jpg 815w\" data-sizes=\"(max-width: 500px) 100vw, 500px\" src=\"data:image\/svg+xml;base64,PHN2ZyB3aWR0aD0iMSIgaGVpZ2h0PSIxIiB4bWxucz0iaHR0cDovL3d3dy53My5vcmcvMjAwMC9zdmciPjwvc3ZnPg==\" style=\"--smush-placeholder-width: 500px; --smush-placeholder-aspect-ratio: 500\/346;\" \/>\n      <\/a>\n\n      <p>Branding. The task of a brand that is new, just launched on the market or in the initial growth phase is to win the acceptance of buyers. We will help you define its original positioning and create a unique image for your company, product or service.<\/p>\n\n      <a class=\"acf-pt__link typo__button\" href=\"https:\/\/pbd.pl\/en\/offer\/new-brand\/\">Read more<\/a>\n\n    <\/li>\n\n    \n  <\/ul>\n\n<\/nav>\n\n","protected":false},"excerpt":{"rendered":"<p>Rebranding. The process can provide an opportunity to re-shape the brand image in the eyes of buyers. Standardisation will significantly reduce the cost of a company&#8217;s marketing service, facilitate expansion and introduce new offers more quickly.<\/p>\n","protected":false},"author":1,"featured_media":11227,"parent":9377,"menu_order":12,"comment_status":"closed","ping_status":"closed","template":"","meta":{"_acf_changed":false,"inline_featured_image":false,"footnotes":""},"class_list":["post-9880","page","type-page","status-publish","has-post-thumbnail","hentry"],"acf":[],"yoast_head":"<!-- This site is optimized with the Yoast SEO plugin v26.8 - https:\/\/yoast.com\/product\/yoast-seo-wordpress\/ -->\n<title>Brand in crisis - Perform Brand Design<\/title>\n<meta name=\"robots\" content=\"index, follow, max-snippet:-1, max-image-preview:large, max-video-preview:-1\" \/>\n<link rel=\"canonical\" href=\"https:\/\/pbd.pl\/en\/offer\/marka-w-kryzysie\/\" \/>\n<meta property=\"og:locale\" content=\"en_US\" \/>\n<meta property=\"og:type\" content=\"article\" \/>\n<meta property=\"og:title\" content=\"Brand in crisis - Perform Brand Design\" \/>\n<meta property=\"og:description\" content=\"Rebranding. The process can provide an opportunity to re-shape the brand image in the eyes of buyers. Standardisation will significantly reduce the cost of a company&#039;s marketing service, facilitate expansion and introduce new offers more quickly.\" \/>\n<meta property=\"og:url\" content=\"https:\/\/pbd.pl\/en\/offer\/marka-w-kryzysie\/\" \/>\n<meta property=\"og:site_name\" content=\"Perform Brand Design\" \/>\n<meta property=\"article:publisher\" content=\"https:\/\/facebook.com\/PerformBrandDesign\/\" \/>\n<meta property=\"article:modified_time\" content=\"2023-02-01T12:22:39+00:00\" \/>\n<meta property=\"og:image\" content=\"https:\/\/pbd.pl\/wp-content\/uploads\/2023\/02\/marka_w_kryzysie_icon.jpg\" \/>\n\t<meta property=\"og:image:width\" content=\"740\" \/>\n\t<meta property=\"og:image:height\" content=\"512\" \/>\n\t<meta property=\"og:image:type\" content=\"image\/jpeg\" \/>\n<meta name=\"twitter:card\" content=\"summary_large_image\" \/>\n<meta name=\"twitter:label1\" content=\"Est. reading time\" \/>\n\t<meta name=\"twitter:data1\" content=\"1 minute\" \/>\n<script type=\"application\/ld+json\" class=\"yoast-schema-graph\">{\"@context\":\"https:\/\/schema.org\",\"@graph\":[{\"@type\":\"WebPage\",\"@id\":\"https:\/\/pbd.pl\/en\/offer\/marka-w-kryzysie\/\",\"url\":\"https:\/\/pbd.pl\/en\/offer\/marka-w-kryzysie\/\",\"name\":\"Brand in crisis - Perform Brand Design\",\"isPartOf\":{\"@id\":\"https:\/\/pbd.pl\/#website\"},\"primaryImageOfPage\":{\"@id\":\"https:\/\/pbd.pl\/en\/offer\/marka-w-kryzysie\/#primaryimage\"},\"image\":{\"@id\":\"https:\/\/pbd.pl\/en\/offer\/marka-w-kryzysie\/#primaryimage\"},\"thumbnailUrl\":\"https:\/\/pbd.pl\/wp-content\/uploads\/2023\/02\/marka_w_kryzysie_icon.jpg\",\"datePublished\":\"2022-07-22T10:12:39+00:00\",\"dateModified\":\"2023-02-01T12:22:39+00:00\",\"breadcrumb\":{\"@id\":\"https:\/\/pbd.pl\/en\/offer\/marka-w-kryzysie\/#breadcrumb\"},\"inLanguage\":\"en-US\",\"potentialAction\":[{\"@type\":\"ReadAction\",\"target\":[\"https:\/\/pbd.pl\/en\/offer\/marka-w-kryzysie\/\"]}]},{\"@type\":\"ImageObject\",\"inLanguage\":\"en-US\",\"@id\":\"https:\/\/pbd.pl\/en\/offer\/marka-w-kryzysie\/#primaryimage\",\"url\":\"https:\/\/pbd.pl\/wp-content\/uploads\/2023\/02\/marka_w_kryzysie_icon.jpg\",\"contentUrl\":\"https:\/\/pbd.pl\/wp-content\/uploads\/2023\/02\/marka_w_kryzysie_icon.jpg\",\"width\":740,\"height\":512},{\"@type\":\"BreadcrumbList\",\"@id\":\"https:\/\/pbd.pl\/en\/offer\/marka-w-kryzysie\/#breadcrumb\",\"itemListElement\":[{\"@type\":\"ListItem\",\"position\":1,\"name\":\"Strona g\u0142\u00f3wna\",\"item\":\"https:\/\/pbd.pl\/en\/\"},{\"@type\":\"ListItem\",\"position\":2,\"name\":\"Offer\",\"item\":\"https:\/\/pbd.pl\/en\/offer\/\"},{\"@type\":\"ListItem\",\"position\":3,\"name\":\"Brand in crisis\"}]},{\"@type\":\"WebSite\",\"@id\":\"https:\/\/pbd.pl\/#website\",\"url\":\"https:\/\/pbd.pl\/\",\"name\":\"Perform Brand Design\",\"description\":\"Zajmujemy zajmuje si\u0119 tworzeniem i budow\u0105 marek pod k\u0105tem strategicznym i kreatywnym.\",\"publisher\":{\"@id\":\"https:\/\/pbd.pl\/#organization\"},\"potentialAction\":[{\"@type\":\"SearchAction\",\"target\":{\"@type\":\"EntryPoint\",\"urlTemplate\":\"https:\/\/pbd.pl\/?s={search_term_string}\"},\"query-input\":{\"@type\":\"PropertyValueSpecification\",\"valueRequired\":true,\"valueName\":\"search_term_string\"}}],\"inLanguage\":\"en-US\"},{\"@type\":\"Organization\",\"@id\":\"https:\/\/pbd.pl\/#organization\",\"name\":\"Perform Brand Design\",\"url\":\"https:\/\/pbd.pl\/\",\"logo\":{\"@type\":\"ImageObject\",\"inLanguage\":\"en-US\",\"@id\":\"https:\/\/pbd.pl\/#\/schema\/logo\/image\/\",\"url\":\"https:\/\/pbd.pl\/wp-content\/uploads\/2022\/08\/PBDsquare.jpg\",\"contentUrl\":\"https:\/\/pbd.pl\/wp-content\/uploads\/2022\/08\/PBDsquare.jpg\",\"width\":1200,\"height\":1200,\"caption\":\"Perform Brand Design\"},\"image\":{\"@id\":\"https:\/\/pbd.pl\/#\/schema\/logo\/image\/\"},\"sameAs\":[\"https:\/\/facebook.com\/PerformBrandDesign\/\",\"https:\/\/linkedin.com\/company\/performbranddesign\/\",\"https:\/\/www.instagram.com\/pbd.pl\/\"]}]}<\/script>\n<!-- \/ Yoast SEO plugin. -->","yoast_head_json":{"title":"Brand in crisis - Perform Brand Design","robots":{"index":"index","follow":"follow","max-snippet":"max-snippet:-1","max-image-preview":"max-image-preview:large","max-video-preview":"max-video-preview:-1"},"canonical":"https:\/\/pbd.pl\/en\/offer\/marka-w-kryzysie\/","og_locale":"en_US","og_type":"article","og_title":"Brand in crisis - Perform Brand Design","og_description":"Rebranding. The process can provide an opportunity to re-shape the brand image in the eyes of buyers. Standardisation will significantly reduce the cost of a company's marketing service, facilitate expansion and introduce new offers more quickly.","og_url":"https:\/\/pbd.pl\/en\/offer\/marka-w-kryzysie\/","og_site_name":"Perform Brand Design","article_publisher":"https:\/\/facebook.com\/PerformBrandDesign\/","article_modified_time":"2023-02-01T12:22:39+00:00","og_image":[{"width":740,"height":512,"url":"https:\/\/pbd.pl\/wp-content\/uploads\/2023\/02\/marka_w_kryzysie_icon.jpg","type":"image\/jpeg"}],"twitter_card":"summary_large_image","twitter_misc":{"Est. reading time":"1 minute"},"schema":{"@context":"https:\/\/schema.org","@graph":[{"@type":"WebPage","@id":"https:\/\/pbd.pl\/en\/offer\/marka-w-kryzysie\/","url":"https:\/\/pbd.pl\/en\/offer\/marka-w-kryzysie\/","name":"Brand in crisis - Perform Brand Design","isPartOf":{"@id":"https:\/\/pbd.pl\/#website"},"primaryImageOfPage":{"@id":"https:\/\/pbd.pl\/en\/offer\/marka-w-kryzysie\/#primaryimage"},"image":{"@id":"https:\/\/pbd.pl\/en\/offer\/marka-w-kryzysie\/#primaryimage"},"thumbnailUrl":"https:\/\/pbd.pl\/wp-content\/uploads\/2023\/02\/marka_w_kryzysie_icon.jpg","datePublished":"2022-07-22T10:12:39+00:00","dateModified":"2023-02-01T12:22:39+00:00","breadcrumb":{"@id":"https:\/\/pbd.pl\/en\/offer\/marka-w-kryzysie\/#breadcrumb"},"inLanguage":"en-US","potentialAction":[{"@type":"ReadAction","target":["https:\/\/pbd.pl\/en\/offer\/marka-w-kryzysie\/"]}]},{"@type":"ImageObject","inLanguage":"en-US","@id":"https:\/\/pbd.pl\/en\/offer\/marka-w-kryzysie\/#primaryimage","url":"https:\/\/pbd.pl\/wp-content\/uploads\/2023\/02\/marka_w_kryzysie_icon.jpg","contentUrl":"https:\/\/pbd.pl\/wp-content\/uploads\/2023\/02\/marka_w_kryzysie_icon.jpg","width":740,"height":512},{"@type":"BreadcrumbList","@id":"https:\/\/pbd.pl\/en\/offer\/marka-w-kryzysie\/#breadcrumb","itemListElement":[{"@type":"ListItem","position":1,"name":"Strona g\u0142\u00f3wna","item":"https:\/\/pbd.pl\/en\/"},{"@type":"ListItem","position":2,"name":"Offer","item":"https:\/\/pbd.pl\/en\/offer\/"},{"@type":"ListItem","position":3,"name":"Brand in crisis"}]},{"@type":"WebSite","@id":"https:\/\/pbd.pl\/#website","url":"https:\/\/pbd.pl\/","name":"Perform Brand Design","description":"Zajmujemy zajmuje si\u0119 tworzeniem i budow\u0105 marek pod k\u0105tem strategicznym i kreatywnym.","publisher":{"@id":"https:\/\/pbd.pl\/#organization"},"potentialAction":[{"@type":"SearchAction","target":{"@type":"EntryPoint","urlTemplate":"https:\/\/pbd.pl\/?s={search_term_string}"},"query-input":{"@type":"PropertyValueSpecification","valueRequired":true,"valueName":"search_term_string"}}],"inLanguage":"en-US"},{"@type":"Organization","@id":"https:\/\/pbd.pl\/#organization","name":"Perform Brand Design","url":"https:\/\/pbd.pl\/","logo":{"@type":"ImageObject","inLanguage":"en-US","@id":"https:\/\/pbd.pl\/#\/schema\/logo\/image\/","url":"https:\/\/pbd.pl\/wp-content\/uploads\/2022\/08\/PBDsquare.jpg","contentUrl":"https:\/\/pbd.pl\/wp-content\/uploads\/2022\/08\/PBDsquare.jpg","width":1200,"height":1200,"caption":"Perform Brand Design"},"image":{"@id":"https:\/\/pbd.pl\/#\/schema\/logo\/image\/"},"sameAs":["https:\/\/facebook.com\/PerformBrandDesign\/","https:\/\/linkedin.com\/company\/performbranddesign\/","https:\/\/www.instagram.com\/pbd.pl\/"]}]}},"_links":{"self":[{"href":"https:\/\/pbd.pl\/en\/wp-json\/wp\/v2\/pages\/9880","targetHints":{"allow":["GET"]}}],"collection":[{"href":"https:\/\/pbd.pl\/en\/wp-json\/wp\/v2\/pages"}],"about":[{"href":"https:\/\/pbd.pl\/en\/wp-json\/wp\/v2\/types\/page"}],"author":[{"embeddable":true,"href":"https:\/\/pbd.pl\/en\/wp-json\/wp\/v2\/users\/1"}],"replies":[{"embeddable":true,"href":"https:\/\/pbd.pl\/en\/wp-json\/wp\/v2\/comments?post=9880"}],"version-history":[{"count":9,"href":"https:\/\/pbd.pl\/en\/wp-json\/wp\/v2\/pages\/9880\/revisions"}],"predecessor-version":[{"id":11229,"href":"https:\/\/pbd.pl\/en\/wp-json\/wp\/v2\/pages\/9880\/revisions\/11229"}],"up":[{"embeddable":true,"href":"https:\/\/pbd.pl\/en\/wp-json\/wp\/v2\/pages\/9377"}],"wp:featuredmedia":[{"embeddable":true,"href":"https:\/\/pbd.pl\/en\/wp-json\/wp\/v2\/media\/11227"}],"wp:attachment":[{"href":"https:\/\/pbd.pl\/en\/wp-json\/wp\/v2\/media?parent=9880"}],"curies":[{"name":"wp","href":"https:\/\/api.w.org\/{rel}","templated":true}]}}