{"id":9751,"date":"2022-12-04T11:28:27","date_gmt":"2022-12-04T10:28:27","guid":{"rendered":"https:\/\/pbd.pl\/offer\/brand-care\/"},"modified":"2023-01-19T12:10:58","modified_gmt":"2023-01-19T11:10:58","slug":"brand-care","status":"publish","type":"page","link":"https:\/\/pbd.pl\/en\/offer\/brand-care\/","title":{"rendered":"Brand care"},"content":{"rendered":"\n<div class=\"wp-block-group extra-margin-bottom is-style-intro is-layout-flow wp-block-group extra-margin-bottom-is-layout-flow\">\n<h1 class=\"wp-block-heading\">Brand care<\/h1>\n<\/div>\n\n\n\n<div class=\"wp-block-group extra-margin-bottom is-style-side-right is-layout-flow wp-block-group extra-margin-bottom-is-layout-flow\">\n<p>Brand guardianship is the effective translation of what has been strategically developed into long-term tactical action for the entire organisation. We support companies in managing their brands so that they stay on the right course for years to come.<\/p>\n\n\n\n<p class=\"has-small-font-size\">Key benefits:<\/p>\n\n\n\n<ul class=\"wp-block-list\">\n<li>Close cooperation with marketing teams, training for graphic designers<\/li>\n\n\n\n<li>Design of additional system components and brand extensions<\/li>\n\n\n\n<li>Consultation of HR departments (employer branding) and external creative agencies<\/li>\n\n\n\n<li>Improving the efficiency of strategy implementation and maintaining consistency over time<\/li>\n<\/ul>\n\n\n\n<p class=\"is-style-default has-small-font-size\">We will select the best metrics to assess the effectiveness of your branding efforts. We&#8217;ll help hold other agencies to account for consistency and support you creatively, so that you can be confident that your brand is progressing as planned.<\/p>\n<\/div>\n","protected":false},"excerpt":{"rendered":"<p>Brand care is a guarantee of consistency. We will implement the new standards into your organisation, taking responsibility for the success of the venture, providing advice and creative support.<\/p>\n","protected":false},"author":2,"featured_media":10634,"parent":9377,"menu_order":9,"comment_status":"closed","ping_status":"closed","template":"","meta":{"_acf_changed":false,"inline_featured_image":false,"footnotes":""},"class_list":["post-9751","page","type-page","status-publish","has-post-thumbnail","hentry"],"acf":[],"yoast_head":"<!-- This site is optimized with the Yoast SEO plugin v26.8 - https:\/\/yoast.com\/product\/yoast-seo-wordpress\/ -->\n<title>Brand care - Perform Brand Design<\/title>\n<meta name=\"robots\" content=\"index, follow, max-snippet:-1, max-image-preview:large, max-video-preview:-1\" \/>\n<link rel=\"canonical\" href=\"https:\/\/pbd.pl\/en\/offer\/brand-care\/\" \/>\n<meta property=\"og:locale\" content=\"en_US\" \/>\n<meta property=\"og:type\" content=\"article\" \/>\n<meta property=\"og:title\" content=\"Brand care - Perform Brand Design\" \/>\n<meta property=\"og:description\" content=\"Brand care is a guarantee of consistency. We will implement the new standards into your organisation, taking responsibility for the success of the venture, providing advice and creative support.\" \/>\n<meta property=\"og:url\" content=\"https:\/\/pbd.pl\/en\/offer\/brand-care\/\" \/>\n<meta property=\"og:site_name\" content=\"Perform Brand Design\" \/>\n<meta property=\"article:publisher\" content=\"https:\/\/facebook.com\/PerformBrandDesign\/\" \/>\n<meta property=\"article:modified_time\" content=\"2023-01-19T11:10:58+00:00\" \/>\n<meta property=\"og:image\" content=\"https:\/\/pbd.pl\/wp-content\/uploads\/2023\/01\/17-1.jpg\" \/>\n\t<meta property=\"og:image:width\" content=\"1200\" \/>\n\t<meta property=\"og:image:height\" content=\"832\" \/>\n\t<meta property=\"og:image:type\" content=\"image\/jpeg\" \/>\n<meta name=\"twitter:card\" content=\"summary_large_image\" \/>\n<meta name=\"twitter:label1\" content=\"Est. reading time\" \/>\n\t<meta name=\"twitter:data1\" content=\"1 minute\" \/>\n<script type=\"application\/ld+json\" class=\"yoast-schema-graph\">{\"@context\":\"https:\/\/schema.org\",\"@graph\":[{\"@type\":\"WebPage\",\"@id\":\"https:\/\/pbd.pl\/en\/offer\/brand-care\/\",\"url\":\"https:\/\/pbd.pl\/en\/offer\/brand-care\/\",\"name\":\"Brand care - Perform Brand Design\",\"isPartOf\":{\"@id\":\"https:\/\/pbd.pl\/#website\"},\"primaryImageOfPage\":{\"@id\":\"https:\/\/pbd.pl\/en\/offer\/brand-care\/#primaryimage\"},\"image\":{\"@id\":\"https:\/\/pbd.pl\/en\/offer\/brand-care\/#primaryimage\"},\"thumbnailUrl\":\"https:\/\/pbd.pl\/wp-content\/uploads\/2023\/01\/17-1.jpg\",\"datePublished\":\"2022-12-04T10:28:27+00:00\",\"dateModified\":\"2023-01-19T11:10:58+00:00\",\"breadcrumb\":{\"@id\":\"https:\/\/pbd.pl\/en\/offer\/brand-care\/#breadcrumb\"},\"inLanguage\":\"en-US\",\"potentialAction\":[{\"@type\":\"ReadAction\",\"target\":[\"https:\/\/pbd.pl\/en\/offer\/brand-care\/\"]}]},{\"@type\":\"ImageObject\",\"inLanguage\":\"en-US\",\"@id\":\"https:\/\/pbd.pl\/en\/offer\/brand-care\/#primaryimage\",\"url\":\"https:\/\/pbd.pl\/wp-content\/uploads\/2023\/01\/17-1.jpg\",\"contentUrl\":\"https:\/\/pbd.pl\/wp-content\/uploads\/2023\/01\/17-1.jpg\",\"width\":1200,\"height\":832},{\"@type\":\"BreadcrumbList\",\"@id\":\"https:\/\/pbd.pl\/en\/offer\/brand-care\/#breadcrumb\",\"itemListElement\":[{\"@type\":\"ListItem\",\"position\":1,\"name\":\"Strona g\u0142\u00f3wna\",\"item\":\"https:\/\/pbd.pl\/en\/\"},{\"@type\":\"ListItem\",\"position\":2,\"name\":\"Offer\",\"item\":\"https:\/\/pbd.pl\/en\/offer\/\"},{\"@type\":\"ListItem\",\"position\":3,\"name\":\"Brand care\"}]},{\"@type\":\"WebSite\",\"@id\":\"https:\/\/pbd.pl\/#website\",\"url\":\"https:\/\/pbd.pl\/\",\"name\":\"Perform Brand Design\",\"description\":\"Zajmujemy zajmuje si\u0119 tworzeniem i budow\u0105 marek pod k\u0105tem strategicznym i kreatywnym.\",\"publisher\":{\"@id\":\"https:\/\/pbd.pl\/#organization\"},\"potentialAction\":[{\"@type\":\"SearchAction\",\"target\":{\"@type\":\"EntryPoint\",\"urlTemplate\":\"https:\/\/pbd.pl\/?s={search_term_string}\"},\"query-input\":{\"@type\":\"PropertyValueSpecification\",\"valueRequired\":true,\"valueName\":\"search_term_string\"}}],\"inLanguage\":\"en-US\"},{\"@type\":\"Organization\",\"@id\":\"https:\/\/pbd.pl\/#organization\",\"name\":\"Perform Brand Design\",\"url\":\"https:\/\/pbd.pl\/\",\"logo\":{\"@type\":\"ImageObject\",\"inLanguage\":\"en-US\",\"@id\":\"https:\/\/pbd.pl\/#\/schema\/logo\/image\/\",\"url\":\"https:\/\/pbd.pl\/wp-content\/uploads\/2022\/08\/PBDsquare.jpg\",\"contentUrl\":\"https:\/\/pbd.pl\/wp-content\/uploads\/2022\/08\/PBDsquare.jpg\",\"width\":1200,\"height\":1200,\"caption\":\"Perform Brand Design\"},\"image\":{\"@id\":\"https:\/\/pbd.pl\/#\/schema\/logo\/image\/\"},\"sameAs\":[\"https:\/\/facebook.com\/PerformBrandDesign\/\",\"https:\/\/linkedin.com\/company\/performbranddesign\/\",\"https:\/\/www.instagram.com\/pbd.pl\/\"]}]}<\/script>\n<!-- \/ Yoast SEO plugin. -->","yoast_head_json":{"title":"Brand care - Perform Brand Design","robots":{"index":"index","follow":"follow","max-snippet":"max-snippet:-1","max-image-preview":"max-image-preview:large","max-video-preview":"max-video-preview:-1"},"canonical":"https:\/\/pbd.pl\/en\/offer\/brand-care\/","og_locale":"en_US","og_type":"article","og_title":"Brand care - Perform Brand Design","og_description":"Brand care is a guarantee of consistency. We will implement the new standards into your organisation, taking responsibility for the success of the venture, providing advice and creative support.","og_url":"https:\/\/pbd.pl\/en\/offer\/brand-care\/","og_site_name":"Perform Brand Design","article_publisher":"https:\/\/facebook.com\/PerformBrandDesign\/","article_modified_time":"2023-01-19T11:10:58+00:00","og_image":[{"width":1200,"height":832,"url":"https:\/\/pbd.pl\/wp-content\/uploads\/2023\/01\/17-1.jpg","type":"image\/jpeg"}],"twitter_card":"summary_large_image","twitter_misc":{"Est. reading time":"1 minute"},"schema":{"@context":"https:\/\/schema.org","@graph":[{"@type":"WebPage","@id":"https:\/\/pbd.pl\/en\/offer\/brand-care\/","url":"https:\/\/pbd.pl\/en\/offer\/brand-care\/","name":"Brand care - Perform Brand Design","isPartOf":{"@id":"https:\/\/pbd.pl\/#website"},"primaryImageOfPage":{"@id":"https:\/\/pbd.pl\/en\/offer\/brand-care\/#primaryimage"},"image":{"@id":"https:\/\/pbd.pl\/en\/offer\/brand-care\/#primaryimage"},"thumbnailUrl":"https:\/\/pbd.pl\/wp-content\/uploads\/2023\/01\/17-1.jpg","datePublished":"2022-12-04T10:28:27+00:00","dateModified":"2023-01-19T11:10:58+00:00","breadcrumb":{"@id":"https:\/\/pbd.pl\/en\/offer\/brand-care\/#breadcrumb"},"inLanguage":"en-US","potentialAction":[{"@type":"ReadAction","target":["https:\/\/pbd.pl\/en\/offer\/brand-care\/"]}]},{"@type":"ImageObject","inLanguage":"en-US","@id":"https:\/\/pbd.pl\/en\/offer\/brand-care\/#primaryimage","url":"https:\/\/pbd.pl\/wp-content\/uploads\/2023\/01\/17-1.jpg","contentUrl":"https:\/\/pbd.pl\/wp-content\/uploads\/2023\/01\/17-1.jpg","width":1200,"height":832},{"@type":"BreadcrumbList","@id":"https:\/\/pbd.pl\/en\/offer\/brand-care\/#breadcrumb","itemListElement":[{"@type":"ListItem","position":1,"name":"Strona g\u0142\u00f3wna","item":"https:\/\/pbd.pl\/en\/"},{"@type":"ListItem","position":2,"name":"Offer","item":"https:\/\/pbd.pl\/en\/offer\/"},{"@type":"ListItem","position":3,"name":"Brand care"}]},{"@type":"WebSite","@id":"https:\/\/pbd.pl\/#website","url":"https:\/\/pbd.pl\/","name":"Perform Brand Design","description":"Zajmujemy zajmuje si\u0119 tworzeniem i budow\u0105 marek pod k\u0105tem strategicznym i kreatywnym.","publisher":{"@id":"https:\/\/pbd.pl\/#organization"},"potentialAction":[{"@type":"SearchAction","target":{"@type":"EntryPoint","urlTemplate":"https:\/\/pbd.pl\/?s={search_term_string}"},"query-input":{"@type":"PropertyValueSpecification","valueRequired":true,"valueName":"search_term_string"}}],"inLanguage":"en-US"},{"@type":"Organization","@id":"https:\/\/pbd.pl\/#organization","name":"Perform Brand Design","url":"https:\/\/pbd.pl\/","logo":{"@type":"ImageObject","inLanguage":"en-US","@id":"https:\/\/pbd.pl\/#\/schema\/logo\/image\/","url":"https:\/\/pbd.pl\/wp-content\/uploads\/2022\/08\/PBDsquare.jpg","contentUrl":"https:\/\/pbd.pl\/wp-content\/uploads\/2022\/08\/PBDsquare.jpg","width":1200,"height":1200,"caption":"Perform Brand Design"},"image":{"@id":"https:\/\/pbd.pl\/#\/schema\/logo\/image\/"},"sameAs":["https:\/\/facebook.com\/PerformBrandDesign\/","https:\/\/linkedin.com\/company\/performbranddesign\/","https:\/\/www.instagram.com\/pbd.pl\/"]}]}},"_links":{"self":[{"href":"https:\/\/pbd.pl\/en\/wp-json\/wp\/v2\/pages\/9751","targetHints":{"allow":["GET"]}}],"collection":[{"href":"https:\/\/pbd.pl\/en\/wp-json\/wp\/v2\/pages"}],"about":[{"href":"https:\/\/pbd.pl\/en\/wp-json\/wp\/v2\/types\/page"}],"author":[{"embeddable":true,"href":"https:\/\/pbd.pl\/en\/wp-json\/wp\/v2\/users\/2"}],"replies":[{"embeddable":true,"href":"https:\/\/pbd.pl\/en\/wp-json\/wp\/v2\/comments?post=9751"}],"version-history":[{"count":5,"href":"https:\/\/pbd.pl\/en\/wp-json\/wp\/v2\/pages\/9751\/revisions"}],"predecessor-version":[{"id":10626,"href":"https:\/\/pbd.pl\/en\/wp-json\/wp\/v2\/pages\/9751\/revisions\/10626"}],"up":[{"embeddable":true,"href":"https:\/\/pbd.pl\/en\/wp-json\/wp\/v2\/pages\/9377"}],"wp:featuredmedia":[{"embeddable":true,"href":"https:\/\/pbd.pl\/en\/wp-json\/wp\/v2\/media\/10634"}],"wp:attachment":[{"href":"https:\/\/pbd.pl\/en\/wp-json\/wp\/v2\/media?parent=9751"}],"curies":[{"name":"wp","href":"https:\/\/api.w.org\/{rel}","templated":true}]}}