{"id":9732,"date":"2022-07-22T12:13:59","date_gmt":"2022-07-22T10:13:59","guid":{"rendered":"https:\/\/pbd.pl\/offer\/brand-workshops\/"},"modified":"2023-01-27T16:56:01","modified_gmt":"2023-01-27T15:56:01","slug":"brand-workshops","status":"publish","type":"page","link":"https:\/\/pbd.pl\/en\/offer\/brand-workshops\/","title":{"rendered":"Brand workshops"},"content":{"rendered":"\n<div class=\"wp-block-group extra-margin-bottom is-style-intro is-layout-constrained wp-block-group extra-margin-bottom-is-layout-constrained\">\n<h1 class=\"wp-block-heading\">Brand workshops<\/h1>\n<\/div>\n\n\n\n<div class=\"wp-block-group extra-margin-bottom is-style-side-right is-layout-flow wp-block-group extra-margin-bottom-is-layout-flow\">\n<p>The brand workshops have a primarily practical dimension. The solutions developed improve the coordination of activities and simplify the management of all marketing processes. The starting point is always a business objective that will serve the entire organisation. An intensive workshop lasting several hours is an excellent opportunity to develop a solution with the help of external experts.&nbsp;<\/p>\n\n\n\n<p class=\"has-small-font-size\">We will conduct a workshop that will result in developing answers to questions related to your brand: What is the purpose of the brand? How should it be built? How should it be extended? How to build an identity system?<\/p>\n\n\n\n<div id=\"acf-acc-block_3220fa98602745f05b331af86ea171ce\" class=\"acf-acc typo--small\">\n\n  \n  <div data-accordion class=\"acf-acc__row\">\n\n    <button class=\"acf-acc__trigger\" type=\"button\">\n\n      Definition of the brand&#8217;s guiding purpose\n    <\/button>\n\n    <div class=\"acf-acc__content\">\n\n      <div class=\"acf-acc__content-inner\">\n\n        <p>During the 4-hour meeting, we extract the goals to which business leaders are leading their organisation and encapsulate these ideas in a few sentences. We listen carefully and work to find common ground. It is about defining the team&#8217;s mission\/vision, defining values and brand essence as a solid starting point for further strategic work.<\/p>\n\n      <\/div>\n\n    <\/div>\n\n  <\/div>\n\n  \n  <div data-accordion class=\"acf-acc__row\">\n\n    <button class=\"acf-acc__trigger\" type=\"button\">\n\n      Organising the product portfolio\n    <\/button>\n\n    <div class=\"acf-acc__content\">\n\n      <div class=\"acf-acc__content-inner\">\n\n        <p>We will take a fresh look at the brands operating in your organisation&#8217;s portfolio and together identify ways to develop them further. Relationships linking products or services in a group are always presented visually. We will identify effective ways to combine or separate your products or services and plan ways to extend the brand into new lines.<\/p>\n\n      <\/div>\n\n    <\/div>\n\n  <\/div>\n\n  \n  <div data-accordion class=\"acf-acc__row\">\n\n    <button class=\"acf-acc__trigger\" type=\"button\">\n\n      Design of visual identity systems\n    <\/button>\n\n    <div class=\"acf-acc__content\">\n\n      <div class=\"acf-acc__content-inner\">\n\n        <p>Today, consumers are becoming more and more sensitive to good design. The young are rejecting the casual. During the meeting, we teach how to recognise good design and work on different levels of visual coherence. We present types of identification systems. We select the measures that will prove to be the most suitable for the needs and possibilities of the brand.<\/p>\n\n      <\/div>\n\n    <\/div>\n\n  <\/div>\n\n  \n<\/div>\n\n<\/div>\n","protected":false},"excerpt":{"rendered":"<p>The brand workshops have a primarily practical dimension. The solutions developed improve the coordination of activities and simplify the management of marketing processes. The starting point is always the business objective.<\/p>\n","protected":false},"author":1,"featured_media":10654,"parent":9377,"menu_order":6,"comment_status":"closed","ping_status":"closed","template":"","meta":{"_acf_changed":false,"inline_featured_image":false,"footnotes":""},"class_list":["post-9732","page","type-page","status-publish","has-post-thumbnail","hentry"],"acf":[],"yoast_head":"<!-- This site is optimized with the Yoast SEO plugin v26.8 - https:\/\/yoast.com\/product\/yoast-seo-wordpress\/ -->\n<title>Brand workshops - Perform Brand Design<\/title>\n<meta name=\"robots\" content=\"index, follow, max-snippet:-1, max-image-preview:large, max-video-preview:-1\" \/>\n<link rel=\"canonical\" href=\"https:\/\/pbd.pl\/en\/offer\/brand-workshops\/\" \/>\n<meta property=\"og:locale\" content=\"en_US\" \/>\n<meta property=\"og:type\" content=\"article\" \/>\n<meta property=\"og:title\" content=\"Brand workshops - Perform Brand Design\" \/>\n<meta property=\"og:description\" content=\"The brand workshops have a primarily practical dimension. The solutions developed improve the coordination of activities and simplify the management of marketing processes. The starting point is always the business objective.\" \/>\n<meta property=\"og:url\" content=\"https:\/\/pbd.pl\/en\/offer\/brand-workshops\/\" \/>\n<meta property=\"og:site_name\" content=\"Perform Brand Design\" \/>\n<meta property=\"article:publisher\" content=\"https:\/\/facebook.com\/PerformBrandDesign\/\" \/>\n<meta property=\"article:modified_time\" content=\"2023-01-27T15:56:01+00:00\" \/>\n<meta property=\"og:image\" content=\"https:\/\/pbd.pl\/wp-content\/uploads\/2023\/01\/15-1.jpg\" \/>\n\t<meta property=\"og:image:width\" content=\"1200\" \/>\n\t<meta property=\"og:image:height\" content=\"832\" \/>\n\t<meta property=\"og:image:type\" content=\"image\/jpeg\" \/>\n<meta name=\"twitter:card\" content=\"summary_large_image\" \/>\n<meta name=\"twitter:label1\" content=\"Est. reading time\" \/>\n\t<meta name=\"twitter:data1\" content=\"1 minute\" \/>\n<script type=\"application\/ld+json\" class=\"yoast-schema-graph\">{\"@context\":\"https:\/\/schema.org\",\"@graph\":[{\"@type\":\"WebPage\",\"@id\":\"https:\/\/pbd.pl\/en\/offer\/brand-workshops\/\",\"url\":\"https:\/\/pbd.pl\/en\/offer\/brand-workshops\/\",\"name\":\"Brand workshops - Perform Brand Design\",\"isPartOf\":{\"@id\":\"https:\/\/pbd.pl\/#website\"},\"primaryImageOfPage\":{\"@id\":\"https:\/\/pbd.pl\/en\/offer\/brand-workshops\/#primaryimage\"},\"image\":{\"@id\":\"https:\/\/pbd.pl\/en\/offer\/brand-workshops\/#primaryimage\"},\"thumbnailUrl\":\"https:\/\/pbd.pl\/wp-content\/uploads\/2023\/01\/15-1.jpg\",\"datePublished\":\"2022-07-22T10:13:59+00:00\",\"dateModified\":\"2023-01-27T15:56:01+00:00\",\"breadcrumb\":{\"@id\":\"https:\/\/pbd.pl\/en\/offer\/brand-workshops\/#breadcrumb\"},\"inLanguage\":\"en-US\",\"potentialAction\":[{\"@type\":\"ReadAction\",\"target\":[\"https:\/\/pbd.pl\/en\/offer\/brand-workshops\/\"]}]},{\"@type\":\"ImageObject\",\"inLanguage\":\"en-US\",\"@id\":\"https:\/\/pbd.pl\/en\/offer\/brand-workshops\/#primaryimage\",\"url\":\"https:\/\/pbd.pl\/wp-content\/uploads\/2023\/01\/15-1.jpg\",\"contentUrl\":\"https:\/\/pbd.pl\/wp-content\/uploads\/2023\/01\/15-1.jpg\",\"width\":1200,\"height\":832},{\"@type\":\"BreadcrumbList\",\"@id\":\"https:\/\/pbd.pl\/en\/offer\/brand-workshops\/#breadcrumb\",\"itemListElement\":[{\"@type\":\"ListItem\",\"position\":1,\"name\":\"Strona g\u0142\u00f3wna\",\"item\":\"https:\/\/pbd.pl\/en\/\"},{\"@type\":\"ListItem\",\"position\":2,\"name\":\"Offer\",\"item\":\"https:\/\/pbd.pl\/en\/offer\/\"},{\"@type\":\"ListItem\",\"position\":3,\"name\":\"Brand workshops\"}]},{\"@type\":\"WebSite\",\"@id\":\"https:\/\/pbd.pl\/#website\",\"url\":\"https:\/\/pbd.pl\/\",\"name\":\"Perform Brand Design\",\"description\":\"Zajmujemy zajmuje si\u0119 tworzeniem i budow\u0105 marek pod k\u0105tem strategicznym i kreatywnym.\",\"publisher\":{\"@id\":\"https:\/\/pbd.pl\/#organization\"},\"potentialAction\":[{\"@type\":\"SearchAction\",\"target\":{\"@type\":\"EntryPoint\",\"urlTemplate\":\"https:\/\/pbd.pl\/?s={search_term_string}\"},\"query-input\":{\"@type\":\"PropertyValueSpecification\",\"valueRequired\":true,\"valueName\":\"search_term_string\"}}],\"inLanguage\":\"en-US\"},{\"@type\":\"Organization\",\"@id\":\"https:\/\/pbd.pl\/#organization\",\"name\":\"Perform Brand Design\",\"url\":\"https:\/\/pbd.pl\/\",\"logo\":{\"@type\":\"ImageObject\",\"inLanguage\":\"en-US\",\"@id\":\"https:\/\/pbd.pl\/#\/schema\/logo\/image\/\",\"url\":\"https:\/\/pbd.pl\/wp-content\/uploads\/2022\/08\/PBDsquare.jpg\",\"contentUrl\":\"https:\/\/pbd.pl\/wp-content\/uploads\/2022\/08\/PBDsquare.jpg\",\"width\":1200,\"height\":1200,\"caption\":\"Perform Brand Design\"},\"image\":{\"@id\":\"https:\/\/pbd.pl\/#\/schema\/logo\/image\/\"},\"sameAs\":[\"https:\/\/facebook.com\/PerformBrandDesign\/\",\"https:\/\/linkedin.com\/company\/performbranddesign\/\",\"https:\/\/www.instagram.com\/pbd.pl\/\"]}]}<\/script>\n<!-- \/ Yoast SEO plugin. -->","yoast_head_json":{"title":"Brand workshops - Perform Brand Design","robots":{"index":"index","follow":"follow","max-snippet":"max-snippet:-1","max-image-preview":"max-image-preview:large","max-video-preview":"max-video-preview:-1"},"canonical":"https:\/\/pbd.pl\/en\/offer\/brand-workshops\/","og_locale":"en_US","og_type":"article","og_title":"Brand workshops - Perform Brand Design","og_description":"The brand workshops have a primarily practical dimension. The solutions developed improve the coordination of activities and simplify the management of marketing processes. The starting point is always the business objective.","og_url":"https:\/\/pbd.pl\/en\/offer\/brand-workshops\/","og_site_name":"Perform Brand Design","article_publisher":"https:\/\/facebook.com\/PerformBrandDesign\/","article_modified_time":"2023-01-27T15:56:01+00:00","og_image":[{"width":1200,"height":832,"url":"https:\/\/pbd.pl\/wp-content\/uploads\/2023\/01\/15-1.jpg","type":"image\/jpeg"}],"twitter_card":"summary_large_image","twitter_misc":{"Est. reading time":"1 minute"},"schema":{"@context":"https:\/\/schema.org","@graph":[{"@type":"WebPage","@id":"https:\/\/pbd.pl\/en\/offer\/brand-workshops\/","url":"https:\/\/pbd.pl\/en\/offer\/brand-workshops\/","name":"Brand workshops - Perform Brand Design","isPartOf":{"@id":"https:\/\/pbd.pl\/#website"},"primaryImageOfPage":{"@id":"https:\/\/pbd.pl\/en\/offer\/brand-workshops\/#primaryimage"},"image":{"@id":"https:\/\/pbd.pl\/en\/offer\/brand-workshops\/#primaryimage"},"thumbnailUrl":"https:\/\/pbd.pl\/wp-content\/uploads\/2023\/01\/15-1.jpg","datePublished":"2022-07-22T10:13:59+00:00","dateModified":"2023-01-27T15:56:01+00:00","breadcrumb":{"@id":"https:\/\/pbd.pl\/en\/offer\/brand-workshops\/#breadcrumb"},"inLanguage":"en-US","potentialAction":[{"@type":"ReadAction","target":["https:\/\/pbd.pl\/en\/offer\/brand-workshops\/"]}]},{"@type":"ImageObject","inLanguage":"en-US","@id":"https:\/\/pbd.pl\/en\/offer\/brand-workshops\/#primaryimage","url":"https:\/\/pbd.pl\/wp-content\/uploads\/2023\/01\/15-1.jpg","contentUrl":"https:\/\/pbd.pl\/wp-content\/uploads\/2023\/01\/15-1.jpg","width":1200,"height":832},{"@type":"BreadcrumbList","@id":"https:\/\/pbd.pl\/en\/offer\/brand-workshops\/#breadcrumb","itemListElement":[{"@type":"ListItem","position":1,"name":"Strona g\u0142\u00f3wna","item":"https:\/\/pbd.pl\/en\/"},{"@type":"ListItem","position":2,"name":"Offer","item":"https:\/\/pbd.pl\/en\/offer\/"},{"@type":"ListItem","position":3,"name":"Brand workshops"}]},{"@type":"WebSite","@id":"https:\/\/pbd.pl\/#website","url":"https:\/\/pbd.pl\/","name":"Perform Brand Design","description":"Zajmujemy zajmuje si\u0119 tworzeniem i budow\u0105 marek pod k\u0105tem strategicznym i kreatywnym.","publisher":{"@id":"https:\/\/pbd.pl\/#organization"},"potentialAction":[{"@type":"SearchAction","target":{"@type":"EntryPoint","urlTemplate":"https:\/\/pbd.pl\/?s={search_term_string}"},"query-input":{"@type":"PropertyValueSpecification","valueRequired":true,"valueName":"search_term_string"}}],"inLanguage":"en-US"},{"@type":"Organization","@id":"https:\/\/pbd.pl\/#organization","name":"Perform Brand Design","url":"https:\/\/pbd.pl\/","logo":{"@type":"ImageObject","inLanguage":"en-US","@id":"https:\/\/pbd.pl\/#\/schema\/logo\/image\/","url":"https:\/\/pbd.pl\/wp-content\/uploads\/2022\/08\/PBDsquare.jpg","contentUrl":"https:\/\/pbd.pl\/wp-content\/uploads\/2022\/08\/PBDsquare.jpg","width":1200,"height":1200,"caption":"Perform Brand Design"},"image":{"@id":"https:\/\/pbd.pl\/#\/schema\/logo\/image\/"},"sameAs":["https:\/\/facebook.com\/PerformBrandDesign\/","https:\/\/linkedin.com\/company\/performbranddesign\/","https:\/\/www.instagram.com\/pbd.pl\/"]}]}},"_links":{"self":[{"href":"https:\/\/pbd.pl\/en\/wp-json\/wp\/v2\/pages\/9732","targetHints":{"allow":["GET"]}}],"collection":[{"href":"https:\/\/pbd.pl\/en\/wp-json\/wp\/v2\/pages"}],"about":[{"href":"https:\/\/pbd.pl\/en\/wp-json\/wp\/v2\/types\/page"}],"author":[{"embeddable":true,"href":"https:\/\/pbd.pl\/en\/wp-json\/wp\/v2\/users\/1"}],"replies":[{"embeddable":true,"href":"https:\/\/pbd.pl\/en\/wp-json\/wp\/v2\/comments?post=9732"}],"version-history":[{"count":12,"href":"https:\/\/pbd.pl\/en\/wp-json\/wp\/v2\/pages\/9732\/revisions"}],"predecessor-version":[{"id":10846,"href":"https:\/\/pbd.pl\/en\/wp-json\/wp\/v2\/pages\/9732\/revisions\/10846"}],"up":[{"embeddable":true,"href":"https:\/\/pbd.pl\/en\/wp-json\/wp\/v2\/pages\/9377"}],"wp:featuredmedia":[{"embeddable":true,"href":"https:\/\/pbd.pl\/en\/wp-json\/wp\/v2\/media\/10654"}],"wp:attachment":[{"href":"https:\/\/pbd.pl\/en\/wp-json\/wp\/v2\/media?parent=9732"}],"curies":[{"name":"wp","href":"https:\/\/api.w.org\/{rel}","templated":true}]}}