{"id":9723,"date":"2022-12-04T11:27:51","date_gmt":"2022-12-04T10:27:51","guid":{"rendered":"https:\/\/pbd.pl\/offer\/consultation\/"},"modified":"2023-01-19T12:12:22","modified_gmt":"2023-01-19T11:12:22","slug":"consultation","status":"publish","type":"page","link":"https:\/\/pbd.pl\/en\/offer\/consultation\/","title":{"rendered":"Consultation"},"content":{"rendered":"\n<div class=\"wp-block-group extra-margin-bottom is-style-intro is-layout-flow wp-block-group extra-margin-bottom-is-layout-flow\">\n<p>Consultation<\/p>\n<\/div>\n\n\n\n<div class=\"wp-block-group extra-margin-bottom is-style-side-right is-layout-flow wp-block-group extra-margin-bottom-is-layout-flow\">\n<p>A one-to-one consultation is a solution for those facing a specific branding challenge. It is an effective way of acquiring new knowledge and a chance to look at a situation through the eyes of an external expert. Looking from the outside often allows you to find hidden opportunities and shortcomings that you were previously unaware of.<\/p>\n\n\n\n<p class=\"has-small-font-size\">Customers often ask about:<\/p>\n\n\n\n<ul class=\"wp-block-list\">\n<li>Rebranding &#8211; preparing for the process in a larger organisation<\/li>\n\n\n\n<li>Branding &#8211; strengthening relationships with audiences and differentiating the brand in the marketplace<\/li>\n\n\n\n<li>Design for the brand &#8211; evaluation of the work of creative agencies and subcontractors<\/li>\n\n\n\n<li>Creation audit &#8211; design and design consultancy<\/li>\n<\/ul>\n\n\n\n<p class=\"is-style-default has-small-font-size\">We can help you visualise the ideas behind your brand that will fuel excitement and build culture. If your goal is to build consistency and a distinctive image, we invite you to contact us and talk to us directly.&nbsp;<\/p>\n<\/div>\n","protected":false},"excerpt":{"rendered":"<p>We advise you where something stops playing in the strategy or creation. We can help you quickly add to your knowledge of correct design and brand strategy, and provide arguments in conversations with creatives.<\/p>\n","protected":false},"author":2,"featured_media":10639,"parent":9377,"menu_order":8,"comment_status":"closed","ping_status":"closed","template":"","meta":{"_acf_changed":false,"inline_featured_image":false,"footnotes":""},"class_list":["post-9723","page","type-page","status-publish","has-post-thumbnail","hentry"],"acf":[],"yoast_head":"<!-- This site is optimized with the Yoast SEO plugin v26.8 - https:\/\/yoast.com\/product\/yoast-seo-wordpress\/ -->\n<title>Consultation - Perform Brand Design<\/title>\n<meta name=\"robots\" content=\"index, follow, max-snippet:-1, max-image-preview:large, max-video-preview:-1\" \/>\n<link rel=\"canonical\" href=\"https:\/\/pbd.pl\/en\/offer\/consultation\/\" \/>\n<meta property=\"og:locale\" content=\"en_US\" \/>\n<meta property=\"og:type\" content=\"article\" \/>\n<meta property=\"og:title\" content=\"Consultation - Perform Brand Design\" \/>\n<meta property=\"og:description\" content=\"We advise you where something stops playing in the strategy or creation. We can help you quickly add to your knowledge of correct design and brand strategy, and provide arguments in conversations with creatives.\" \/>\n<meta property=\"og:url\" content=\"https:\/\/pbd.pl\/en\/offer\/consultation\/\" \/>\n<meta property=\"og:site_name\" content=\"Perform Brand Design\" \/>\n<meta property=\"article:publisher\" content=\"https:\/\/facebook.com\/PerformBrandDesign\/\" \/>\n<meta property=\"article:modified_time\" content=\"2023-01-19T11:12:22+00:00\" \/>\n<meta property=\"og:image\" content=\"https:\/\/pbd.pl\/wp-content\/uploads\/2023\/01\/16-1.jpg\" \/>\n\t<meta property=\"og:image:width\" content=\"1200\" \/>\n\t<meta property=\"og:image:height\" content=\"832\" \/>\n\t<meta property=\"og:image:type\" content=\"image\/jpeg\" \/>\n<meta name=\"twitter:card\" content=\"summary_large_image\" \/>\n<meta name=\"twitter:label1\" content=\"Est. reading time\" \/>\n\t<meta name=\"twitter:data1\" content=\"1 minute\" \/>\n<script type=\"application\/ld+json\" class=\"yoast-schema-graph\">{\"@context\":\"https:\/\/schema.org\",\"@graph\":[{\"@type\":\"WebPage\",\"@id\":\"https:\/\/pbd.pl\/en\/offer\/consultation\/\",\"url\":\"https:\/\/pbd.pl\/en\/offer\/consultation\/\",\"name\":\"Consultation - Perform Brand Design\",\"isPartOf\":{\"@id\":\"https:\/\/pbd.pl\/#website\"},\"primaryImageOfPage\":{\"@id\":\"https:\/\/pbd.pl\/en\/offer\/consultation\/#primaryimage\"},\"image\":{\"@id\":\"https:\/\/pbd.pl\/en\/offer\/consultation\/#primaryimage\"},\"thumbnailUrl\":\"https:\/\/pbd.pl\/wp-content\/uploads\/2023\/01\/16-1.jpg\",\"datePublished\":\"2022-12-04T10:27:51+00:00\",\"dateModified\":\"2023-01-19T11:12:22+00:00\",\"breadcrumb\":{\"@id\":\"https:\/\/pbd.pl\/en\/offer\/consultation\/#breadcrumb\"},\"inLanguage\":\"en-US\",\"potentialAction\":[{\"@type\":\"ReadAction\",\"target\":[\"https:\/\/pbd.pl\/en\/offer\/consultation\/\"]}]},{\"@type\":\"ImageObject\",\"inLanguage\":\"en-US\",\"@id\":\"https:\/\/pbd.pl\/en\/offer\/consultation\/#primaryimage\",\"url\":\"https:\/\/pbd.pl\/wp-content\/uploads\/2023\/01\/16-1.jpg\",\"contentUrl\":\"https:\/\/pbd.pl\/wp-content\/uploads\/2023\/01\/16-1.jpg\",\"width\":1200,\"height\":832},{\"@type\":\"BreadcrumbList\",\"@id\":\"https:\/\/pbd.pl\/en\/offer\/consultation\/#breadcrumb\",\"itemListElement\":[{\"@type\":\"ListItem\",\"position\":1,\"name\":\"Strona g\u0142\u00f3wna\",\"item\":\"https:\/\/pbd.pl\/en\/\"},{\"@type\":\"ListItem\",\"position\":2,\"name\":\"Offer\",\"item\":\"https:\/\/pbd.pl\/en\/offer\/\"},{\"@type\":\"ListItem\",\"position\":3,\"name\":\"Consultation\"}]},{\"@type\":\"WebSite\",\"@id\":\"https:\/\/pbd.pl\/#website\",\"url\":\"https:\/\/pbd.pl\/\",\"name\":\"Perform Brand Design\",\"description\":\"Zajmujemy zajmuje si\u0119 tworzeniem i budow\u0105 marek pod k\u0105tem strategicznym i kreatywnym.\",\"publisher\":{\"@id\":\"https:\/\/pbd.pl\/#organization\"},\"potentialAction\":[{\"@type\":\"SearchAction\",\"target\":{\"@type\":\"EntryPoint\",\"urlTemplate\":\"https:\/\/pbd.pl\/?s={search_term_string}\"},\"query-input\":{\"@type\":\"PropertyValueSpecification\",\"valueRequired\":true,\"valueName\":\"search_term_string\"}}],\"inLanguage\":\"en-US\"},{\"@type\":\"Organization\",\"@id\":\"https:\/\/pbd.pl\/#organization\",\"name\":\"Perform Brand Design\",\"url\":\"https:\/\/pbd.pl\/\",\"logo\":{\"@type\":\"ImageObject\",\"inLanguage\":\"en-US\",\"@id\":\"https:\/\/pbd.pl\/#\/schema\/logo\/image\/\",\"url\":\"https:\/\/pbd.pl\/wp-content\/uploads\/2022\/08\/PBDsquare.jpg\",\"contentUrl\":\"https:\/\/pbd.pl\/wp-content\/uploads\/2022\/08\/PBDsquare.jpg\",\"width\":1200,\"height\":1200,\"caption\":\"Perform Brand Design\"},\"image\":{\"@id\":\"https:\/\/pbd.pl\/#\/schema\/logo\/image\/\"},\"sameAs\":[\"https:\/\/facebook.com\/PerformBrandDesign\/\",\"https:\/\/linkedin.com\/company\/performbranddesign\/\",\"https:\/\/www.instagram.com\/pbd.pl\/\"]}]}<\/script>\n<!-- \/ Yoast SEO plugin. -->","yoast_head_json":{"title":"Consultation - Perform Brand Design","robots":{"index":"index","follow":"follow","max-snippet":"max-snippet:-1","max-image-preview":"max-image-preview:large","max-video-preview":"max-video-preview:-1"},"canonical":"https:\/\/pbd.pl\/en\/offer\/consultation\/","og_locale":"en_US","og_type":"article","og_title":"Consultation - Perform Brand Design","og_description":"We advise you where something stops playing in the strategy or creation. We can help you quickly add to your knowledge of correct design and brand strategy, and provide arguments in conversations with creatives.","og_url":"https:\/\/pbd.pl\/en\/offer\/consultation\/","og_site_name":"Perform Brand Design","article_publisher":"https:\/\/facebook.com\/PerformBrandDesign\/","article_modified_time":"2023-01-19T11:12:22+00:00","og_image":[{"width":1200,"height":832,"url":"https:\/\/pbd.pl\/wp-content\/uploads\/2023\/01\/16-1.jpg","type":"image\/jpeg"}],"twitter_card":"summary_large_image","twitter_misc":{"Est. reading time":"1 minute"},"schema":{"@context":"https:\/\/schema.org","@graph":[{"@type":"WebPage","@id":"https:\/\/pbd.pl\/en\/offer\/consultation\/","url":"https:\/\/pbd.pl\/en\/offer\/consultation\/","name":"Consultation - Perform Brand Design","isPartOf":{"@id":"https:\/\/pbd.pl\/#website"},"primaryImageOfPage":{"@id":"https:\/\/pbd.pl\/en\/offer\/consultation\/#primaryimage"},"image":{"@id":"https:\/\/pbd.pl\/en\/offer\/consultation\/#primaryimage"},"thumbnailUrl":"https:\/\/pbd.pl\/wp-content\/uploads\/2023\/01\/16-1.jpg","datePublished":"2022-12-04T10:27:51+00:00","dateModified":"2023-01-19T11:12:22+00:00","breadcrumb":{"@id":"https:\/\/pbd.pl\/en\/offer\/consultation\/#breadcrumb"},"inLanguage":"en-US","potentialAction":[{"@type":"ReadAction","target":["https:\/\/pbd.pl\/en\/offer\/consultation\/"]}]},{"@type":"ImageObject","inLanguage":"en-US","@id":"https:\/\/pbd.pl\/en\/offer\/consultation\/#primaryimage","url":"https:\/\/pbd.pl\/wp-content\/uploads\/2023\/01\/16-1.jpg","contentUrl":"https:\/\/pbd.pl\/wp-content\/uploads\/2023\/01\/16-1.jpg","width":1200,"height":832},{"@type":"BreadcrumbList","@id":"https:\/\/pbd.pl\/en\/offer\/consultation\/#breadcrumb","itemListElement":[{"@type":"ListItem","position":1,"name":"Strona g\u0142\u00f3wna","item":"https:\/\/pbd.pl\/en\/"},{"@type":"ListItem","position":2,"name":"Offer","item":"https:\/\/pbd.pl\/en\/offer\/"},{"@type":"ListItem","position":3,"name":"Consultation"}]},{"@type":"WebSite","@id":"https:\/\/pbd.pl\/#website","url":"https:\/\/pbd.pl\/","name":"Perform Brand Design","description":"Zajmujemy zajmuje si\u0119 tworzeniem i budow\u0105 marek pod k\u0105tem strategicznym i kreatywnym.","publisher":{"@id":"https:\/\/pbd.pl\/#organization"},"potentialAction":[{"@type":"SearchAction","target":{"@type":"EntryPoint","urlTemplate":"https:\/\/pbd.pl\/?s={search_term_string}"},"query-input":{"@type":"PropertyValueSpecification","valueRequired":true,"valueName":"search_term_string"}}],"inLanguage":"en-US"},{"@type":"Organization","@id":"https:\/\/pbd.pl\/#organization","name":"Perform Brand Design","url":"https:\/\/pbd.pl\/","logo":{"@type":"ImageObject","inLanguage":"en-US","@id":"https:\/\/pbd.pl\/#\/schema\/logo\/image\/","url":"https:\/\/pbd.pl\/wp-content\/uploads\/2022\/08\/PBDsquare.jpg","contentUrl":"https:\/\/pbd.pl\/wp-content\/uploads\/2022\/08\/PBDsquare.jpg","width":1200,"height":1200,"caption":"Perform Brand Design"},"image":{"@id":"https:\/\/pbd.pl\/#\/schema\/logo\/image\/"},"sameAs":["https:\/\/facebook.com\/PerformBrandDesign\/","https:\/\/linkedin.com\/company\/performbranddesign\/","https:\/\/www.instagram.com\/pbd.pl\/"]}]}},"_links":{"self":[{"href":"https:\/\/pbd.pl\/en\/wp-json\/wp\/v2\/pages\/9723","targetHints":{"allow":["GET"]}}],"collection":[{"href":"https:\/\/pbd.pl\/en\/wp-json\/wp\/v2\/pages"}],"about":[{"href":"https:\/\/pbd.pl\/en\/wp-json\/wp\/v2\/types\/page"}],"author":[{"embeddable":true,"href":"https:\/\/pbd.pl\/en\/wp-json\/wp\/v2\/users\/2"}],"replies":[{"embeddable":true,"href":"https:\/\/pbd.pl\/en\/wp-json\/wp\/v2\/comments?post=9723"}],"version-history":[{"count":2,"href":"https:\/\/pbd.pl\/en\/wp-json\/wp\/v2\/pages\/9723\/revisions"}],"predecessor-version":[{"id":10641,"href":"https:\/\/pbd.pl\/en\/wp-json\/wp\/v2\/pages\/9723\/revisions\/10641"}],"up":[{"embeddable":true,"href":"https:\/\/pbd.pl\/en\/wp-json\/wp\/v2\/pages\/9377"}],"wp:featuredmedia":[{"embeddable":true,"href":"https:\/\/pbd.pl\/en\/wp-json\/wp\/v2\/media\/10639"}],"wp:attachment":[{"href":"https:\/\/pbd.pl\/en\/wp-json\/wp\/v2\/media?parent=9723"}],"curies":[{"name":"wp","href":"https:\/\/api.w.org\/{rel}","templated":true}]}}