{"id":9721,"date":"2022-12-04T11:26:29","date_gmt":"2022-12-04T10:26:29","guid":{"rendered":"https:\/\/pbd.pl\/offer\/fonty\/"},"modified":"2024-07-25T11:49:50","modified_gmt":"2024-07-25T09:49:50","slug":"custom-fonts","status":"publish","type":"page","link":"https:\/\/pbd.pl\/en\/offer\/custom-fonts\/","title":{"rendered":"Custom fonts"},"content":{"rendered":"\n<div class=\"wp-block-group extra-margin-bottom is-style-intro is-layout-flow wp-block-group extra-margin-bottom-is-layout-flow\">\n<h1 class=\"wp-block-heading\">Custom fonts<\/h1>\n<\/div>\n\n\n\n<div class=\"wp-block-group extra-margin-bottom is-style-side-right is-layout-flow wp-block-group extra-margin-bottom-is-layout-flow\">\n<p>There are an increasing number of typefaces available on the market, but the benefits of specially designed typography are undeniable. A brand&#8217;s typeface provides additional scope for expressing its personality, as well as unifying all the company&#8217;s marketing materials. Good typography is at the same time eye-neutral and fitting into the whole. It is the least used, but also one of the most strongly associated brand assets.<\/p>\n\n\n\n<p class=\"is-style-default has-small-font-size\">Key benefits:<\/p>\n\n\n\n<ul class=\"wp-block-list\">\n<li>Custom typeface means quick brand recognition at a glance<\/li>\n\n\n\n<li>Use of your font (imitation) will not be possible for unauthorised<\/li>\n\n\n\n<li>Full control over the typeface used, which contributes to brand consistency (avoiding the use of a different font in each marketing material)<\/li>\n<\/ul>\n\n\n\n<p class=\"has-small-font-size\">Choose to stand out strongly! A solution once reserved for the biggest brands can now become part of your brand. Let&#8217;s find out together how a unique cut can set your brand apart.<\/p>\n<\/div>\n\n\n\n<p>Our projects:<\/p>\n\n\n\n<figure class=\"wp-block-gallery has-nested-images columns-2 is-cropped wp-block-gallery-1 is-layout-flex wp-block-gallery-is-layout-flex\">\n<figure class=\"with-caption wp-block-image size-medium\"><img decoding=\"async\" width=\"800\" height=\"400\" data-id=\"12681\" data-src=\"https:\/\/pbd.pl\/wp-content\/uploads\/2024\/07\/Perform_dedykowanyfont_rainbow-800x400.jpg\" alt=\"font firmowy\" class=\"wp-image-12681 lazyload\" data-srcset=\"https:\/\/pbd.pl\/wp-content\/uploads\/2024\/07\/Perform_dedykowanyfont_rainbow-800x400.jpg 800w, https:\/\/pbd.pl\/wp-content\/uploads\/2024\/07\/Perform_dedykowanyfont_rainbow-1200x600.jpg 1200w, https:\/\/pbd.pl\/wp-content\/uploads\/2024\/07\/Perform_dedykowanyfont_rainbow-500x250.jpg 500w, https:\/\/pbd.pl\/wp-content\/uploads\/2024\/07\/Perform_dedykowanyfont_rainbow-768x384.jpg 768w, https:\/\/pbd.pl\/wp-content\/uploads\/2024\/07\/Perform_dedykowanyfont_rainbow.jpg 1300w\" data-sizes=\"(max-width: 800px) 100vw, 800px\" src=\"data:image\/svg+xml;base64,PHN2ZyB3aWR0aD0iMSIgaGVpZ2h0PSIxIiB4bWxucz0iaHR0cDovL3d3dy53My5vcmcvMjAwMC9zdmciPjwvc3ZnPg==\" style=\"--smush-placeholder-width: 800px; --smush-placeholder-aspect-ratio: 800\/400;\" \/><figcaption class=\"wp-element-caption\">Corporate font for Rainbow Tours<\/figcaption><\/figure>\n\n\n\n<figure class=\"with-caption wp-block-image size-medium\"><img decoding=\"async\" width=\"800\" height=\"400\" data-id=\"12683\" data-src=\"https:\/\/pbd.pl\/wp-content\/uploads\/2024\/07\/Perform_dedykowanyfont_accen-800x400.jpg\" alt=\"font specjalny\" class=\"wp-image-12683 lazyload\" data-srcset=\"https:\/\/pbd.pl\/wp-content\/uploads\/2024\/07\/Perform_dedykowanyfont_accen-800x400.jpg 800w, https:\/\/pbd.pl\/wp-content\/uploads\/2024\/07\/Perform_dedykowanyfont_accen-1200x600.jpg 1200w, https:\/\/pbd.pl\/wp-content\/uploads\/2024\/07\/Perform_dedykowanyfont_accen-500x250.jpg 500w, https:\/\/pbd.pl\/wp-content\/uploads\/2024\/07\/Perform_dedykowanyfont_accen-768x384.jpg 768w, https:\/\/pbd.pl\/wp-content\/uploads\/2024\/07\/Perform_dedykowanyfont_accen.jpg 1300w\" data-sizes=\"(max-width: 800px) 100vw, 800px\" src=\"data:image\/svg+xml;base64,PHN2ZyB3aWR0aD0iMSIgaGVpZ2h0PSIxIiB4bWxucz0iaHR0cDovL3d3dy53My5vcmcvMjAwMC9zdmciPjwvc3ZnPg==\" style=\"--smush-placeholder-width: 800px; --smush-placeholder-aspect-ratio: 800\/400;\" \/><figcaption class=\"wp-element-caption\">Custom font for Accen Fall Arrest<\/figcaption><\/figure>\n\n\n\n<figure class=\"with-caption wp-block-image size-medium\"><img decoding=\"async\" width=\"800\" height=\"400\" data-id=\"12679\" data-src=\"https:\/\/pbd.pl\/wp-content\/uploads\/2024\/07\/Perform_dedykowanyfont_koedu-800x400.jpg\" alt=\"font na zam\u00f3wienie\" class=\"wp-image-12679 lazyload\" data-srcset=\"https:\/\/pbd.pl\/wp-content\/uploads\/2024\/07\/Perform_dedykowanyfont_koedu-800x400.jpg 800w, https:\/\/pbd.pl\/wp-content\/uploads\/2024\/07\/Perform_dedykowanyfont_koedu-1200x600.jpg 1200w, https:\/\/pbd.pl\/wp-content\/uploads\/2024\/07\/Perform_dedykowanyfont_koedu-500x250.jpg 500w, https:\/\/pbd.pl\/wp-content\/uploads\/2024\/07\/Perform_dedykowanyfont_koedu-768x384.jpg 768w, https:\/\/pbd.pl\/wp-content\/uploads\/2024\/07\/Perform_dedykowanyfont_koedu.jpg 1300w\" data-sizes=\"(max-width: 800px) 100vw, 800px\" src=\"data:image\/svg+xml;base64,PHN2ZyB3aWR0aD0iMSIgaGVpZ2h0PSIxIiB4bWxucz0iaHR0cDovL3d3dy53My5vcmcvMjAwMC9zdmciPjwvc3ZnPg==\" style=\"--smush-placeholder-width: 800px; --smush-placeholder-aspect-ratio: 800\/400;\" \/><figcaption class=\"wp-element-caption\">Custom typeface for \u017bak Schools<\/figcaption><\/figure>\n\n\n\n<figure class=\"with-caption wp-block-image size-medium\"><img decoding=\"async\" width=\"800\" height=\"400\" data-id=\"12677\" data-src=\"https:\/\/pbd.pl\/wp-content\/uploads\/2024\/07\/Perform_dedykowanyfont_faoo-800x400.jpg\" alt=\"dedykowany font\" class=\"wp-image-12677 lazyload\" data-srcset=\"https:\/\/pbd.pl\/wp-content\/uploads\/2024\/07\/Perform_dedykowanyfont_faoo-800x400.jpg 800w, https:\/\/pbd.pl\/wp-content\/uploads\/2024\/07\/Perform_dedykowanyfont_faoo-1200x600.jpg 1200w, https:\/\/pbd.pl\/wp-content\/uploads\/2024\/07\/Perform_dedykowanyfont_faoo-500x250.jpg 500w, https:\/\/pbd.pl\/wp-content\/uploads\/2024\/07\/Perform_dedykowanyfont_faoo-768x384.jpg 768w, https:\/\/pbd.pl\/wp-content\/uploads\/2024\/07\/Perform_dedykowanyfont_faoo.jpg 1300w\" data-sizes=\"(max-width: 800px) 100vw, 800px\" src=\"data:image\/svg+xml;base64,PHN2ZyB3aWR0aD0iMSIgaGVpZ2h0PSIxIiB4bWxucz0iaHR0cDovL3d3dy53My5vcmcvMjAwMC9zdmciPjwvc3ZnPg==\" style=\"--smush-placeholder-width: 800px; --smush-placeholder-aspect-ratio: 800\/400;\" \/><figcaption class=\"wp-element-caption\">Custom typeface Faoo Foundation<\/figcaption><\/figure>\n<\/figure>\n","protected":false},"excerpt":{"rendered":"<p>Typeface is the second strongest brand asset &#8211; it promotes consistency in any medium and facilitates quick brand recognition. We will design a dedicated lettering that reflects the character of your offering.<\/p>\n","protected":false},"author":2,"featured_media":10642,"parent":9377,"menu_order":7,"comment_status":"closed","ping_status":"closed","template":"","meta":{"_acf_changed":false,"inline_featured_image":false,"footnotes":""},"class_list":["post-9721","page","type-page","status-publish","has-post-thumbnail","hentry"],"acf":[],"yoast_head":"<!-- This site is optimized with the Yoast SEO plugin v26.8 - https:\/\/yoast.com\/product\/yoast-seo-wordpress\/ -->\n<title>Custom fonts - Perform Brand Design<\/title>\n<meta name=\"robots\" content=\"index, follow, max-snippet:-1, max-image-preview:large, max-video-preview:-1\" \/>\n<link rel=\"canonical\" href=\"https:\/\/pbd.pl\/en\/offer\/custom-fonts\/\" \/>\n<meta property=\"og:locale\" content=\"en_US\" \/>\n<meta property=\"og:type\" content=\"article\" \/>\n<meta property=\"og:title\" content=\"Custom fonts - Perform Brand Design\" \/>\n<meta property=\"og:description\" content=\"Typeface is the second strongest brand asset - it promotes consistency in any medium and facilitates quick brand recognition. We will design a dedicated lettering that reflects the character of your offering.\" \/>\n<meta property=\"og:url\" content=\"https:\/\/pbd.pl\/en\/offer\/custom-fonts\/\" \/>\n<meta property=\"og:site_name\" content=\"Perform Brand Design\" \/>\n<meta property=\"article:publisher\" content=\"https:\/\/facebook.com\/PerformBrandDesign\/\" \/>\n<meta property=\"article:modified_time\" content=\"2024-07-25T09:49:50+00:00\" \/>\n<meta property=\"og:image\" content=\"https:\/\/pbd.pl\/wp-content\/uploads\/2023\/01\/14-1.jpg\" \/>\n\t<meta property=\"og:image:width\" content=\"1200\" \/>\n\t<meta property=\"og:image:height\" content=\"832\" \/>\n\t<meta property=\"og:image:type\" content=\"image\/jpeg\" \/>\n<meta name=\"twitter:card\" content=\"summary_large_image\" \/>\n<meta name=\"twitter:label1\" content=\"Est. reading time\" \/>\n\t<meta name=\"twitter:data1\" content=\"3 minutes\" \/>\n<script type=\"application\/ld+json\" class=\"yoast-schema-graph\">{\"@context\":\"https:\/\/schema.org\",\"@graph\":[{\"@type\":\"WebPage\",\"@id\":\"https:\/\/pbd.pl\/en\/offer\/custom-fonts\/\",\"url\":\"https:\/\/pbd.pl\/en\/offer\/custom-fonts\/\",\"name\":\"Custom fonts - Perform Brand Design\",\"isPartOf\":{\"@id\":\"https:\/\/pbd.pl\/#website\"},\"primaryImageOfPage\":{\"@id\":\"https:\/\/pbd.pl\/en\/offer\/custom-fonts\/#primaryimage\"},\"image\":{\"@id\":\"https:\/\/pbd.pl\/en\/offer\/custom-fonts\/#primaryimage\"},\"thumbnailUrl\":\"https:\/\/pbd.pl\/wp-content\/uploads\/2023\/01\/14-1.jpg\",\"datePublished\":\"2022-12-04T10:26:29+00:00\",\"dateModified\":\"2024-07-25T09:49:50+00:00\",\"breadcrumb\":{\"@id\":\"https:\/\/pbd.pl\/en\/offer\/custom-fonts\/#breadcrumb\"},\"inLanguage\":\"en-US\",\"potentialAction\":[{\"@type\":\"ReadAction\",\"target\":[\"https:\/\/pbd.pl\/en\/offer\/custom-fonts\/\"]}]},{\"@type\":\"ImageObject\",\"inLanguage\":\"en-US\",\"@id\":\"https:\/\/pbd.pl\/en\/offer\/custom-fonts\/#primaryimage\",\"url\":\"https:\/\/pbd.pl\/wp-content\/uploads\/2023\/01\/14-1.jpg\",\"contentUrl\":\"https:\/\/pbd.pl\/wp-content\/uploads\/2023\/01\/14-1.jpg\",\"width\":1200,\"height\":832},{\"@type\":\"BreadcrumbList\",\"@id\":\"https:\/\/pbd.pl\/en\/offer\/custom-fonts\/#breadcrumb\",\"itemListElement\":[{\"@type\":\"ListItem\",\"position\":1,\"name\":\"Strona g\u0142\u00f3wna\",\"item\":\"https:\/\/pbd.pl\/en\/\"},{\"@type\":\"ListItem\",\"position\":2,\"name\":\"Offer\",\"item\":\"https:\/\/pbd.pl\/en\/offer\/\"},{\"@type\":\"ListItem\",\"position\":3,\"name\":\"Custom fonts\"}]},{\"@type\":\"WebSite\",\"@id\":\"https:\/\/pbd.pl\/#website\",\"url\":\"https:\/\/pbd.pl\/\",\"name\":\"Perform Brand Design\",\"description\":\"Zajmujemy zajmuje si\u0119 tworzeniem i budow\u0105 marek pod k\u0105tem strategicznym i kreatywnym.\",\"publisher\":{\"@id\":\"https:\/\/pbd.pl\/#organization\"},\"potentialAction\":[{\"@type\":\"SearchAction\",\"target\":{\"@type\":\"EntryPoint\",\"urlTemplate\":\"https:\/\/pbd.pl\/?s={search_term_string}\"},\"query-input\":{\"@type\":\"PropertyValueSpecification\",\"valueRequired\":true,\"valueName\":\"search_term_string\"}}],\"inLanguage\":\"en-US\"},{\"@type\":\"Organization\",\"@id\":\"https:\/\/pbd.pl\/#organization\",\"name\":\"Perform Brand Design\",\"url\":\"https:\/\/pbd.pl\/\",\"logo\":{\"@type\":\"ImageObject\",\"inLanguage\":\"en-US\",\"@id\":\"https:\/\/pbd.pl\/#\/schema\/logo\/image\/\",\"url\":\"https:\/\/pbd.pl\/wp-content\/uploads\/2022\/08\/PBDsquare.jpg\",\"contentUrl\":\"https:\/\/pbd.pl\/wp-content\/uploads\/2022\/08\/PBDsquare.jpg\",\"width\":1200,\"height\":1200,\"caption\":\"Perform Brand Design\"},\"image\":{\"@id\":\"https:\/\/pbd.pl\/#\/schema\/logo\/image\/\"},\"sameAs\":[\"https:\/\/facebook.com\/PerformBrandDesign\/\",\"https:\/\/linkedin.com\/company\/performbranddesign\/\",\"https:\/\/www.instagram.com\/pbd.pl\/\"]}]}<\/script>\n<!-- \/ Yoast SEO plugin. -->","yoast_head_json":{"title":"Custom fonts - Perform Brand Design","robots":{"index":"index","follow":"follow","max-snippet":"max-snippet:-1","max-image-preview":"max-image-preview:large","max-video-preview":"max-video-preview:-1"},"canonical":"https:\/\/pbd.pl\/en\/offer\/custom-fonts\/","og_locale":"en_US","og_type":"article","og_title":"Custom fonts - Perform Brand Design","og_description":"Typeface is the second strongest brand asset - it promotes consistency in any medium and facilitates quick brand recognition. We will design a dedicated lettering that reflects the character of your offering.","og_url":"https:\/\/pbd.pl\/en\/offer\/custom-fonts\/","og_site_name":"Perform Brand Design","article_publisher":"https:\/\/facebook.com\/PerformBrandDesign\/","article_modified_time":"2024-07-25T09:49:50+00:00","og_image":[{"width":1200,"height":832,"url":"https:\/\/pbd.pl\/wp-content\/uploads\/2023\/01\/14-1.jpg","type":"image\/jpeg"}],"twitter_card":"summary_large_image","twitter_misc":{"Est. reading time":"3 minutes"},"schema":{"@context":"https:\/\/schema.org","@graph":[{"@type":"WebPage","@id":"https:\/\/pbd.pl\/en\/offer\/custom-fonts\/","url":"https:\/\/pbd.pl\/en\/offer\/custom-fonts\/","name":"Custom fonts - Perform Brand Design","isPartOf":{"@id":"https:\/\/pbd.pl\/#website"},"primaryImageOfPage":{"@id":"https:\/\/pbd.pl\/en\/offer\/custom-fonts\/#primaryimage"},"image":{"@id":"https:\/\/pbd.pl\/en\/offer\/custom-fonts\/#primaryimage"},"thumbnailUrl":"https:\/\/pbd.pl\/wp-content\/uploads\/2023\/01\/14-1.jpg","datePublished":"2022-12-04T10:26:29+00:00","dateModified":"2024-07-25T09:49:50+00:00","breadcrumb":{"@id":"https:\/\/pbd.pl\/en\/offer\/custom-fonts\/#breadcrumb"},"inLanguage":"en-US","potentialAction":[{"@type":"ReadAction","target":["https:\/\/pbd.pl\/en\/offer\/custom-fonts\/"]}]},{"@type":"ImageObject","inLanguage":"en-US","@id":"https:\/\/pbd.pl\/en\/offer\/custom-fonts\/#primaryimage","url":"https:\/\/pbd.pl\/wp-content\/uploads\/2023\/01\/14-1.jpg","contentUrl":"https:\/\/pbd.pl\/wp-content\/uploads\/2023\/01\/14-1.jpg","width":1200,"height":832},{"@type":"BreadcrumbList","@id":"https:\/\/pbd.pl\/en\/offer\/custom-fonts\/#breadcrumb","itemListElement":[{"@type":"ListItem","position":1,"name":"Strona g\u0142\u00f3wna","item":"https:\/\/pbd.pl\/en\/"},{"@type":"ListItem","position":2,"name":"Offer","item":"https:\/\/pbd.pl\/en\/offer\/"},{"@type":"ListItem","position":3,"name":"Custom fonts"}]},{"@type":"WebSite","@id":"https:\/\/pbd.pl\/#website","url":"https:\/\/pbd.pl\/","name":"Perform Brand Design","description":"Zajmujemy zajmuje si\u0119 tworzeniem i budow\u0105 marek pod k\u0105tem strategicznym i kreatywnym.","publisher":{"@id":"https:\/\/pbd.pl\/#organization"},"potentialAction":[{"@type":"SearchAction","target":{"@type":"EntryPoint","urlTemplate":"https:\/\/pbd.pl\/?s={search_term_string}"},"query-input":{"@type":"PropertyValueSpecification","valueRequired":true,"valueName":"search_term_string"}}],"inLanguage":"en-US"},{"@type":"Organization","@id":"https:\/\/pbd.pl\/#organization","name":"Perform Brand Design","url":"https:\/\/pbd.pl\/","logo":{"@type":"ImageObject","inLanguage":"en-US","@id":"https:\/\/pbd.pl\/#\/schema\/logo\/image\/","url":"https:\/\/pbd.pl\/wp-content\/uploads\/2022\/08\/PBDsquare.jpg","contentUrl":"https:\/\/pbd.pl\/wp-content\/uploads\/2022\/08\/PBDsquare.jpg","width":1200,"height":1200,"caption":"Perform Brand Design"},"image":{"@id":"https:\/\/pbd.pl\/#\/schema\/logo\/image\/"},"sameAs":["https:\/\/facebook.com\/PerformBrandDesign\/","https:\/\/linkedin.com\/company\/performbranddesign\/","https:\/\/www.instagram.com\/pbd.pl\/"]}]}},"_links":{"self":[{"href":"https:\/\/pbd.pl\/en\/wp-json\/wp\/v2\/pages\/9721","targetHints":{"allow":["GET"]}}],"collection":[{"href":"https:\/\/pbd.pl\/en\/wp-json\/wp\/v2\/pages"}],"about":[{"href":"https:\/\/pbd.pl\/en\/wp-json\/wp\/v2\/types\/page"}],"author":[{"embeddable":true,"href":"https:\/\/pbd.pl\/en\/wp-json\/wp\/v2\/users\/2"}],"replies":[{"embeddable":true,"href":"https:\/\/pbd.pl\/en\/wp-json\/wp\/v2\/comments?post=9721"}],"version-history":[{"count":9,"href":"https:\/\/pbd.pl\/en\/wp-json\/wp\/v2\/pages\/9721\/revisions"}],"predecessor-version":[{"id":12687,"href":"https:\/\/pbd.pl\/en\/wp-json\/wp\/v2\/pages\/9721\/revisions\/12687"}],"up":[{"embeddable":true,"href":"https:\/\/pbd.pl\/en\/wp-json\/wp\/v2\/pages\/9377"}],"wp:featuredmedia":[{"embeddable":true,"href":"https:\/\/pbd.pl\/en\/wp-json\/wp\/v2\/media\/10642"}],"wp:attachment":[{"href":"https:\/\/pbd.pl\/en\/wp-json\/wp\/v2\/media?parent=9721"}],"curies":[{"name":"wp","href":"https:\/\/api.w.org\/{rel}","templated":true}]}}