{"id":9716,"date":"2022-07-22T12:13:15","date_gmt":"2022-07-22T10:13:15","guid":{"rendered":"https:\/\/pbd.pl\/offer\/corporate-identity\/"},"modified":"2023-01-19T12:10:20","modified_gmt":"2023-01-19T11:10:20","slug":"corporate-identity","status":"publish","type":"page","link":"https:\/\/pbd.pl\/en\/offer\/corporate-identity\/","title":{"rendered":"Corporate identity"},"content":{"rendered":"\n<div class=\"wp-block-group extra-margin-bottom is-style-intro is-layout-flow wp-block-group extra-margin-bottom-is-layout-flow\">\n<h1 class=\"wp-block-heading\">Corporate identity<\/h1>\n<\/div>\n\n\n\n<div class=\"wp-block-group extra-margin-bottom is-style-side-right is-layout-flow wp-block-group extra-margin-bottom-is-layout-flow\">\n<p>Visual identity determines first impressions of a brand. It also plays an important role in the process of building brand awareness and is an everyday marketing tool. We design coherent and attractive systems. Such materials, when used regularly, build recognition and significantly increase habitual loyalty and profits.<\/p>\n\n\n\n<p class=\"has-small-font-size\">Key benefits:<\/p>\n\n\n\n<ul class=\"wp-block-list\">\n<li>Making the brand stand out among the competition and in the eyes of the public<\/li>\n\n\n\n<li>An image that conveys the organisation&#8217;s identity and the essence of what it offers<\/li>\n\n\n\n<li>Reduced marketing spend and easy brand extension<\/li>\n\n\n\n<li>Standardising ways to maintain brand consistency<\/li>\n<\/ul>\n\n\n\n<p class=\"is-style-default has-small-font-size\">We can help you visualise the ideas behind your brand, which will fuel excitement and build culture. If your goal is to build a consistent and distinctive image, we invite you to get in touch.<\/p>\n<\/div>\n","protected":false},"excerpt":{"rendered":"<p>A visual identity is a visual language that distinguishes an organisation from its competitors, while maintaining an authentic character. We can help you design a visual identity that will serve your brand for years to come.<\/p>\n","protected":false},"author":1,"featured_media":10631,"parent":9377,"menu_order":3,"comment_status":"closed","ping_status":"closed","template":"","meta":{"_acf_changed":false,"inline_featured_image":false,"footnotes":""},"class_list":["post-9716","page","type-page","status-publish","has-post-thumbnail","hentry"],"acf":[],"yoast_head":"<!-- This site is optimized with the Yoast SEO plugin v26.8 - https:\/\/yoast.com\/product\/yoast-seo-wordpress\/ -->\n<title>Corporate identity - Perform Brand Design<\/title>\n<meta name=\"robots\" content=\"index, follow, max-snippet:-1, max-image-preview:large, max-video-preview:-1\" \/>\n<link rel=\"canonical\" href=\"https:\/\/pbd.pl\/en\/offer\/corporate-identity\/\" \/>\n<meta property=\"og:locale\" content=\"en_US\" \/>\n<meta property=\"og:type\" content=\"article\" \/>\n<meta property=\"og:title\" content=\"Corporate identity - Perform Brand Design\" \/>\n<meta property=\"og:description\" content=\"A visual identity is a visual language that distinguishes an organisation from its competitors, while maintaining an authentic character. We can help you design a visual identity that will serve your brand for years to come.\" \/>\n<meta property=\"og:url\" content=\"https:\/\/pbd.pl\/en\/offer\/corporate-identity\/\" \/>\n<meta property=\"og:site_name\" content=\"Perform Brand Design\" \/>\n<meta property=\"article:publisher\" content=\"https:\/\/facebook.com\/PerformBrandDesign\/\" \/>\n<meta property=\"article:modified_time\" content=\"2023-01-19T11:10:20+00:00\" \/>\n<meta property=\"og:image\" content=\"https:\/\/pbd.pl\/wp-content\/uploads\/2023\/01\/11-1.jpg\" \/>\n\t<meta property=\"og:image:width\" content=\"1200\" \/>\n\t<meta property=\"og:image:height\" content=\"832\" \/>\n\t<meta property=\"og:image:type\" content=\"image\/jpeg\" \/>\n<meta name=\"twitter:card\" content=\"summary_large_image\" \/>\n<meta name=\"twitter:label1\" content=\"Est. reading time\" \/>\n\t<meta name=\"twitter:data1\" content=\"1 minute\" \/>\n<script type=\"application\/ld+json\" class=\"yoast-schema-graph\">{\"@context\":\"https:\/\/schema.org\",\"@graph\":[{\"@type\":\"WebPage\",\"@id\":\"https:\/\/pbd.pl\/en\/offer\/corporate-identity\/\",\"url\":\"https:\/\/pbd.pl\/en\/offer\/corporate-identity\/\",\"name\":\"Corporate identity - Perform Brand Design\",\"isPartOf\":{\"@id\":\"https:\/\/pbd.pl\/#website\"},\"primaryImageOfPage\":{\"@id\":\"https:\/\/pbd.pl\/en\/offer\/corporate-identity\/#primaryimage\"},\"image\":{\"@id\":\"https:\/\/pbd.pl\/en\/offer\/corporate-identity\/#primaryimage\"},\"thumbnailUrl\":\"https:\/\/pbd.pl\/wp-content\/uploads\/2023\/01\/11-1.jpg\",\"datePublished\":\"2022-07-22T10:13:15+00:00\",\"dateModified\":\"2023-01-19T11:10:20+00:00\",\"breadcrumb\":{\"@id\":\"https:\/\/pbd.pl\/en\/offer\/corporate-identity\/#breadcrumb\"},\"inLanguage\":\"en-US\",\"potentialAction\":[{\"@type\":\"ReadAction\",\"target\":[\"https:\/\/pbd.pl\/en\/offer\/corporate-identity\/\"]}]},{\"@type\":\"ImageObject\",\"inLanguage\":\"en-US\",\"@id\":\"https:\/\/pbd.pl\/en\/offer\/corporate-identity\/#primaryimage\",\"url\":\"https:\/\/pbd.pl\/wp-content\/uploads\/2023\/01\/11-1.jpg\",\"contentUrl\":\"https:\/\/pbd.pl\/wp-content\/uploads\/2023\/01\/11-1.jpg\",\"width\":1200,\"height\":832},{\"@type\":\"BreadcrumbList\",\"@id\":\"https:\/\/pbd.pl\/en\/offer\/corporate-identity\/#breadcrumb\",\"itemListElement\":[{\"@type\":\"ListItem\",\"position\":1,\"name\":\"Strona g\u0142\u00f3wna\",\"item\":\"https:\/\/pbd.pl\/en\/\"},{\"@type\":\"ListItem\",\"position\":2,\"name\":\"Offer\",\"item\":\"https:\/\/pbd.pl\/en\/offer\/\"},{\"@type\":\"ListItem\",\"position\":3,\"name\":\"Corporate identity\"}]},{\"@type\":\"WebSite\",\"@id\":\"https:\/\/pbd.pl\/#website\",\"url\":\"https:\/\/pbd.pl\/\",\"name\":\"Perform Brand Design\",\"description\":\"Zajmujemy zajmuje si\u0119 tworzeniem i budow\u0105 marek pod k\u0105tem strategicznym i kreatywnym.\",\"publisher\":{\"@id\":\"https:\/\/pbd.pl\/#organization\"},\"potentialAction\":[{\"@type\":\"SearchAction\",\"target\":{\"@type\":\"EntryPoint\",\"urlTemplate\":\"https:\/\/pbd.pl\/?s={search_term_string}\"},\"query-input\":{\"@type\":\"PropertyValueSpecification\",\"valueRequired\":true,\"valueName\":\"search_term_string\"}}],\"inLanguage\":\"en-US\"},{\"@type\":\"Organization\",\"@id\":\"https:\/\/pbd.pl\/#organization\",\"name\":\"Perform Brand Design\",\"url\":\"https:\/\/pbd.pl\/\",\"logo\":{\"@type\":\"ImageObject\",\"inLanguage\":\"en-US\",\"@id\":\"https:\/\/pbd.pl\/#\/schema\/logo\/image\/\",\"url\":\"https:\/\/pbd.pl\/wp-content\/uploads\/2022\/08\/PBDsquare.jpg\",\"contentUrl\":\"https:\/\/pbd.pl\/wp-content\/uploads\/2022\/08\/PBDsquare.jpg\",\"width\":1200,\"height\":1200,\"caption\":\"Perform Brand Design\"},\"image\":{\"@id\":\"https:\/\/pbd.pl\/#\/schema\/logo\/image\/\"},\"sameAs\":[\"https:\/\/facebook.com\/PerformBrandDesign\/\",\"https:\/\/linkedin.com\/company\/performbranddesign\/\",\"https:\/\/www.instagram.com\/pbd.pl\/\"]}]}<\/script>\n<!-- \/ Yoast SEO plugin. -->","yoast_head_json":{"title":"Corporate identity - Perform Brand Design","robots":{"index":"index","follow":"follow","max-snippet":"max-snippet:-1","max-image-preview":"max-image-preview:large","max-video-preview":"max-video-preview:-1"},"canonical":"https:\/\/pbd.pl\/en\/offer\/corporate-identity\/","og_locale":"en_US","og_type":"article","og_title":"Corporate identity - Perform Brand Design","og_description":"A visual identity is a visual language that distinguishes an organisation from its competitors, while maintaining an authentic character. We can help you design a visual identity that will serve your brand for years to come.","og_url":"https:\/\/pbd.pl\/en\/offer\/corporate-identity\/","og_site_name":"Perform Brand Design","article_publisher":"https:\/\/facebook.com\/PerformBrandDesign\/","article_modified_time":"2023-01-19T11:10:20+00:00","og_image":[{"width":1200,"height":832,"url":"https:\/\/pbd.pl\/wp-content\/uploads\/2023\/01\/11-1.jpg","type":"image\/jpeg"}],"twitter_card":"summary_large_image","twitter_misc":{"Est. reading time":"1 minute"},"schema":{"@context":"https:\/\/schema.org","@graph":[{"@type":"WebPage","@id":"https:\/\/pbd.pl\/en\/offer\/corporate-identity\/","url":"https:\/\/pbd.pl\/en\/offer\/corporate-identity\/","name":"Corporate identity - Perform Brand Design","isPartOf":{"@id":"https:\/\/pbd.pl\/#website"},"primaryImageOfPage":{"@id":"https:\/\/pbd.pl\/en\/offer\/corporate-identity\/#primaryimage"},"image":{"@id":"https:\/\/pbd.pl\/en\/offer\/corporate-identity\/#primaryimage"},"thumbnailUrl":"https:\/\/pbd.pl\/wp-content\/uploads\/2023\/01\/11-1.jpg","datePublished":"2022-07-22T10:13:15+00:00","dateModified":"2023-01-19T11:10:20+00:00","breadcrumb":{"@id":"https:\/\/pbd.pl\/en\/offer\/corporate-identity\/#breadcrumb"},"inLanguage":"en-US","potentialAction":[{"@type":"ReadAction","target":["https:\/\/pbd.pl\/en\/offer\/corporate-identity\/"]}]},{"@type":"ImageObject","inLanguage":"en-US","@id":"https:\/\/pbd.pl\/en\/offer\/corporate-identity\/#primaryimage","url":"https:\/\/pbd.pl\/wp-content\/uploads\/2023\/01\/11-1.jpg","contentUrl":"https:\/\/pbd.pl\/wp-content\/uploads\/2023\/01\/11-1.jpg","width":1200,"height":832},{"@type":"BreadcrumbList","@id":"https:\/\/pbd.pl\/en\/offer\/corporate-identity\/#breadcrumb","itemListElement":[{"@type":"ListItem","position":1,"name":"Strona g\u0142\u00f3wna","item":"https:\/\/pbd.pl\/en\/"},{"@type":"ListItem","position":2,"name":"Offer","item":"https:\/\/pbd.pl\/en\/offer\/"},{"@type":"ListItem","position":3,"name":"Corporate identity"}]},{"@type":"WebSite","@id":"https:\/\/pbd.pl\/#website","url":"https:\/\/pbd.pl\/","name":"Perform Brand Design","description":"Zajmujemy zajmuje si\u0119 tworzeniem i budow\u0105 marek pod k\u0105tem strategicznym i kreatywnym.","publisher":{"@id":"https:\/\/pbd.pl\/#organization"},"potentialAction":[{"@type":"SearchAction","target":{"@type":"EntryPoint","urlTemplate":"https:\/\/pbd.pl\/?s={search_term_string}"},"query-input":{"@type":"PropertyValueSpecification","valueRequired":true,"valueName":"search_term_string"}}],"inLanguage":"en-US"},{"@type":"Organization","@id":"https:\/\/pbd.pl\/#organization","name":"Perform Brand Design","url":"https:\/\/pbd.pl\/","logo":{"@type":"ImageObject","inLanguage":"en-US","@id":"https:\/\/pbd.pl\/#\/schema\/logo\/image\/","url":"https:\/\/pbd.pl\/wp-content\/uploads\/2022\/08\/PBDsquare.jpg","contentUrl":"https:\/\/pbd.pl\/wp-content\/uploads\/2022\/08\/PBDsquare.jpg","width":1200,"height":1200,"caption":"Perform Brand Design"},"image":{"@id":"https:\/\/pbd.pl\/#\/schema\/logo\/image\/"},"sameAs":["https:\/\/facebook.com\/PerformBrandDesign\/","https:\/\/linkedin.com\/company\/performbranddesign\/","https:\/\/www.instagram.com\/pbd.pl\/"]}]}},"_links":{"self":[{"href":"https:\/\/pbd.pl\/en\/wp-json\/wp\/v2\/pages\/9716","targetHints":{"allow":["GET"]}}],"collection":[{"href":"https:\/\/pbd.pl\/en\/wp-json\/wp\/v2\/pages"}],"about":[{"href":"https:\/\/pbd.pl\/en\/wp-json\/wp\/v2\/types\/page"}],"author":[{"embeddable":true,"href":"https:\/\/pbd.pl\/en\/wp-json\/wp\/v2\/users\/1"}],"replies":[{"embeddable":true,"href":"https:\/\/pbd.pl\/en\/wp-json\/wp\/v2\/comments?post=9716"}],"version-history":[{"count":3,"href":"https:\/\/pbd.pl\/en\/wp-json\/wp\/v2\/pages\/9716\/revisions"}],"predecessor-version":[{"id":10633,"href":"https:\/\/pbd.pl\/en\/wp-json\/wp\/v2\/pages\/9716\/revisions\/10633"}],"up":[{"embeddable":true,"href":"https:\/\/pbd.pl\/en\/wp-json\/wp\/v2\/pages\/9377"}],"wp:featuredmedia":[{"embeddable":true,"href":"https:\/\/pbd.pl\/en\/wp-json\/wp\/v2\/media\/10631"}],"wp:attachment":[{"href":"https:\/\/pbd.pl\/en\/wp-json\/wp\/v2\/media?parent=9716"}],"curies":[{"name":"wp","href":"https:\/\/api.w.org\/{rel}","templated":true}]}}