{"id":9393,"date":"2022-06-29T17:51:15","date_gmt":"2022-06-29T15:51:15","guid":{"rendered":"https:\/\/pbd.pl\/freebie\/"},"modified":"2022-12-12T16:16:33","modified_gmt":"2022-12-12T15:16:33","slug":"freebie","status":"publish","type":"page","link":"https:\/\/pbd.pl\/en\/freebie\/","title":{"rendered":"Freebie"},"content":{"rendered":"\n<div class=\"wp-block-group extra-margin-bottom is-style-intro is-layout-flow wp-block-group extra-margin-bottom-is-layout-flow\">\n<p>Pobierz mini-poradnik<br\/><mark style=\"background-color:rgba(0, 0, 0, 0)\" class=\"has-inline-color has-grey-color\">Odkryj top trzy najwi\u0119ksze b\u0142\u0119dy brandingu<\/mark><\/p>\n<\/div>\n\n<div class=\"wp-block-group figure-is-first extra-margin-bottom is-style-side-abs-right is-layout-flow wp-block-group figure-is-first extra-margin-bottom-is-layout-flow\">\n<figure class=\"with-caption wp-block-image size-full\"><img decoding=\"async\" width=\"1148\" height=\"644\" data-src=\"https:\/\/pbd.pl\/wp-content\/uploads\/2022\/10\/Studio_2-e1424086941584.jpg\" alt=\"\" class=\"wp-image-8382 lazyload\" data-srcset=\"https:\/\/pbd.pl\/wp-content\/uploads\/2022\/10\/Studio_2-e1424086941584.jpg 1148w, https:\/\/pbd.pl\/wp-content\/uploads\/2022\/10\/Studio_2-e1424086941584-800x449.jpg 800w, https:\/\/pbd.pl\/wp-content\/uploads\/2022\/10\/Studio_2-e1424086941584-500x280.jpg 500w, https:\/\/pbd.pl\/wp-content\/uploads\/2022\/10\/Studio_2-e1424086941584-768x431.jpg 768w\" data-sizes=\"(max-width: 1148px) 100vw, 1148px\" src=\"data:image\/svg+xml;base64,PHN2ZyB3aWR0aD0iMSIgaGVpZ2h0PSIxIiB4bWxucz0iaHR0cDovL3d3dy53My5vcmcvMjAwMC9zdmciPjwvc3ZnPg==\" style=\"--smush-placeholder-width: 1148px; --smush-placeholder-aspect-ratio: 1148\/644;\" \/><figcaption class=\"wp-element-caption\">Podpis<\/figcaption><\/figure>\n\n\n\n<p>Sprawd\u017a, czy te\u017c je pope\u0142niasz i naucz si\u0119 rozpoznawa\u0107 dobry design! Pobierz nasz darmowy PDF i przekonaj si\u0119 sam.<\/p>\n\n\n\n<p class=\"has-small-font-size\">Tre\u015bci zawarte w tym bezp\u0142atnym e-booku stanowi\u0105 pierwszy element edukacji wizualnej ka\u017cdego eksperta marketingu i wszystkich os\u00f3b zainteresowanych designem lub budowaniem rozpoznawalnej marki.<\/p>\n\n\n\n<p class=\"has-small-font-size\">We wsp\u00f3\u0142pracy z naszymi Klientami zaczynamy w\u0142a\u015bnie od podzielenia si\u0119 wiedz\u0105, jak budowa\u0107 systemy identyfikacji. Bezp\u0142atny ebook stanowi do tego idealne wprowadzenie.<\/p>\n\n\n\n<p class=\"has-small-font-size\">G\u0142\u0119boko wierzymy,\u00a0\u017ce w\u0142a\u015bnie aktualna wiedza psychologiczna, marketingowa i projektowa jest motorem rozwoju ka\u017cdej marki, szczeg\u00f3lnie je\u015bli czeka j\u0105 branding, rebranding lub refreshing.<\/p>\n\n\n\n<div id=\"acf-button-block_3b0e8d23f435d37713da7bd5f62e1679\" class=\"acf-button\">\n\n\t<a\n\t\tclass=\"acf-button__link typo__button-fat typo__button-fat--black\"\n\t\thref=\"#\"\n\t\ttarget=\"_self\"\n\t\t>Pobierz<\/a>\n\n<\/div><\/div>\n\n<div style=\"height:100px\" aria-hidden=\"true\" class=\"wp-block-spacer\"><\/div>\n\n<div class=\"wp-block-group extra-margin-bottom is-style-side-right is-layout-flow wp-block-group extra-margin-bottom-is-layout-flow\">\n<p>Dzi\u0119ki e-bookowi i zawartym w nim \u0107wiczeniach:<\/p>\n<\/div>\n\n<div class=\"wp-block-group figure-is-first extra-margin-bottom is-style-side-abs-right is-layout-flow wp-block-group figure-is-first extra-margin-bottom-is-layout-flow\">\n<figure class=\"wp-block-image size-full\"><img decoding=\"async\" data-src=\"https:\/\/pbd.pl\/wp-content\/uploads\/2022\/07\/Rok0dMnZmFI-1.jpg\" alt=\"\" class=\"wp-image-261 lazyload\" src=\"data:image\/svg+xml;base64,PHN2ZyB3aWR0aD0iMSIgaGVpZ2h0PSIxIiB4bWxucz0iaHR0cDovL3d3dy53My5vcmcvMjAwMC9zdmciPjwvc3ZnPg==\" \/><\/figure>\n\n\n\n<ul class=\"wp-block-list\">\n<li>Przekonasz si\u0119, czy nie pope\u0142niasz najpopularniejszych b\u0142\u0119d\u00f3w brandingu<\/li>\n\n\n\n<li>Dowiesz si\u0119 czym jest i jak samodzielnie wykona\u0107 test \u201ezakrytego logo\u201d<\/li>\n\n\n\n<li>Wzniesiesz swoj\u0105 brandingow\u0105 wiedz\u0119 na kolejny, wy\u017cszy poziom<\/li>\n\n\n\n<li>Przygotujesz si\u0119 do oceny jako\u015bciowej prezentowanego brandingu<\/li>\n\n\n\n<li>Zaskoczysz sw\u00f3j zesp\u00f3\u0142 doskona\u0142ym przygotowaniem merytorycznym<\/li>\n\n\n\n<li>Nauczysz si\u0119 jak przebiega sekwencja rozpoznawania znak\u00f3w<\/li>\n\n\n\n<li>Poznasz najsilniejsze aktywa marki (i nie ma w\u015br\u00f3d nich koloru!)<\/li>\n\n\n\n<li>Uzyskasz wiedz\u0119 czym jest i czym nie jest tzw. design system<\/li>\n\n\n\n<li>Zrozumiesz si\u0119 kiedy bud\u017cet na branding jest po prostu marnotrawiony<\/li>\n<\/ul>\n<\/div>\n","protected":false},"excerpt":{"rendered":"<p>Pobierz mini-poradnikOdkryj top trzy najwi\u0119ksze b\u0142\u0119dy brandingu Sprawd\u017a, czy te\u017c je pope\u0142niasz i naucz si\u0119 rozpoznawa\u0107 dobry design! Pobierz nasz darmowy PDF i przekonaj si\u0119 sam. Tre\u015bci zawarte w tym bezp\u0142atnym e-booku stanowi\u0105 pierwszy element edukacji wizualnej ka\u017cdego eksperta marketingu i wszystkich os\u00f3b zainteresowanych designem lub budowaniem rozpoznawalnej marki. We wsp\u00f3\u0142pracy z naszymi Klientami zaczynamy [&hellip;]<\/p>\n","protected":false},"author":1,"featured_media":0,"parent":0,"menu_order":0,"comment_status":"closed","ping_status":"closed","template":"","meta":{"_acf_changed":false,"inline_featured_image":false,"footnotes":""},"class_list":["post-9393","page","type-page","status-publish","hentry"],"acf":[],"yoast_head":"<!-- This site is optimized with the Yoast SEO plugin v26.8 - https:\/\/yoast.com\/product\/yoast-seo-wordpress\/ -->\n<title>Freebie - Perform Brand Design<\/title>\n<meta name=\"robots\" content=\"index, follow, max-snippet:-1, max-image-preview:large, max-video-preview:-1\" \/>\n<link rel=\"canonical\" href=\"https:\/\/pbd.pl\/en\/freebie\/\" \/>\n<meta property=\"og:locale\" content=\"en_US\" \/>\n<meta property=\"og:type\" content=\"article\" \/>\n<meta property=\"og:title\" content=\"Freebie - Perform Brand Design\" \/>\n<meta property=\"og:description\" content=\"Pobierz mini-poradnikOdkryj top trzy najwi\u0119ksze b\u0142\u0119dy brandingu Sprawd\u017a, czy te\u017c je pope\u0142niasz i naucz si\u0119 rozpoznawa\u0107 dobry design! Pobierz nasz darmowy PDF i przekonaj si\u0119 sam. Tre\u015bci zawarte w tym bezp\u0142atnym e-booku stanowi\u0105 pierwszy element edukacji wizualnej ka\u017cdego eksperta marketingu i wszystkich os\u00f3b zainteresowanych designem lub budowaniem rozpoznawalnej marki. We wsp\u00f3\u0142pracy z naszymi Klientami zaczynamy [&hellip;]\" \/>\n<meta property=\"og:url\" content=\"https:\/\/pbd.pl\/en\/freebie\/\" \/>\n<meta property=\"og:site_name\" content=\"Perform Brand Design\" \/>\n<meta property=\"article:publisher\" content=\"https:\/\/facebook.com\/PerformBrandDesign\/\" \/>\n<meta property=\"article:modified_time\" content=\"2022-12-12T15:16:33+00:00\" \/>\n<meta property=\"og:image\" content=\"https:\/\/pbd.pl\/wp-content\/uploads\/2022\/10\/Studio_2-e1424086941584.jpg\" \/>\n<meta name=\"twitter:card\" content=\"summary_large_image\" \/>\n<meta name=\"twitter:label1\" content=\"Est. reading time\" \/>\n\t<meta name=\"twitter:data1\" content=\"1 minute\" \/>\n<script type=\"application\/ld+json\" class=\"yoast-schema-graph\">{\"@context\":\"https:\/\/schema.org\",\"@graph\":[{\"@type\":\"WebPage\",\"@id\":\"https:\/\/pbd.pl\/en\/freebie\/\",\"url\":\"https:\/\/pbd.pl\/en\/freebie\/\",\"name\":\"Freebie - Perform Brand Design\",\"isPartOf\":{\"@id\":\"https:\/\/pbd.pl\/#website\"},\"primaryImageOfPage\":{\"@id\":\"https:\/\/pbd.pl\/en\/freebie\/#primaryimage\"},\"image\":{\"@id\":\"https:\/\/pbd.pl\/en\/freebie\/#primaryimage\"},\"thumbnailUrl\":\"https:\/\/pbd.pl\/wp-content\/uploads\/2022\/10\/Studio_2-e1424086941584.jpg\",\"datePublished\":\"2022-06-29T15:51:15+00:00\",\"dateModified\":\"2022-12-12T15:16:33+00:00\",\"breadcrumb\":{\"@id\":\"https:\/\/pbd.pl\/en\/freebie\/#breadcrumb\"},\"inLanguage\":\"en-US\",\"potentialAction\":[{\"@type\":\"ReadAction\",\"target\":[\"https:\/\/pbd.pl\/en\/freebie\/\"]}]},{\"@type\":\"ImageObject\",\"inLanguage\":\"en-US\",\"@id\":\"https:\/\/pbd.pl\/en\/freebie\/#primaryimage\",\"url\":\"https:\/\/pbd.pl\/wp-content\/uploads\/2022\/10\/Studio_2-e1424086941584.jpg\",\"contentUrl\":\"https:\/\/pbd.pl\/wp-content\/uploads\/2022\/10\/Studio_2-e1424086941584.jpg\"},{\"@type\":\"BreadcrumbList\",\"@id\":\"https:\/\/pbd.pl\/en\/freebie\/#breadcrumb\",\"itemListElement\":[{\"@type\":\"ListItem\",\"position\":1,\"name\":\"Strona g\u0142\u00f3wna\",\"item\":\"https:\/\/pbd.pl\/en\/\"},{\"@type\":\"ListItem\",\"position\":2,\"name\":\"Freebie\"}]},{\"@type\":\"WebSite\",\"@id\":\"https:\/\/pbd.pl\/#website\",\"url\":\"https:\/\/pbd.pl\/\",\"name\":\"Perform Brand Design\",\"description\":\"Zajmujemy zajmuje si\u0119 tworzeniem i budow\u0105 marek pod k\u0105tem strategicznym i kreatywnym.\",\"publisher\":{\"@id\":\"https:\/\/pbd.pl\/#organization\"},\"potentialAction\":[{\"@type\":\"SearchAction\",\"target\":{\"@type\":\"EntryPoint\",\"urlTemplate\":\"https:\/\/pbd.pl\/?s={search_term_string}\"},\"query-input\":{\"@type\":\"PropertyValueSpecification\",\"valueRequired\":true,\"valueName\":\"search_term_string\"}}],\"inLanguage\":\"en-US\"},{\"@type\":\"Organization\",\"@id\":\"https:\/\/pbd.pl\/#organization\",\"name\":\"Perform Brand Design\",\"url\":\"https:\/\/pbd.pl\/\",\"logo\":{\"@type\":\"ImageObject\",\"inLanguage\":\"en-US\",\"@id\":\"https:\/\/pbd.pl\/#\/schema\/logo\/image\/\",\"url\":\"https:\/\/pbd.pl\/wp-content\/uploads\/2022\/08\/PBDsquare.jpg\",\"contentUrl\":\"https:\/\/pbd.pl\/wp-content\/uploads\/2022\/08\/PBDsquare.jpg\",\"width\":1200,\"height\":1200,\"caption\":\"Perform Brand Design\"},\"image\":{\"@id\":\"https:\/\/pbd.pl\/#\/schema\/logo\/image\/\"},\"sameAs\":[\"https:\/\/facebook.com\/PerformBrandDesign\/\",\"https:\/\/linkedin.com\/company\/performbranddesign\/\",\"https:\/\/www.instagram.com\/pbd.pl\/\"]}]}<\/script>\n<!-- \/ Yoast SEO plugin. -->","yoast_head_json":{"title":"Freebie - Perform Brand Design","robots":{"index":"index","follow":"follow","max-snippet":"max-snippet:-1","max-image-preview":"max-image-preview:large","max-video-preview":"max-video-preview:-1"},"canonical":"https:\/\/pbd.pl\/en\/freebie\/","og_locale":"en_US","og_type":"article","og_title":"Freebie - Perform Brand Design","og_description":"Pobierz mini-poradnikOdkryj top trzy najwi\u0119ksze b\u0142\u0119dy brandingu Sprawd\u017a, czy te\u017c je pope\u0142niasz i naucz si\u0119 rozpoznawa\u0107 dobry design! Pobierz nasz darmowy PDF i przekonaj si\u0119 sam. Tre\u015bci zawarte w tym bezp\u0142atnym e-booku stanowi\u0105 pierwszy element edukacji wizualnej ka\u017cdego eksperta marketingu i wszystkich os\u00f3b zainteresowanych designem lub budowaniem rozpoznawalnej marki. We wsp\u00f3\u0142pracy z naszymi Klientami zaczynamy [&hellip;]","og_url":"https:\/\/pbd.pl\/en\/freebie\/","og_site_name":"Perform Brand Design","article_publisher":"https:\/\/facebook.com\/PerformBrandDesign\/","article_modified_time":"2022-12-12T15:16:33+00:00","og_image":[{"url":"https:\/\/pbd.pl\/wp-content\/uploads\/2022\/10\/Studio_2-e1424086941584.jpg","type":"","width":"","height":""}],"twitter_card":"summary_large_image","twitter_misc":{"Est. reading time":"1 minute"},"schema":{"@context":"https:\/\/schema.org","@graph":[{"@type":"WebPage","@id":"https:\/\/pbd.pl\/en\/freebie\/","url":"https:\/\/pbd.pl\/en\/freebie\/","name":"Freebie - Perform Brand Design","isPartOf":{"@id":"https:\/\/pbd.pl\/#website"},"primaryImageOfPage":{"@id":"https:\/\/pbd.pl\/en\/freebie\/#primaryimage"},"image":{"@id":"https:\/\/pbd.pl\/en\/freebie\/#primaryimage"},"thumbnailUrl":"https:\/\/pbd.pl\/wp-content\/uploads\/2022\/10\/Studio_2-e1424086941584.jpg","datePublished":"2022-06-29T15:51:15+00:00","dateModified":"2022-12-12T15:16:33+00:00","breadcrumb":{"@id":"https:\/\/pbd.pl\/en\/freebie\/#breadcrumb"},"inLanguage":"en-US","potentialAction":[{"@type":"ReadAction","target":["https:\/\/pbd.pl\/en\/freebie\/"]}]},{"@type":"ImageObject","inLanguage":"en-US","@id":"https:\/\/pbd.pl\/en\/freebie\/#primaryimage","url":"https:\/\/pbd.pl\/wp-content\/uploads\/2022\/10\/Studio_2-e1424086941584.jpg","contentUrl":"https:\/\/pbd.pl\/wp-content\/uploads\/2022\/10\/Studio_2-e1424086941584.jpg"},{"@type":"BreadcrumbList","@id":"https:\/\/pbd.pl\/en\/freebie\/#breadcrumb","itemListElement":[{"@type":"ListItem","position":1,"name":"Strona g\u0142\u00f3wna","item":"https:\/\/pbd.pl\/en\/"},{"@type":"ListItem","position":2,"name":"Freebie"}]},{"@type":"WebSite","@id":"https:\/\/pbd.pl\/#website","url":"https:\/\/pbd.pl\/","name":"Perform Brand Design","description":"Zajmujemy zajmuje si\u0119 tworzeniem i budow\u0105 marek pod k\u0105tem strategicznym i kreatywnym.","publisher":{"@id":"https:\/\/pbd.pl\/#organization"},"potentialAction":[{"@type":"SearchAction","target":{"@type":"EntryPoint","urlTemplate":"https:\/\/pbd.pl\/?s={search_term_string}"},"query-input":{"@type":"PropertyValueSpecification","valueRequired":true,"valueName":"search_term_string"}}],"inLanguage":"en-US"},{"@type":"Organization","@id":"https:\/\/pbd.pl\/#organization","name":"Perform Brand Design","url":"https:\/\/pbd.pl\/","logo":{"@type":"ImageObject","inLanguage":"en-US","@id":"https:\/\/pbd.pl\/#\/schema\/logo\/image\/","url":"https:\/\/pbd.pl\/wp-content\/uploads\/2022\/08\/PBDsquare.jpg","contentUrl":"https:\/\/pbd.pl\/wp-content\/uploads\/2022\/08\/PBDsquare.jpg","width":1200,"height":1200,"caption":"Perform Brand Design"},"image":{"@id":"https:\/\/pbd.pl\/#\/schema\/logo\/image\/"},"sameAs":["https:\/\/facebook.com\/PerformBrandDesign\/","https:\/\/linkedin.com\/company\/performbranddesign\/","https:\/\/www.instagram.com\/pbd.pl\/"]}]}},"_links":{"self":[{"href":"https:\/\/pbd.pl\/en\/wp-json\/wp\/v2\/pages\/9393","targetHints":{"allow":["GET"]}}],"collection":[{"href":"https:\/\/pbd.pl\/en\/wp-json\/wp\/v2\/pages"}],"about":[{"href":"https:\/\/pbd.pl\/en\/wp-json\/wp\/v2\/types\/page"}],"author":[{"embeddable":true,"href":"https:\/\/pbd.pl\/en\/wp-json\/wp\/v2\/users\/1"}],"replies":[{"embeddable":true,"href":"https:\/\/pbd.pl\/en\/wp-json\/wp\/v2\/comments?post=9393"}],"version-history":[{"count":1,"href":"https:\/\/pbd.pl\/en\/wp-json\/wp\/v2\/pages\/9393\/revisions"}],"predecessor-version":[{"id":9394,"href":"https:\/\/pbd.pl\/en\/wp-json\/wp\/v2\/pages\/9393\/revisions\/9394"}],"wp:attachment":[{"href":"https:\/\/pbd.pl\/en\/wp-json\/wp\/v2\/media?parent=9393"}],"curies":[{"name":"wp","href":"https:\/\/api.w.org\/{rel}","templated":true}]}}