{"id":9389,"date":"2022-06-29T17:51:22","date_gmt":"2022-06-29T15:51:22","guid":{"rendered":"https:\/\/pbd.pl\/store\/"},"modified":"2022-12-12T16:15:14","modified_gmt":"2022-12-12T15:15:14","slug":"store","status":"publish","type":"page","link":"https:\/\/pbd.pl\/en\/store\/","title":{"rendered":"Store"},"content":{"rendered":"\n<div class=\"wp-block-group extra-margin-bottom is-style-intro is-layout-flow wp-block-group extra-margin-bottom-is-layout-flow\">\n<h2 class=\"wp-block-heading\">Pomagamy klientom strategicznie i kreatywnie w procesach nadawania marki. Efektem naszej pracy jest <mark style=\"background-color:rgba(0, 0, 0, 0)\" class=\"has-inline-color has-grey-color\">m\u0105dry i dobry design.<\/mark><\/h2>\n<\/div>\n\n<div id=\"acf-products-block_e50f8c98e4da8b4a9a98c2e34ac50029\" class=\"acf-products\">\n\n  \n<\/div>","protected":false},"excerpt":{"rendered":"<p>Pomagamy klientom strategicznie i kreatywnie w procesach nadawania marki. Efektem naszej pracy jest m\u0105dry i dobry design.<\/p>\n","protected":false},"author":1,"featured_media":0,"parent":0,"menu_order":0,"comment_status":"closed","ping_status":"closed","template":"","meta":{"_acf_changed":false,"inline_featured_image":false,"footnotes":""},"class_list":["post-9389","page","type-page","status-publish","hentry"],"acf":[],"yoast_head":"<!-- This site is optimized with the Yoast SEO plugin v26.8 - https:\/\/yoast.com\/product\/yoast-seo-wordpress\/ -->\n<title>Store - Perform Brand Design<\/title>\n<meta name=\"robots\" content=\"index, follow, max-snippet:-1, max-image-preview:large, max-video-preview:-1\" \/>\n<link rel=\"canonical\" href=\"https:\/\/pbd.pl\/en\/store\/\" \/>\n<meta property=\"og:locale\" content=\"en_US\" \/>\n<meta property=\"og:type\" content=\"article\" \/>\n<meta property=\"og:title\" content=\"Store - Perform Brand Design\" \/>\n<meta property=\"og:description\" content=\"Pomagamy klientom strategicznie i kreatywnie w procesach nadawania marki. Efektem naszej pracy jest m\u0105dry i dobry design.\" \/>\n<meta property=\"og:url\" content=\"https:\/\/pbd.pl\/en\/store\/\" \/>\n<meta property=\"og:site_name\" content=\"Perform Brand Design\" \/>\n<meta property=\"article:publisher\" content=\"https:\/\/facebook.com\/PerformBrandDesign\/\" \/>\n<meta property=\"article:modified_time\" content=\"2022-12-12T15:15:14+00:00\" \/>\n<meta property=\"og:image\" content=\"https:\/\/pbd.pl\/wp-content\/uploads\/2022\/08\/PBD.png\" \/>\n\t<meta property=\"og:image:width\" content=\"1200\" \/>\n\t<meta property=\"og:image:height\" content=\"630\" \/>\n\t<meta property=\"og:image:type\" content=\"image\/png\" \/>\n<meta name=\"twitter:card\" content=\"summary_large_image\" \/>\n<script type=\"application\/ld+json\" class=\"yoast-schema-graph\">{\"@context\":\"https:\/\/schema.org\",\"@graph\":[{\"@type\":\"WebPage\",\"@id\":\"https:\/\/pbd.pl\/en\/store\/\",\"url\":\"https:\/\/pbd.pl\/en\/store\/\",\"name\":\"Store - Perform Brand Design\",\"isPartOf\":{\"@id\":\"https:\/\/pbd.pl\/#website\"},\"datePublished\":\"2022-06-29T15:51:22+00:00\",\"dateModified\":\"2022-12-12T15:15:14+00:00\",\"breadcrumb\":{\"@id\":\"https:\/\/pbd.pl\/en\/store\/#breadcrumb\"},\"inLanguage\":\"en-US\",\"potentialAction\":[{\"@type\":\"ReadAction\",\"target\":[\"https:\/\/pbd.pl\/en\/store\/\"]}]},{\"@type\":\"BreadcrumbList\",\"@id\":\"https:\/\/pbd.pl\/en\/store\/#breadcrumb\",\"itemListElement\":[{\"@type\":\"ListItem\",\"position\":1,\"name\":\"Strona g\u0142\u00f3wna\",\"item\":\"https:\/\/pbd.pl\/en\/\"},{\"@type\":\"ListItem\",\"position\":2,\"name\":\"Store\"}]},{\"@type\":\"WebSite\",\"@id\":\"https:\/\/pbd.pl\/#website\",\"url\":\"https:\/\/pbd.pl\/\",\"name\":\"Perform Brand Design\",\"description\":\"Zajmujemy zajmuje si\u0119 tworzeniem i budow\u0105 marek pod k\u0105tem strategicznym i kreatywnym.\",\"publisher\":{\"@id\":\"https:\/\/pbd.pl\/#organization\"},\"potentialAction\":[{\"@type\":\"SearchAction\",\"target\":{\"@type\":\"EntryPoint\",\"urlTemplate\":\"https:\/\/pbd.pl\/?s={search_term_string}\"},\"query-input\":{\"@type\":\"PropertyValueSpecification\",\"valueRequired\":true,\"valueName\":\"search_term_string\"}}],\"inLanguage\":\"en-US\"},{\"@type\":\"Organization\",\"@id\":\"https:\/\/pbd.pl\/#organization\",\"name\":\"Perform Brand Design\",\"url\":\"https:\/\/pbd.pl\/\",\"logo\":{\"@type\":\"ImageObject\",\"inLanguage\":\"en-US\",\"@id\":\"https:\/\/pbd.pl\/#\/schema\/logo\/image\/\",\"url\":\"https:\/\/pbd.pl\/wp-content\/uploads\/2022\/08\/PBDsquare.jpg\",\"contentUrl\":\"https:\/\/pbd.pl\/wp-content\/uploads\/2022\/08\/PBDsquare.jpg\",\"width\":1200,\"height\":1200,\"caption\":\"Perform Brand Design\"},\"image\":{\"@id\":\"https:\/\/pbd.pl\/#\/schema\/logo\/image\/\"},\"sameAs\":[\"https:\/\/facebook.com\/PerformBrandDesign\/\",\"https:\/\/linkedin.com\/company\/performbranddesign\/\",\"https:\/\/www.instagram.com\/pbd.pl\/\"]}]}<\/script>\n<!-- \/ Yoast SEO plugin. -->","yoast_head_json":{"title":"Store - Perform Brand Design","robots":{"index":"index","follow":"follow","max-snippet":"max-snippet:-1","max-image-preview":"max-image-preview:large","max-video-preview":"max-video-preview:-1"},"canonical":"https:\/\/pbd.pl\/en\/store\/","og_locale":"en_US","og_type":"article","og_title":"Store - Perform Brand Design","og_description":"Pomagamy klientom strategicznie i kreatywnie w procesach nadawania marki. Efektem naszej pracy jest m\u0105dry i dobry design.","og_url":"https:\/\/pbd.pl\/en\/store\/","og_site_name":"Perform Brand Design","article_publisher":"https:\/\/facebook.com\/PerformBrandDesign\/","article_modified_time":"2022-12-12T15:15:14+00:00","og_image":[{"width":1200,"height":630,"url":"https:\/\/pbd.pl\/wp-content\/uploads\/2022\/08\/PBD.png","type":"image\/png"}],"twitter_card":"summary_large_image","schema":{"@context":"https:\/\/schema.org","@graph":[{"@type":"WebPage","@id":"https:\/\/pbd.pl\/en\/store\/","url":"https:\/\/pbd.pl\/en\/store\/","name":"Store - Perform Brand Design","isPartOf":{"@id":"https:\/\/pbd.pl\/#website"},"datePublished":"2022-06-29T15:51:22+00:00","dateModified":"2022-12-12T15:15:14+00:00","breadcrumb":{"@id":"https:\/\/pbd.pl\/en\/store\/#breadcrumb"},"inLanguage":"en-US","potentialAction":[{"@type":"ReadAction","target":["https:\/\/pbd.pl\/en\/store\/"]}]},{"@type":"BreadcrumbList","@id":"https:\/\/pbd.pl\/en\/store\/#breadcrumb","itemListElement":[{"@type":"ListItem","position":1,"name":"Strona g\u0142\u00f3wna","item":"https:\/\/pbd.pl\/en\/"},{"@type":"ListItem","position":2,"name":"Store"}]},{"@type":"WebSite","@id":"https:\/\/pbd.pl\/#website","url":"https:\/\/pbd.pl\/","name":"Perform Brand Design","description":"Zajmujemy zajmuje si\u0119 tworzeniem i budow\u0105 marek pod k\u0105tem strategicznym i kreatywnym.","publisher":{"@id":"https:\/\/pbd.pl\/#organization"},"potentialAction":[{"@type":"SearchAction","target":{"@type":"EntryPoint","urlTemplate":"https:\/\/pbd.pl\/?s={search_term_string}"},"query-input":{"@type":"PropertyValueSpecification","valueRequired":true,"valueName":"search_term_string"}}],"inLanguage":"en-US"},{"@type":"Organization","@id":"https:\/\/pbd.pl\/#organization","name":"Perform Brand Design","url":"https:\/\/pbd.pl\/","logo":{"@type":"ImageObject","inLanguage":"en-US","@id":"https:\/\/pbd.pl\/#\/schema\/logo\/image\/","url":"https:\/\/pbd.pl\/wp-content\/uploads\/2022\/08\/PBDsquare.jpg","contentUrl":"https:\/\/pbd.pl\/wp-content\/uploads\/2022\/08\/PBDsquare.jpg","width":1200,"height":1200,"caption":"Perform Brand Design"},"image":{"@id":"https:\/\/pbd.pl\/#\/schema\/logo\/image\/"},"sameAs":["https:\/\/facebook.com\/PerformBrandDesign\/","https:\/\/linkedin.com\/company\/performbranddesign\/","https:\/\/www.instagram.com\/pbd.pl\/"]}]}},"_links":{"self":[{"href":"https:\/\/pbd.pl\/en\/wp-json\/wp\/v2\/pages\/9389","targetHints":{"allow":["GET"]}}],"collection":[{"href":"https:\/\/pbd.pl\/en\/wp-json\/wp\/v2\/pages"}],"about":[{"href":"https:\/\/pbd.pl\/en\/wp-json\/wp\/v2\/types\/page"}],"author":[{"embeddable":true,"href":"https:\/\/pbd.pl\/en\/wp-json\/wp\/v2\/users\/1"}],"replies":[{"embeddable":true,"href":"https:\/\/pbd.pl\/en\/wp-json\/wp\/v2\/comments?post=9389"}],"version-history":[{"count":1,"href":"https:\/\/pbd.pl\/en\/wp-json\/wp\/v2\/pages\/9389\/revisions"}],"predecessor-version":[{"id":9390,"href":"https:\/\/pbd.pl\/en\/wp-json\/wp\/v2\/pages\/9389\/revisions\/9390"}],"wp:attachment":[{"href":"https:\/\/pbd.pl\/en\/wp-json\/wp\/v2\/media?parent=9389"}],"curies":[{"name":"wp","href":"https:\/\/api.w.org\/{rel}","templated":true}]}}