{"id":9383,"date":"2022-06-29T17:22:42","date_gmt":"2022-06-29T15:22:42","guid":{"rendered":"https:\/\/pbd.pl\/podcasts\/"},"modified":"2022-12-12T16:14:42","modified_gmt":"2022-12-12T15:14:42","slug":"podcasts","status":"publish","type":"page","link":"https:\/\/pbd.pl\/en\/podcasts\/","title":{"rendered":"Podcasts"},"content":{"rendered":"\n<div class=\"wp-block-group extra-margin-bottom is-style-intro is-layout-flow wp-block-group extra-margin-bottom-is-layout-flow\">\n<p>Dzia\u0142amy tak, by proces kreowania wizerunku marki by\u0142 tw\u00f3rczy, logiczny i elastyczny. <mark style=\"background-color:rgba(0, 0, 0, 0)\" class=\"has-inline-color has-grey-color\">Stawiamy na doskona\u0142e relacje<\/mark> i d\u0142ugofalow\u0105 wsp\u00f3\u0142prac\u0119.<\/p>\n<\/div>\n\n<div id=\"acf-podcasts-block_62eced2d66deb\" class=\"acf-podcasts\">\n\n  \n<\/div>\n<p>Nasze podcasty<br\/>znajdziesz te\u017c na:<\/p>\n\n<nav id=\"acf-p-source-block_62eced3e66dec\" class=\"acf-p-source typo--small\">\n\n  <ul class=\"acf-p-source__grid\">\n\n    \n    <li class=\"acf-p-source__item\">\n\n      <a class=\"acf-p-source__link typo__button-fat typo__button-fat--grey\" href=\"#spotify\">\n\n                  <svg xmlns=\"http:\/\/www.w3.org\/2000\/svg\" viewBox=\"0 0 24 24\"><path fill=\"#1ED760\" fill-rule=\"evenodd\" d=\"M19.098 10.638C15.23 8.341 8.85 8.13 5.158 9.251a1.122 1.122 0 1 1-.652-2.148C8.745 5.816 15.79 6.064 20.244 8.708a1.122 1.122 0 1 1-1.146 1.93m-.126 3.403a.936.936 0 0 1-1.287.308c-3.225-1.983-8.142-2.557-11.958-1.399a.937.937 0 0 1-1.167-.623.937.937 0 0 1 .624-1.167c4.358-1.322 9.776-.682 13.48 1.594.44.271.578.847.308 1.287m-1.469 3.267a.748.748 0 0 1-1.028.25c-2.818-1.723-6.365-2.112-10.542-1.158a.748.748 0 1 1-.333-1.458c4.571-1.045 8.492-.595 11.655 1.338a.748.748 0 0 1 .248 1.028M12 0C5.373 0 0 5.372 0 12s5.373 12 12 12c6.628 0 12-5.372 12-12S18.628 0 12 0\"\/><\/svg>        \n        <span>Spotify<\/span>\n\n      <\/a>\n\n    <\/li>\n\n    \n    <li class=\"acf-p-source__item\">\n\n      <a class=\"acf-p-source__link typo__button-fat typo__button-fat--grey\" href=\"#apple\">\n\n                  <svg xmlns=\"http:\/\/www.w3.org\/2000\/svg\" viewBox=\"0 0 291.538 291.538\" style=\"enable-background:new 0 0 291.538 291.538\" xml:space=\"preserve\">\n\t<path style=\"fill:#ccd0d2\" d=\"M188.373 44.308c10.97-11.744 18.39-28.049 16.359-44.308-15.804.564-34.958 9.277-46.302 21.02-10.169 10.396-19.072 27.011-16.696 42.951 17.635 1.193 35.651-7.938 46.639-19.663zm33.657 112.285c-.337-36.451 28.859-53.958 30.152-54.804-16.414-24.753-41.977-28.14-51.081-28.522-21.767-2.285-42.442 13.182-53.493 13.182-11.006 0-28.03-12.882-46.083-12.536-23.733.391-45.601 14.211-57.79 36.114-24.654 44.063-6.319 109.336 17.705 145.077 11.744 17.497 25.727 37.125 44.089 36.415 17.725-.71 24.407-11.789 45.792-11.789 21.394 0 27.384 11.789 46.101 11.434 19.045-.355 31.098-17.834 42.742-35.386 13.473-20.292 19.027-39.938 19.345-40.93-.409-.237-37.088-14.666-37.479-58.255z\"\/>\n<\/svg>        \n        <span>Apple Podcasts<\/span>\n\n      <\/a>\n\n    <\/li>\n\n    \n  <\/ul>\n\n<\/nav>\n\n\n<p><\/p>\n","protected":false},"excerpt":{"rendered":"<p>Dzia\u0142amy tak, by proces kreowania wizerunku marki by\u0142 tw\u00f3rczy, logiczny i elastyczny. Stawiamy na doskona\u0142e relacje i d\u0142ugofalow\u0105 wsp\u00f3\u0142prac\u0119. Nasze podcastyznajdziesz te\u017c na:<\/p>\n","protected":false},"author":1,"featured_media":0,"parent":0,"menu_order":0,"comment_status":"closed","ping_status":"closed","template":"","meta":{"_acf_changed":false,"inline_featured_image":false,"footnotes":""},"class_list":["post-9383","page","type-page","status-publish","hentry"],"acf":[],"yoast_head":"<!-- This site is optimized with the Yoast SEO plugin v26.8 - https:\/\/yoast.com\/product\/yoast-seo-wordpress\/ -->\n<title>Podcasts - Perform Brand Design<\/title>\n<meta name=\"robots\" content=\"index, follow, max-snippet:-1, max-image-preview:large, max-video-preview:-1\" \/>\n<link rel=\"canonical\" href=\"https:\/\/pbd.pl\/en\/podcasts\/\" \/>\n<meta property=\"og:locale\" content=\"en_US\" \/>\n<meta property=\"og:type\" content=\"article\" \/>\n<meta property=\"og:title\" content=\"Podcasts - Perform Brand Design\" \/>\n<meta property=\"og:description\" content=\"Dzia\u0142amy tak, by proces kreowania wizerunku marki by\u0142 tw\u00f3rczy, logiczny i elastyczny. Stawiamy na doskona\u0142e relacje i d\u0142ugofalow\u0105 wsp\u00f3\u0142prac\u0119. Nasze podcastyznajdziesz te\u017c na:\" \/>\n<meta property=\"og:url\" content=\"https:\/\/pbd.pl\/en\/podcasts\/\" \/>\n<meta property=\"og:site_name\" content=\"Perform Brand Design\" \/>\n<meta property=\"article:publisher\" content=\"https:\/\/facebook.com\/PerformBrandDesign\/\" \/>\n<meta property=\"article:modified_time\" content=\"2022-12-12T15:14:42+00:00\" \/>\n<meta property=\"og:image\" content=\"https:\/\/pbd.pl\/wp-content\/uploads\/2022\/08\/PBD.png\" \/>\n\t<meta property=\"og:image:width\" content=\"1200\" \/>\n\t<meta property=\"og:image:height\" content=\"630\" \/>\n\t<meta property=\"og:image:type\" content=\"image\/png\" \/>\n<meta name=\"twitter:card\" content=\"summary_large_image\" \/>\n<script type=\"application\/ld+json\" class=\"yoast-schema-graph\">{\"@context\":\"https:\/\/schema.org\",\"@graph\":[{\"@type\":\"WebPage\",\"@id\":\"https:\/\/pbd.pl\/en\/podcasts\/\",\"url\":\"https:\/\/pbd.pl\/en\/podcasts\/\",\"name\":\"Podcasts - Perform Brand Design\",\"isPartOf\":{\"@id\":\"https:\/\/pbd.pl\/#website\"},\"datePublished\":\"2022-06-29T15:22:42+00:00\",\"dateModified\":\"2022-12-12T15:14:42+00:00\",\"breadcrumb\":{\"@id\":\"https:\/\/pbd.pl\/en\/podcasts\/#breadcrumb\"},\"inLanguage\":\"en-US\",\"potentialAction\":[{\"@type\":\"ReadAction\",\"target\":[\"https:\/\/pbd.pl\/en\/podcasts\/\"]}]},{\"@type\":\"BreadcrumbList\",\"@id\":\"https:\/\/pbd.pl\/en\/podcasts\/#breadcrumb\",\"itemListElement\":[{\"@type\":\"ListItem\",\"position\":1,\"name\":\"Strona g\u0142\u00f3wna\",\"item\":\"https:\/\/pbd.pl\/en\/\"},{\"@type\":\"ListItem\",\"position\":2,\"name\":\"Podcasts\"}]},{\"@type\":\"WebSite\",\"@id\":\"https:\/\/pbd.pl\/#website\",\"url\":\"https:\/\/pbd.pl\/\",\"name\":\"Perform Brand Design\",\"description\":\"Zajmujemy zajmuje si\u0119 tworzeniem i budow\u0105 marek pod k\u0105tem strategicznym i kreatywnym.\",\"publisher\":{\"@id\":\"https:\/\/pbd.pl\/#organization\"},\"potentialAction\":[{\"@type\":\"SearchAction\",\"target\":{\"@type\":\"EntryPoint\",\"urlTemplate\":\"https:\/\/pbd.pl\/?s={search_term_string}\"},\"query-input\":{\"@type\":\"PropertyValueSpecification\",\"valueRequired\":true,\"valueName\":\"search_term_string\"}}],\"inLanguage\":\"en-US\"},{\"@type\":\"Organization\",\"@id\":\"https:\/\/pbd.pl\/#organization\",\"name\":\"Perform Brand Design\",\"url\":\"https:\/\/pbd.pl\/\",\"logo\":{\"@type\":\"ImageObject\",\"inLanguage\":\"en-US\",\"@id\":\"https:\/\/pbd.pl\/#\/schema\/logo\/image\/\",\"url\":\"https:\/\/pbd.pl\/wp-content\/uploads\/2022\/08\/PBDsquare.jpg\",\"contentUrl\":\"https:\/\/pbd.pl\/wp-content\/uploads\/2022\/08\/PBDsquare.jpg\",\"width\":1200,\"height\":1200,\"caption\":\"Perform Brand Design\"},\"image\":{\"@id\":\"https:\/\/pbd.pl\/#\/schema\/logo\/image\/\"},\"sameAs\":[\"https:\/\/facebook.com\/PerformBrandDesign\/\",\"https:\/\/linkedin.com\/company\/performbranddesign\/\",\"https:\/\/www.instagram.com\/pbd.pl\/\"]}]}<\/script>\n<!-- \/ Yoast SEO plugin. -->","yoast_head_json":{"title":"Podcasts - Perform Brand Design","robots":{"index":"index","follow":"follow","max-snippet":"max-snippet:-1","max-image-preview":"max-image-preview:large","max-video-preview":"max-video-preview:-1"},"canonical":"https:\/\/pbd.pl\/en\/podcasts\/","og_locale":"en_US","og_type":"article","og_title":"Podcasts - Perform Brand Design","og_description":"Dzia\u0142amy tak, by proces kreowania wizerunku marki by\u0142 tw\u00f3rczy, logiczny i elastyczny. Stawiamy na doskona\u0142e relacje i d\u0142ugofalow\u0105 wsp\u00f3\u0142prac\u0119. Nasze podcastyznajdziesz te\u017c na:","og_url":"https:\/\/pbd.pl\/en\/podcasts\/","og_site_name":"Perform Brand Design","article_publisher":"https:\/\/facebook.com\/PerformBrandDesign\/","article_modified_time":"2022-12-12T15:14:42+00:00","og_image":[{"width":1200,"height":630,"url":"https:\/\/pbd.pl\/wp-content\/uploads\/2022\/08\/PBD.png","type":"image\/png"}],"twitter_card":"summary_large_image","schema":{"@context":"https:\/\/schema.org","@graph":[{"@type":"WebPage","@id":"https:\/\/pbd.pl\/en\/podcasts\/","url":"https:\/\/pbd.pl\/en\/podcasts\/","name":"Podcasts - Perform Brand Design","isPartOf":{"@id":"https:\/\/pbd.pl\/#website"},"datePublished":"2022-06-29T15:22:42+00:00","dateModified":"2022-12-12T15:14:42+00:00","breadcrumb":{"@id":"https:\/\/pbd.pl\/en\/podcasts\/#breadcrumb"},"inLanguage":"en-US","potentialAction":[{"@type":"ReadAction","target":["https:\/\/pbd.pl\/en\/podcasts\/"]}]},{"@type":"BreadcrumbList","@id":"https:\/\/pbd.pl\/en\/podcasts\/#breadcrumb","itemListElement":[{"@type":"ListItem","position":1,"name":"Strona g\u0142\u00f3wna","item":"https:\/\/pbd.pl\/en\/"},{"@type":"ListItem","position":2,"name":"Podcasts"}]},{"@type":"WebSite","@id":"https:\/\/pbd.pl\/#website","url":"https:\/\/pbd.pl\/","name":"Perform Brand Design","description":"Zajmujemy zajmuje si\u0119 tworzeniem i budow\u0105 marek pod k\u0105tem strategicznym i kreatywnym.","publisher":{"@id":"https:\/\/pbd.pl\/#organization"},"potentialAction":[{"@type":"SearchAction","target":{"@type":"EntryPoint","urlTemplate":"https:\/\/pbd.pl\/?s={search_term_string}"},"query-input":{"@type":"PropertyValueSpecification","valueRequired":true,"valueName":"search_term_string"}}],"inLanguage":"en-US"},{"@type":"Organization","@id":"https:\/\/pbd.pl\/#organization","name":"Perform Brand Design","url":"https:\/\/pbd.pl\/","logo":{"@type":"ImageObject","inLanguage":"en-US","@id":"https:\/\/pbd.pl\/#\/schema\/logo\/image\/","url":"https:\/\/pbd.pl\/wp-content\/uploads\/2022\/08\/PBDsquare.jpg","contentUrl":"https:\/\/pbd.pl\/wp-content\/uploads\/2022\/08\/PBDsquare.jpg","width":1200,"height":1200,"caption":"Perform Brand Design"},"image":{"@id":"https:\/\/pbd.pl\/#\/schema\/logo\/image\/"},"sameAs":["https:\/\/facebook.com\/PerformBrandDesign\/","https:\/\/linkedin.com\/company\/performbranddesign\/","https:\/\/www.instagram.com\/pbd.pl\/"]}]}},"_links":{"self":[{"href":"https:\/\/pbd.pl\/en\/wp-json\/wp\/v2\/pages\/9383","targetHints":{"allow":["GET"]}}],"collection":[{"href":"https:\/\/pbd.pl\/en\/wp-json\/wp\/v2\/pages"}],"about":[{"href":"https:\/\/pbd.pl\/en\/wp-json\/wp\/v2\/types\/page"}],"author":[{"embeddable":true,"href":"https:\/\/pbd.pl\/en\/wp-json\/wp\/v2\/users\/1"}],"replies":[{"embeddable":true,"href":"https:\/\/pbd.pl\/en\/wp-json\/wp\/v2\/comments?post=9383"}],"version-history":[{"count":1,"href":"https:\/\/pbd.pl\/en\/wp-json\/wp\/v2\/pages\/9383\/revisions"}],"predecessor-version":[{"id":9384,"href":"https:\/\/pbd.pl\/en\/wp-json\/wp\/v2\/pages\/9383\/revisions\/9384"}],"wp:attachment":[{"href":"https:\/\/pbd.pl\/en\/wp-json\/wp\/v2\/media?parent=9383"}],"curies":[{"name":"wp","href":"https:\/\/api.w.org\/{rel}","templated":true}]}}