{"id":9379,"date":"2022-06-29T17:51:31","date_gmt":"2022-06-29T15:51:31","guid":{"rendered":"https:\/\/pbd.pl\/kontakt\/"},"modified":"2023-02-06T09:26:49","modified_gmt":"2023-02-06T08:26:49","slug":"contact","status":"publish","type":"page","link":"https:\/\/pbd.pl\/en\/contact\/","title":{"rendered":"Contact"},"content":{"rendered":"\n<div class=\"wp-block-group extra-margin-bottom is-style-intro is-layout-flow wp-block-group extra-margin-bottom-is-layout-flow\">\n<p>We believe that a <mark style=\"background-color:rgba(0, 0, 0, 0)\" class=\"has-inline-color has-grey-color\">frank conversation<\/mark>, the time needed to lean into the brand, creativity and care are key to a fruitful collaboration. <\/p>\n<\/div>\n\n\n\n<div class=\"wp-block-group figure-is-first figure-is-last is-style-side-left is-layout-constrained wp-block-group figure-is-first figure-is-last-is-layout-constrained\">\n<figure class=\"wp-block-gallery has-nested-images columns-3 wp-block-gallery-1 is-layout-flex wp-block-gallery-is-layout-flex\">\n<figure class=\"with-caption wp-block-image size-full\"><img decoding=\"async\" width=\"900\" height=\"1300\" data-id=\"8226\" data-src=\"https:\/\/pbd.pl\/wp-content\/uploads\/2022\/10\/TPolitanski.jpg\" alt=\"\" class=\"wp-image-8226 lazyload\" data-srcset=\"https:\/\/pbd.pl\/wp-content\/uploads\/2022\/10\/TPolitanski.jpg 900w, https:\/\/pbd.pl\/wp-content\/uploads\/2022\/10\/TPolitanski-800x1156.jpg 800w, https:\/\/pbd.pl\/wp-content\/uploads\/2022\/10\/TPolitanski-500x722.jpg 500w, https:\/\/pbd.pl\/wp-content\/uploads\/2022\/10\/TPolitanski-768x1109.jpg 768w\" data-sizes=\"(max-width: 900px) 100vw, 900px\" src=\"data:image\/svg+xml;base64,PHN2ZyB3aWR0aD0iMSIgaGVpZ2h0PSIxIiB4bWxucz0iaHR0cDovL3d3dy53My5vcmcvMjAwMC9zdmciPjwvc3ZnPg==\" style=\"--smush-placeholder-width: 900px; --smush-placeholder-aspect-ratio: 900\/1300;\" \/><figcaption class=\"wp-element-caption\"><mark style=\"background-color: rgba(0, 0, 0, 0);\" class=\"has-inline-color has-black-color\">Tomek Polita\u0144ski<\/mark><br>Founder<br><br><a href=\"https:\/\/www.linkedin.com\/in\/tomasz-politanski-3b5333a\/\"><mark style=\"background-color: rgba(0, 0, 0, 0);\" class=\"has-inline-color has-black-color\">LinkedIn<\/mark><\/a><\/figcaption><\/figure>\n\n\n\n<figure class=\"with-caption wp-block-image size-full\"><img decoding=\"async\" width=\"900\" height=\"1300\" data-id=\"8219\" data-src=\"https:\/\/pbd.pl\/wp-content\/uploads\/2022\/10\/Justyna_Politanska.jpg\" alt=\"\" class=\"wp-image-8219 lazyload\" data-srcset=\"https:\/\/pbd.pl\/wp-content\/uploads\/2022\/10\/Justyna_Politanska.jpg 900w, https:\/\/pbd.pl\/wp-content\/uploads\/2022\/10\/Justyna_Politanska-800x1156.jpg 800w, https:\/\/pbd.pl\/wp-content\/uploads\/2022\/10\/Justyna_Politanska-500x722.jpg 500w, https:\/\/pbd.pl\/wp-content\/uploads\/2022\/10\/Justyna_Politanska-768x1109.jpg 768w\" data-sizes=\"(max-width: 900px) 100vw, 900px\" src=\"data:image\/svg+xml;base64,PHN2ZyB3aWR0aD0iMSIgaGVpZ2h0PSIxIiB4bWxucz0iaHR0cDovL3d3dy53My5vcmcvMjAwMC9zdmciPjwvc3ZnPg==\" style=\"--smush-placeholder-width: 900px; --smush-placeholder-aspect-ratio: 900\/1300;\" \/><figcaption class=\"wp-element-caption\"><mark style=\"background-color:rgba(0, 0, 0, 0)\" class=\"has-inline-color has-black-color\">Justyna Polita\u0144ska<\/mark><br>Brand consultant<br><br><a href=\"https:\/\/www.linkedin.com\/in\/justpolitanska\/\"><mark style=\"background-color:rgba(0, 0, 0, 0)\" class=\"has-inline-color has-black-color\">LinkedIn<\/mark><\/a><\/figcaption><\/figure>\n<\/figure>\n<\/div>\n\n\n\n<div style=\"height:200px\" aria-hidden=\"true\" class=\"wp-block-spacer\"><\/div>\n\n\n\n<div class=\"wp-block-group extra-margin-bottom is-style-intro is-layout-flow wp-block-group extra-margin-bottom-is-layout-flow\">\n<p><mark style=\"background-color:rgba(0, 0, 0, 0)\" class=\"has-inline-color has-grey-color\">Whatever challenges<\/mark> your company faces, <mark style=\"background-color:rgba(0, 0, 0, 0)\" class=\"has-inline-color has-grey-color\">you don&#8217;t have to face it alone<\/mark>. Let&#8217;s talk about your brand.<\/p>\n<\/div>\n\n\n\n<div style=\"height:100px\" aria-hidden=\"true\" class=\"wp-block-spacer\"><\/div>\n\n\n\n<div id=\"acf-contact-block_a8c12461e874b015665084bbab3cef37\" class=\"acf-contact\">\n\n\t\n    <div class=\"acf-contact__column\">\n\n    \t<h3 class=\"acf-contact__title typo--small typo--grey\">Get in touch<\/h3>\n\n    \t<div class=\"acf-contact__content\">\n\n    \t\t<p><a href=\"tel:0048504011501\">+48 504 011 501<\/a><br \/>\n<a href=\"mailto:info@pbd.pl\">info@pbd.pl<\/a><\/p>\n\n    \t<\/div>\n\n    <\/div>\n\n    \n    <div class=\"acf-contact__column\">\n\n    \t<h3 class=\"acf-contact__title typo--small typo--grey\">Follow us<\/h3>\n\n    \t<div class=\"acf-contact__content\">\n\n    \t\t<p><a href=\"https:\/\/www.instagram.com\/pbd.pl\/\">Instagram<\/a><br \/>\n<a href=\"https:\/\/linkedin.com\/company\/performbranddesign\/\">LinkedIn<\/a><br \/>\n<a href=\"https:\/\/facebook.com\/PerformBrandDesign\/\">Facebook<\/a><\/p>\n\n    \t<\/div>\n\n    <\/div>\n\n    \n    <div class=\"acf-contact__column\">\n\n    \t<h3 class=\"acf-contact__title typo--small typo--grey\">Address<\/h3>\n\n    \t<div class=\"acf-contact__content\">\n\n    \t\t<p><a href=\"https:\/\/goo.gl\/maps\/fWwD9K6AXV6zBuzr7\">Piotrkowska 65<br \/>\n90-422 \u0141\u00f3d\u017a<br \/>\nPoland<\/a><\/p>\n\n    \t<\/div>\n\n    <\/div>\n\n    \n    <div class=\"acf-contact__column\">\n\n    \t<h3 class=\"acf-contact__title typo--small typo--grey\">Apply<\/h3>\n\n    \t<div class=\"acf-contact__content\">\n\n    \t\t<p><a href=\"mailto:praca@pbd.pl\">praca@pbd.pl<\/a><\/p>\n\n    \t<\/div>\n\n    <\/div>\n\n    \n<\/div>\n\n\n\n\n<div style=\"height:100px\" aria-hidden=\"true\" class=\"wp-block-spacer\"><\/div>\n\n\n\n<figure class=\"wp-block-gallery has-nested-images columns-default is-style-default wp-block-gallery-2 is-layout-flex wp-block-gallery-is-layout-flex\">\n<figure class=\"wp-block-image size-medium\"><img decoding=\"async\" width=\"800\" height=\"449\" data-id=\"8382\" data-src=\"https:\/\/pbd.pl\/wp-content\/uploads\/2022\/10\/Studio_2-e1424086941584-800x449.jpg\" alt=\"Interior design\" class=\"wp-image-8382 lazyload\" data-srcset=\"https:\/\/pbd.pl\/wp-content\/uploads\/2022\/10\/Studio_2-e1424086941584-800x449.jpg 800w, https:\/\/pbd.pl\/wp-content\/uploads\/2022\/10\/Studio_2-e1424086941584-500x280.jpg 500w, https:\/\/pbd.pl\/wp-content\/uploads\/2022\/10\/Studio_2-e1424086941584-768x431.jpg 768w, https:\/\/pbd.pl\/wp-content\/uploads\/2022\/10\/Studio_2-e1424086941584.jpg 1148w\" data-sizes=\"(max-width: 800px) 100vw, 800px\" src=\"data:image\/svg+xml;base64,PHN2ZyB3aWR0aD0iMSIgaGVpZ2h0PSIxIiB4bWxucz0iaHR0cDovL3d3dy53My5vcmcvMjAwMC9zdmciPjwvc3ZnPg==\" style=\"--smush-placeholder-width: 800px; --smush-placeholder-aspect-ratio: 800\/449;\" \/><\/figure>\n\n\n\n<figure class=\"wp-block-image size-full\"><img decoding=\"async\" width=\"740\" height=\"740\" data-id=\"8379\" data-src=\"https:\/\/pbd.pl\/wp-content\/uploads\/2022\/10\/design_office4.jpg\" alt=\"studio Perform\" class=\"wp-image-8379 lazyload\" data-srcset=\"https:\/\/pbd.pl\/wp-content\/uploads\/2022\/10\/design_office4.jpg 740w, https:\/\/pbd.pl\/wp-content\/uploads\/2022\/10\/design_office4-500x500.jpg 500w\" data-sizes=\"(max-width: 740px) 100vw, 740px\" src=\"data:image\/svg+xml;base64,PHN2ZyB3aWR0aD0iMSIgaGVpZ2h0PSIxIiB4bWxucz0iaHR0cDovL3d3dy53My5vcmcvMjAwMC9zdmciPjwvc3ZnPg==\" style=\"--smush-placeholder-width: 740px; --smush-placeholder-aspect-ratio: 740\/740;\" \/><\/figure>\n<\/figure>\n","protected":false},"excerpt":{"rendered":"<p>We believe that a frank conversation, the time needed to lean into the brand, creativity and care are key to a fruitful collaboration. Whatever challenges your company faces, you don&#8217;t have to face it alone. Let&#8217;s talk about your brand.<\/p>\n","protected":false},"author":1,"featured_media":0,"parent":0,"menu_order":0,"comment_status":"closed","ping_status":"closed","template":"page-templates\/no-footer.php","meta":{"_acf_changed":false,"inline_featured_image":false,"footnotes":""},"class_list":["post-9379","page","type-page","status-publish","hentry"],"acf":[],"yoast_head":"<!-- This site is optimized with the Yoast SEO plugin v26.8 - https:\/\/yoast.com\/product\/yoast-seo-wordpress\/ -->\n<title>Contact - Perform Brand Design<\/title>\n<meta name=\"robots\" content=\"index, follow, max-snippet:-1, max-image-preview:large, max-video-preview:-1\" \/>\n<link rel=\"canonical\" href=\"https:\/\/pbd.pl\/en\/contact\/\" \/>\n<meta property=\"og:locale\" content=\"en_US\" \/>\n<meta property=\"og:type\" content=\"article\" \/>\n<meta property=\"og:title\" content=\"Contact - Perform Brand Design\" \/>\n<meta property=\"og:description\" content=\"We believe that a frank conversation, the time needed to lean into the brand, creativity and care are key to a fruitful collaboration. Whatever challenges your company faces, you don&#8217;t have to face it alone. Let&#8217;s talk about your brand.\" \/>\n<meta property=\"og:url\" content=\"https:\/\/pbd.pl\/en\/contact\/\" \/>\n<meta property=\"og:site_name\" content=\"Perform Brand Design\" \/>\n<meta property=\"article:publisher\" content=\"https:\/\/facebook.com\/PerformBrandDesign\/\" \/>\n<meta property=\"article:modified_time\" content=\"2023-02-06T08:26:49+00:00\" \/>\n<meta property=\"og:image\" content=\"https:\/\/pbd.pl\/wp-content\/uploads\/2022\/10\/TPolitanski.jpg\" \/>\n<meta name=\"twitter:card\" content=\"summary_large_image\" \/>\n<meta name=\"twitter:label1\" content=\"Est. reading time\" \/>\n\t<meta name=\"twitter:data1\" content=\"2 minutes\" \/>\n<script type=\"application\/ld+json\" class=\"yoast-schema-graph\">{\"@context\":\"https:\/\/schema.org\",\"@graph\":[{\"@type\":\"WebPage\",\"@id\":\"https:\/\/pbd.pl\/en\/contact\/\",\"url\":\"https:\/\/pbd.pl\/en\/contact\/\",\"name\":\"Contact - Perform Brand Design\",\"isPartOf\":{\"@id\":\"https:\/\/pbd.pl\/#website\"},\"primaryImageOfPage\":{\"@id\":\"https:\/\/pbd.pl\/en\/contact\/#primaryimage\"},\"image\":{\"@id\":\"https:\/\/pbd.pl\/en\/contact\/#primaryimage\"},\"thumbnailUrl\":\"https:\/\/pbd.pl\/wp-content\/uploads\/2022\/10\/TPolitanski.jpg\",\"datePublished\":\"2022-06-29T15:51:31+00:00\",\"dateModified\":\"2023-02-06T08:26:49+00:00\",\"breadcrumb\":{\"@id\":\"https:\/\/pbd.pl\/en\/contact\/#breadcrumb\"},\"inLanguage\":\"en-US\",\"potentialAction\":[{\"@type\":\"ReadAction\",\"target\":[\"https:\/\/pbd.pl\/en\/contact\/\"]}]},{\"@type\":\"ImageObject\",\"inLanguage\":\"en-US\",\"@id\":\"https:\/\/pbd.pl\/en\/contact\/#primaryimage\",\"url\":\"https:\/\/pbd.pl\/wp-content\/uploads\/2022\/10\/TPolitanski.jpg\",\"contentUrl\":\"https:\/\/pbd.pl\/wp-content\/uploads\/2022\/10\/TPolitanski.jpg\"},{\"@type\":\"BreadcrumbList\",\"@id\":\"https:\/\/pbd.pl\/en\/contact\/#breadcrumb\",\"itemListElement\":[{\"@type\":\"ListItem\",\"position\":1,\"name\":\"Strona g\u0142\u00f3wna\",\"item\":\"https:\/\/pbd.pl\/en\/\"},{\"@type\":\"ListItem\",\"position\":2,\"name\":\"Contact\"}]},{\"@type\":\"WebSite\",\"@id\":\"https:\/\/pbd.pl\/#website\",\"url\":\"https:\/\/pbd.pl\/\",\"name\":\"Perform Brand Design\",\"description\":\"Zajmujemy zajmuje si\u0119 tworzeniem i budow\u0105 marek pod k\u0105tem strategicznym i kreatywnym.\",\"publisher\":{\"@id\":\"https:\/\/pbd.pl\/#organization\"},\"potentialAction\":[{\"@type\":\"SearchAction\",\"target\":{\"@type\":\"EntryPoint\",\"urlTemplate\":\"https:\/\/pbd.pl\/?s={search_term_string}\"},\"query-input\":{\"@type\":\"PropertyValueSpecification\",\"valueRequired\":true,\"valueName\":\"search_term_string\"}}],\"inLanguage\":\"en-US\"},{\"@type\":\"Organization\",\"@id\":\"https:\/\/pbd.pl\/#organization\",\"name\":\"Perform Brand Design\",\"url\":\"https:\/\/pbd.pl\/\",\"logo\":{\"@type\":\"ImageObject\",\"inLanguage\":\"en-US\",\"@id\":\"https:\/\/pbd.pl\/#\/schema\/logo\/image\/\",\"url\":\"https:\/\/pbd.pl\/wp-content\/uploads\/2022\/08\/PBDsquare.jpg\",\"contentUrl\":\"https:\/\/pbd.pl\/wp-content\/uploads\/2022\/08\/PBDsquare.jpg\",\"width\":1200,\"height\":1200,\"caption\":\"Perform Brand Design\"},\"image\":{\"@id\":\"https:\/\/pbd.pl\/#\/schema\/logo\/image\/\"},\"sameAs\":[\"https:\/\/facebook.com\/PerformBrandDesign\/\",\"https:\/\/linkedin.com\/company\/performbranddesign\/\",\"https:\/\/www.instagram.com\/pbd.pl\/\"]}]}<\/script>\n<!-- \/ Yoast SEO plugin. -->","yoast_head_json":{"title":"Contact - Perform Brand Design","robots":{"index":"index","follow":"follow","max-snippet":"max-snippet:-1","max-image-preview":"max-image-preview:large","max-video-preview":"max-video-preview:-1"},"canonical":"https:\/\/pbd.pl\/en\/contact\/","og_locale":"en_US","og_type":"article","og_title":"Contact - Perform Brand Design","og_description":"We believe that a frank conversation, the time needed to lean into the brand, creativity and care are key to a fruitful collaboration. Whatever challenges your company faces, you don&#8217;t have to face it alone. Let&#8217;s talk about your brand.","og_url":"https:\/\/pbd.pl\/en\/contact\/","og_site_name":"Perform Brand Design","article_publisher":"https:\/\/facebook.com\/PerformBrandDesign\/","article_modified_time":"2023-02-06T08:26:49+00:00","og_image":[{"url":"https:\/\/pbd.pl\/wp-content\/uploads\/2022\/10\/TPolitanski.jpg","type":"","width":"","height":""}],"twitter_card":"summary_large_image","twitter_misc":{"Est. reading time":"2 minutes"},"schema":{"@context":"https:\/\/schema.org","@graph":[{"@type":"WebPage","@id":"https:\/\/pbd.pl\/en\/contact\/","url":"https:\/\/pbd.pl\/en\/contact\/","name":"Contact - Perform Brand Design","isPartOf":{"@id":"https:\/\/pbd.pl\/#website"},"primaryImageOfPage":{"@id":"https:\/\/pbd.pl\/en\/contact\/#primaryimage"},"image":{"@id":"https:\/\/pbd.pl\/en\/contact\/#primaryimage"},"thumbnailUrl":"https:\/\/pbd.pl\/wp-content\/uploads\/2022\/10\/TPolitanski.jpg","datePublished":"2022-06-29T15:51:31+00:00","dateModified":"2023-02-06T08:26:49+00:00","breadcrumb":{"@id":"https:\/\/pbd.pl\/en\/contact\/#breadcrumb"},"inLanguage":"en-US","potentialAction":[{"@type":"ReadAction","target":["https:\/\/pbd.pl\/en\/contact\/"]}]},{"@type":"ImageObject","inLanguage":"en-US","@id":"https:\/\/pbd.pl\/en\/contact\/#primaryimage","url":"https:\/\/pbd.pl\/wp-content\/uploads\/2022\/10\/TPolitanski.jpg","contentUrl":"https:\/\/pbd.pl\/wp-content\/uploads\/2022\/10\/TPolitanski.jpg"},{"@type":"BreadcrumbList","@id":"https:\/\/pbd.pl\/en\/contact\/#breadcrumb","itemListElement":[{"@type":"ListItem","position":1,"name":"Strona g\u0142\u00f3wna","item":"https:\/\/pbd.pl\/en\/"},{"@type":"ListItem","position":2,"name":"Contact"}]},{"@type":"WebSite","@id":"https:\/\/pbd.pl\/#website","url":"https:\/\/pbd.pl\/","name":"Perform Brand Design","description":"Zajmujemy zajmuje si\u0119 tworzeniem i budow\u0105 marek pod k\u0105tem strategicznym i kreatywnym.","publisher":{"@id":"https:\/\/pbd.pl\/#organization"},"potentialAction":[{"@type":"SearchAction","target":{"@type":"EntryPoint","urlTemplate":"https:\/\/pbd.pl\/?s={search_term_string}"},"query-input":{"@type":"PropertyValueSpecification","valueRequired":true,"valueName":"search_term_string"}}],"inLanguage":"en-US"},{"@type":"Organization","@id":"https:\/\/pbd.pl\/#organization","name":"Perform Brand Design","url":"https:\/\/pbd.pl\/","logo":{"@type":"ImageObject","inLanguage":"en-US","@id":"https:\/\/pbd.pl\/#\/schema\/logo\/image\/","url":"https:\/\/pbd.pl\/wp-content\/uploads\/2022\/08\/PBDsquare.jpg","contentUrl":"https:\/\/pbd.pl\/wp-content\/uploads\/2022\/08\/PBDsquare.jpg","width":1200,"height":1200,"caption":"Perform Brand Design"},"image":{"@id":"https:\/\/pbd.pl\/#\/schema\/logo\/image\/"},"sameAs":["https:\/\/facebook.com\/PerformBrandDesign\/","https:\/\/linkedin.com\/company\/performbranddesign\/","https:\/\/www.instagram.com\/pbd.pl\/"]}]}},"_links":{"self":[{"href":"https:\/\/pbd.pl\/en\/wp-json\/wp\/v2\/pages\/9379","targetHints":{"allow":["GET"]}}],"collection":[{"href":"https:\/\/pbd.pl\/en\/wp-json\/wp\/v2\/pages"}],"about":[{"href":"https:\/\/pbd.pl\/en\/wp-json\/wp\/v2\/types\/page"}],"author":[{"embeddable":true,"href":"https:\/\/pbd.pl\/en\/wp-json\/wp\/v2\/users\/1"}],"replies":[{"embeddable":true,"href":"https:\/\/pbd.pl\/en\/wp-json\/wp\/v2\/comments?post=9379"}],"version-history":[{"count":19,"href":"https:\/\/pbd.pl\/en\/wp-json\/wp\/v2\/pages\/9379\/revisions"}],"predecessor-version":[{"id":11340,"href":"https:\/\/pbd.pl\/en\/wp-json\/wp\/v2\/pages\/9379\/revisions\/11340"}],"wp:attachment":[{"href":"https:\/\/pbd.pl\/en\/wp-json\/wp\/v2\/media?parent=9379"}],"curies":[{"name":"wp","href":"https:\/\/api.w.org\/{rel}","templated":true}]}}